{"id":134244,"date":"2025-05-18T22:37:25","date_gmt":"2025-05-18T22:37:25","guid":{"rendered":"https:\/\/staging2.stylingagenten.com\/fi\/produkt\/abercrombie-fitch-authentic-woman-edp-100ml\/"},"modified":"2026-04-14T21:58:36","modified_gmt":"2026-04-14T21:58:36","slug":"abercrombie-fitch-authentic-woman-edp-100ml","status":"publish","type":"product","link":"https:\/\/stylingagenten.com\/fi\/tuote\/abercrombie-fitch-authentic-woman-edp-100ml\/","title":{"rendered":"Abercrombie &amp; Fitch Authentic Woman Edp 100ml"},"content":{"rendered":"<p>AUTHENTIC on yht\u00e4 aito, raikas ja yksinkertaisesti kaunis kuin kantajansa. Ensimm\u00e4inen vaikutelma on Schorilta, joka lopulta tuo h\u00e4nen luonnollisen aistillisuutensa esiin. ja j\u00e4tt\u00e4\u00e4 j\u00e4lkeens\u00e4 ikimuistoisen j\u00e4ljen. Kastetuore p\u00e4\u00e4ryn\u00e4 ja magnolian kukka muuttuvat magneettisiksi Ambrette fr&ouml;in hieman l\u00e4mmitt\u00e4v\u00e4ll\u00e4 vetovoimalla, joka paljastaa uusia osia h\u00e4nen iloisesta ja itsevarmasta persoonallisuudestaan. Ilmeik\u00e4s ja suoraviivainen, sek\u00e4 nuorille ett\u00e4 vanhoille, AUTHENTIC Abercrombie &amp; Fitch-nainen erottua joukosta olemalla oma itsens\u00e4.<\/p>\n<p>Yl\u00e4tuoksu: p\u00e4\u00e4ryn\u00e4, mandariini, punaiset viiniryp\u00e4leet.<br \/>Syd\u00e4ntuoksu: Magnolian kukka, Muguet-kukka, nektariini.<br \/>Pohjatuoksu: Ambrettefr&ouml;, Cedarwood&auml;, santelipuu&auml;.<\/p>\n","protected":false},"excerpt":{"rendered":"<p>AUTHENTIC on yht\u00e4 aito, raikas ja yksinkertaisesti kaunis kuin kantajansa. Ensimm\u00e4inen vaikutelma on Schorilta, joka lopulta tuo h\u00e4nen luonnollisen aistillisuutensa esiin. ja j\u00e4tt\u00e4\u00e4 j\u00e4lkeens\u00e4 ikimuistoisen j\u00e4ljen. Kastetuore p\u00e4\u00e4ryn\u00e4 ja magnolian kukka muuttuvat magneettisiksi Ambrette fr&ouml;in hieman l\u00e4mmitt\u00e4v\u00e4ll\u00e4 vetovoimalla, joka paljastaa uusia osia h\u00e4nen iloisesta ja itsevarmasta persoonallisuudestaan. Ilmeik\u00e4s ja suoraviivainen, sek\u00e4 nuorille ett\u00e4 vanhoille, AUTHENTIC [&hellip;]<\/p>\n","protected":false},"featured_media":134239,"comment_status":"open","ping_status":"closed","template":"","meta":{"_trash_the_other_posts":false},"product_brand":[],"product_cat":[999,706,735],"product_tag":[2323],"berocket_brand":[1278],"class_list":{"0":"post-134244","1":"product","2":"type-product","3":"status-publish","4":"has-post-thumbnail","6":"product_cat-kampanjatarjous-naiselle","7":"product_cat-naisten-eau-de-parfum","8":"product_cat-kampanjamme","9":"product_tag-abercrombie-fitch-authentic-woman-edp","10":"pa_brand-abercrombie-fitch","11":"pa_variantti-100ml","12":"berocket_brand-abercrombie-fitch","14":"first","15":"instock","16":"sale","17":"taxable","18":"shipping-taxable","19":"purchasable","20":"product-type-simple"},"_links":{"self":[{"href":"https:\/\/stylingagenten.com\/fi\/wp-json\/wp\/v2\/product\/134244","targetHints":{"allow":["GET"]}}],"collection":[{"href":"https:\/\/stylingagenten.com\/fi\/wp-json\/wp\/v2\/product"}],"about":[{"href":"https:\/\/stylingagenten.com\/fi\/wp-json\/wp\/v2\/types\/product"}],"replies":[{"embeddable":true,"href":"https:\/\/stylingagenten.com\/fi\/wp-json\/wp\/v2\/comments?post=134244"}],"version-history":[{"count":0,"href":"https:\/\/stylingagenten.com\/fi\/wp-json\/wp\/v2\/product\/134244\/revisions"}],"wp:featuredmedia":[{"embeddable":true,"href":"https:\/\/stylingagenten.com\/fi\/wp-json\/wp\/v2\/media\/134239"}],"wp:attachment":[{"href":"https:\/\/stylingagenten.com\/fi\/wp-json\/wp\/v2\/media?parent=134244"}],"wp:term":[{"taxonomy":"product_brand","embeddable":true,"href":"https:\/\/stylingagenten.com\/fi\/wp-json\/wp\/v2\/product_brand?post=134244"},{"taxonomy":"product_cat","embeddable":true,"href":"https:\/\/stylingagenten.com\/fi\/wp-json\/wp\/v2\/product_cat?post=134244"},{"taxonomy":"product_tag","embeddable":true,"href":"https:\/\/stylingagenten.com\/fi\/wp-json\/wp\/v2\/product_tag?post=134244"},{"taxonomy":"berocket_brand","embeddable":true,"href":"https:\/\/stylingagenten.com\/fi\/wp-json\/wp\/v2\/berocket_brand?post=134244"}],"curies":[{"name":"wp","href":"https:\/\/api.w.org\/{rel}","templated":true}]}}