{"id":134240,"date":"2025-05-18T22:37:24","date_gmt":"2025-05-18T22:37:24","guid":{"rendered":"https:\/\/staging2.stylingagenten.com\/fi\/produkt\/abercrombie-fitch-authentic-moment-woman-edp-100ml\/"},"modified":"2026-03-11T21:55:07","modified_gmt":"2026-03-11T21:55:07","slug":"abercrombie-fitch-authentic-moment-woman-edp-100ml","status":"publish","type":"product","link":"https:\/\/stylingagenten.com\/fi\/tuote\/abercrombie-fitch-authentic-moment-woman-edp-100ml\/","title":{"rendered":"Abercrombie &amp; Fitch Authentic Moment Woman Edp 100ml"},"content":{"rendered":"<p>Moderni, hedelm\u00e4inen ja viipyv\u00e4 tuoksu naisille. Authentic Moment yhdist\u00e4\u00e4 rakastetut kukkaiset ja hedelm\u00e4iset nuotit modernin kontrastin teksturoituihin puutuotteihin ja myskiin. Tuoksu avautuu punaisilla hedelmill\u00e4, mandariinilla ja raparperilla, jotka antavat virkist\u00e4v\u00e4n ensivaikutelman. Ruusun ja jasmiinin ter\u00e4lehdet ovat tuoksun ytimess\u00e4, ja ne s\u00e4teilev\u00e4t spontaanisuutta ja naisellisuutta. Hajuveden pohja koostuu setripuusta, patsulista, myskist\u00e4 ja nahasta, joka antaa kiehtovaa l\u00e4mp\u00f6\u00e4, joka viipyy.<\/p>\n<p>&#8211; Moderni, hedelm\u00e4inen ja puinen hajuvesi<br \/> &#8211; Spontaanille ja naiselliselle henkil\u00f6lle, joka pit\u00e4\u00e4 kontrasteista<br \/> &gt;- Sopii sek\u00e4 p\u00e4iv\u00e4- ett\u00e4 y\u00f6aikaan<\/p>\n<p>Alkutuoksu: Punaiset hedelm\u00e4t, mandariini ja raparperi<br \/>Syd\u00e4ntuoksu: Ruusun ja jasmiinin lehdet<br \/>Pohjatuoksu: Setripuu, patsuli, myski ja nahka<\/p>\n","protected":false},"excerpt":{"rendered":"<p>Moderni, hedelm\u00e4inen ja viipyv\u00e4 tuoksu naisille. Authentic Moment yhdist\u00e4\u00e4 rakastetut kukkaiset ja hedelm\u00e4iset nuotit modernin kontrastin teksturoituihin puutuotteihin ja myskiin. Tuoksu avautuu punaisilla hedelmill\u00e4, mandariinilla ja raparperilla, jotka antavat virkist\u00e4v\u00e4n ensivaikutelman. Ruusun ja jasmiinin ter\u00e4lehdet ovat tuoksun ytimess\u00e4, ja ne s\u00e4teilev\u00e4t spontaanisuutta ja naisellisuutta. Hajuveden pohja koostuu setripuusta, patsulista, myskist\u00e4 ja nahasta, joka antaa kiehtovaa [&hellip;]<\/p>\n","protected":false},"featured_media":134231,"comment_status":"open","ping_status":"closed","template":"","meta":{"_trash_the_other_posts":false},"product_brand":[],"product_cat":[999,706,735],"product_tag":[],"berocket_brand":[1278],"class_list":{"0":"post-134240","1":"product","2":"type-product","3":"status-publish","4":"has-post-thumbnail","6":"product_cat-kampanjatarjous-naiselle","7":"product_cat-naisten-eau-de-parfum","8":"product_cat-kampanjamme","9":"pa_brand-abercrombie-fitch","10":"berocket_brand-abercrombie-fitch","12":"first","13":"instock","14":"sale","15":"taxable","16":"shipping-taxable","17":"purchasable","18":"product-type-simple"},"_links":{"self":[{"href":"https:\/\/stylingagenten.com\/fi\/wp-json\/wp\/v2\/product\/134240","targetHints":{"allow":["GET"]}}],"collection":[{"href":"https:\/\/stylingagenten.com\/fi\/wp-json\/wp\/v2\/product"}],"about":[{"href":"https:\/\/stylingagenten.com\/fi\/wp-json\/wp\/v2\/types\/product"}],"replies":[{"embeddable":true,"href":"https:\/\/stylingagenten.com\/fi\/wp-json\/wp\/v2\/comments?post=134240"}],"version-history":[{"count":0,"href":"https:\/\/stylingagenten.com\/fi\/wp-json\/wp\/v2\/product\/134240\/revisions"}],"wp:featuredmedia":[{"embeddable":true,"href":"https:\/\/stylingagenten.com\/fi\/wp-json\/wp\/v2\/media\/134231"}],"wp:attachment":[{"href":"https:\/\/stylingagenten.com\/fi\/wp-json\/wp\/v2\/media?parent=134240"}],"wp:term":[{"taxonomy":"product_brand","embeddable":true,"href":"https:\/\/stylingagenten.com\/fi\/wp-json\/wp\/v2\/product_brand?post=134240"},{"taxonomy":"product_cat","embeddable":true,"href":"https:\/\/stylingagenten.com\/fi\/wp-json\/wp\/v2\/product_cat?post=134240"},{"taxonomy":"product_tag","embeddable":true,"href":"https:\/\/stylingagenten.com\/fi\/wp-json\/wp\/v2\/product_tag?post=134240"},{"taxonomy":"berocket_brand","embeddable":true,"href":"https:\/\/stylingagenten.com\/fi\/wp-json\/wp\/v2\/berocket_brand?post=134240"}],"curies":[{"name":"wp","href":"https:\/\/api.w.org\/{rel}","templated":true}]}}