{"id":134236,"date":"2025-05-18T22:37:23","date_gmt":"2025-05-18T22:37:23","guid":{"rendered":"https:\/\/staging2.stylingagenten.com\/fi\/produkt\/hollister-canyon-escape-for-her-edp-100ml\/"},"modified":"2026-03-26T18:23:41","modified_gmt":"2026-03-26T18:23:41","slug":"hollister-canyon-escape-for-her-edp-100ml","status":"publish","type":"product","link":"https:\/\/stylingagenten.com\/fi\/tuote\/hollister-canyon-escape-for-her-edp-100ml\/","title":{"rendered":"Hollister Canyon Escape For Her Edp 100ml"},"content":{"rendered":"<p>Hollister Canyon Escape for Her on ylt\u00e4kyll\u00e4inen kukkaistuoksu, joka on yht\u00e4 s\u00e4teilev\u00e4 ja huoleton kuin auringonlasku vuorten yli. Virkist\u00e4v\u00e4n veriappelsiinin, mandariinin ja kaktusveden r\u00e4j\u00e4hdys luo t\u00e4ydellisen taustan h\u00e4nen matkalleen. Syd\u00e4nnuotti tarjoaa p&aring; sekoitus appelsiininkukkaa, ruusua, iirist\u00e4 ja aurinkoa, joka tuo mieleen kalifornialaisen. Pohjatuoksu santelipuu, setripuu; ja myski j\u00e4tt\u00e4\u00e4 aurinkoa muistuttavan l\u00e4mm\u00f6n H\u00e4nen ihonsa.<\/p>\n<p>Omavaraiset Hollister-naiset tiet\u00e4v\u00e4t taidon nauttia seikkailunhaluisen retken j\u00e4nnityksest\u00e4. Kivimuodostelman inspiroima ainutlaatuinen muotoinen pullo tuo mieleen onnelliset muistot, jotka on luotu huoleton retki yst\u00e4vien kanssa. Vaalea puunv\u00e4rinen korkki ja hajuveden eloisa vaaleanpunainen v\u00e4ri antavat naisellisen vaikutelman. Kohokuvioitu Hollister-logo auttaa vahvistamaan t\u00e4t\u00e4 erikoistuoksua entisest\u00e4\u00e4n. , Orris Fusion<br \/>Perustuoksut: santelipuu, setripuu, myski<\/p>\n","protected":false},"excerpt":{"rendered":"<p>Hollister Canyon Escape for Her on ylt\u00e4kyll\u00e4inen kukkaistuoksu, joka on yht\u00e4 s\u00e4teilev\u00e4 ja huoleton kuin auringonlasku vuorten yli. Virkist\u00e4v\u00e4n veriappelsiinin, mandariinin ja kaktusveden r\u00e4j\u00e4hdys luo t\u00e4ydellisen taustan h\u00e4nen matkalleen. Syd\u00e4nnuotti tarjoaa p&aring; sekoitus appelsiininkukkaa, ruusua, iirist\u00e4 ja aurinkoa, joka tuo mieleen kalifornialaisen. Pohjatuoksu santelipuu, setripuu; ja myski j\u00e4tt\u00e4\u00e4 aurinkoa muistuttavan l\u00e4mm\u00f6n H\u00e4nen ihonsa. Omavaraiset Hollister-naiset [&hellip;]<\/p>\n","protected":false},"featured_media":134229,"comment_status":"open","ping_status":"closed","template":"","meta":{"_trash_the_other_posts":false},"product_brand":[],"product_cat":[999,1003,706,735],"product_tag":[2969],"berocket_brand":[1338],"class_list":{"0":"post-134236","1":"product","2":"type-product","3":"status-publish","4":"has-post-thumbnail","6":"product_cat-kampanjatarjous-naiselle","7":"product_cat-myydyimmat","8":"product_cat-naisten-eau-de-parfum","9":"product_cat-kampanjamme","10":"product_tag-hollister-canyon-escape-for-her-edp","11":"pa_brand-hollister","12":"pa_variantti-100ml","13":"berocket_brand-hollister","15":"first","16":"instock","17":"sale","18":"taxable","19":"shipping-taxable","20":"purchasable","21":"product-type-simple"},"_links":{"self":[{"href":"https:\/\/stylingagenten.com\/fi\/wp-json\/wp\/v2\/product\/134236","targetHints":{"allow":["GET"]}}],"collection":[{"href":"https:\/\/stylingagenten.com\/fi\/wp-json\/wp\/v2\/product"}],"about":[{"href":"https:\/\/stylingagenten.com\/fi\/wp-json\/wp\/v2\/types\/product"}],"replies":[{"embeddable":true,"href":"https:\/\/stylingagenten.com\/fi\/wp-json\/wp\/v2\/comments?post=134236"}],"version-history":[{"count":0,"href":"https:\/\/stylingagenten.com\/fi\/wp-json\/wp\/v2\/product\/134236\/revisions"}],"wp:featuredmedia":[{"embeddable":true,"href":"https:\/\/stylingagenten.com\/fi\/wp-json\/wp\/v2\/media\/134229"}],"wp:attachment":[{"href":"https:\/\/stylingagenten.com\/fi\/wp-json\/wp\/v2\/media?parent=134236"}],"wp:term":[{"taxonomy":"product_brand","embeddable":true,"href":"https:\/\/stylingagenten.com\/fi\/wp-json\/wp\/v2\/product_brand?post=134236"},{"taxonomy":"product_cat","embeddable":true,"href":"https:\/\/stylingagenten.com\/fi\/wp-json\/wp\/v2\/product_cat?post=134236"},{"taxonomy":"product_tag","embeddable":true,"href":"https:\/\/stylingagenten.com\/fi\/wp-json\/wp\/v2\/product_tag?post=134236"},{"taxonomy":"berocket_brand","embeddable":true,"href":"https:\/\/stylingagenten.com\/fi\/wp-json\/wp\/v2\/berocket_brand?post=134236"}],"curies":[{"name":"wp","href":"https:\/\/api.w.org\/{rel}","templated":true}]}}