{"id":134235,"date":"2025-05-18T22:37:23","date_gmt":"2025-05-18T22:37:23","guid":{"rendered":"https:\/\/staging2.stylingagenten.com\/fi\/produkt\/abercrombie-fitch-first-instinct-for-her-edp-100ml\/"},"modified":"2026-03-28T18:39:00","modified_gmt":"2026-03-28T18:39:00","slug":"abercrombie-fitch-first-instinct-for-her-edp-100ml","status":"publish","type":"product","link":"https:\/\/stylingagenten.com\/fi\/tuote\/abercrombie-fitch-first-instinct-for-her-edp-100ml\/","title":{"rendered":"Abercrombie &amp; Fitch First Instinct for Her Edp 100ml"},"content":{"rendered":"<p>Naisellinen, aistillinen ja hienostunut tuoksu. Kukkaiset magnolian tuoksut yhdistettyn\u00e4 happamaan greipin kuoreen tekev\u00e4t tuoksusta pehme\u00e4n ja naisellisen. Lumpe ja myski antavat tuoksulle j\u00e4nnitt\u00e4v\u00e4n syvyyden.<\/p>\n<p>Alkutuoksu: Magnolia, Greipin kuori, Passionfruit. Syd\u00e4ntuoksu: Appelsiininkukka, orkidea, lumpeen <br \/>Pohjatuoksu: meripihka, tonkapapu, myski.<\/p>\n","protected":false},"excerpt":{"rendered":"<p>Naisellinen, aistillinen ja hienostunut tuoksu. Kukkaiset magnolian tuoksut yhdistettyn\u00e4 happamaan greipin kuoreen tekev\u00e4t tuoksusta pehme\u00e4n ja naisellisen. Lumpe ja myski antavat tuoksulle j\u00e4nnitt\u00e4v\u00e4n syvyyden. Alkutuoksu: Magnolia, Greipin kuori, Passionfruit. Syd\u00e4ntuoksu: Appelsiininkukka, orkidea, lumpeen Pohjatuoksu: meripihka, tonkapapu, myski.<\/p>\n","protected":false},"featured_media":134226,"comment_status":"open","ping_status":"closed","template":"","meta":{"_trash_the_other_posts":false},"product_brand":[],"product_cat":[999,1003,706,735],"product_tag":[],"berocket_brand":[1278],"class_list":{"0":"post-134235","1":"product","2":"type-product","3":"status-publish","4":"has-post-thumbnail","6":"product_cat-kampanjatarjous-naiselle","7":"product_cat-myydyimmat","8":"product_cat-naisten-eau-de-parfum","9":"product_cat-kampanjamme","10":"pa_brand-abercrombie-fitch","11":"berocket_brand-abercrombie-fitch","13":"first","14":"outofstock","15":"sale","16":"taxable","17":"shipping-taxable","18":"purchasable","19":"product-type-simple"},"_links":{"self":[{"href":"https:\/\/stylingagenten.com\/fi\/wp-json\/wp\/v2\/product\/134235","targetHints":{"allow":["GET"]}}],"collection":[{"href":"https:\/\/stylingagenten.com\/fi\/wp-json\/wp\/v2\/product"}],"about":[{"href":"https:\/\/stylingagenten.com\/fi\/wp-json\/wp\/v2\/types\/product"}],"replies":[{"embeddable":true,"href":"https:\/\/stylingagenten.com\/fi\/wp-json\/wp\/v2\/comments?post=134235"}],"version-history":[{"count":0,"href":"https:\/\/stylingagenten.com\/fi\/wp-json\/wp\/v2\/product\/134235\/revisions"}],"wp:featuredmedia":[{"embeddable":true,"href":"https:\/\/stylingagenten.com\/fi\/wp-json\/wp\/v2\/media\/134226"}],"wp:attachment":[{"href":"https:\/\/stylingagenten.com\/fi\/wp-json\/wp\/v2\/media?parent=134235"}],"wp:term":[{"taxonomy":"product_brand","embeddable":true,"href":"https:\/\/stylingagenten.com\/fi\/wp-json\/wp\/v2\/product_brand?post=134235"},{"taxonomy":"product_cat","embeddable":true,"href":"https:\/\/stylingagenten.com\/fi\/wp-json\/wp\/v2\/product_cat?post=134235"},{"taxonomy":"product_tag","embeddable":true,"href":"https:\/\/stylingagenten.com\/fi\/wp-json\/wp\/v2\/product_tag?post=134235"},{"taxonomy":"berocket_brand","embeddable":true,"href":"https:\/\/stylingagenten.com\/fi\/wp-json\/wp\/v2\/berocket_brand?post=134235"}],"curies":[{"name":"wp","href":"https:\/\/api.w.org\/{rel}","templated":true}]}}