{"id":134227,"date":"2025-05-18T22:37:22","date_gmt":"2025-05-18T22:37:22","guid":{"rendered":"https:\/\/staging2.stylingagenten.com\/fi\/produkt\/elie-saab-le-parfum-essentiel-edp-30ml\/"},"modified":"2026-03-26T18:23:43","modified_gmt":"2026-03-26T18:23:43","slug":"elie-saab-le-parfum-essentiel-edp-30ml","status":"publish","type":"product","link":"https:\/\/stylingagenten.com\/fi\/tuote\/elie-saab-le-parfum-essentiel-edp-30ml\/","title":{"rendered":"Elie Saab Le Parfum Essentiel Edp 30ml"},"content":{"rendered":"<p>Le Parfum Essentiel &#8211; Elie Saabin v\u00e4ltt\u00e4m\u00e4t\u00f6n hajuvesi: kupliva mandariinin tuoksu, jota t\u00e4ydent\u00e4\u00e4 ymp\u00e4r\u00f6iv\u00e4 gardenia ja hienostuneita setrituoksuja. Elie Saab esittelee uuden version tunnustuoksusta naisille, jotka osaavat pit\u00e4\u00e4 asiat yksinkertaisina ja mutkattomana. Kaunis ja upea pakopaikka kaukana kaupungin ankarista \u00e4\u00e4nist\u00e4 ja valoista l\u00f6yt\u00e4\u00e4ksesi juuresi uudelleen. Sinun arvosi. Itse.<\/p>\n<p>Yl\u00e4tuoksu: Mandariiniesanssi, Appelsiinin kukka<br \/>Syd\u00e4ntuoksu: Gardenia<br \/>Pohjatuoksu: Setripuuesanssi, Patchouli<\/p>\n","protected":false},"excerpt":{"rendered":"<p>Le Parfum Essentiel &#8211; Elie Saabin v\u00e4ltt\u00e4m\u00e4t\u00f6n hajuvesi: kupliva mandariinin tuoksu, jota t\u00e4ydent\u00e4\u00e4 ymp\u00e4r\u00f6iv\u00e4 gardenia ja hienostuneita setrituoksuja. Elie Saab esittelee uuden version tunnustuoksusta naisille, jotka osaavat pit\u00e4\u00e4 asiat yksinkertaisina ja mutkattomana. Kaunis ja upea pakopaikka kaukana kaupungin ankarista \u00e4\u00e4nist\u00e4 ja valoista l\u00f6yt\u00e4\u00e4ksesi juuresi uudelleen. Sinun arvosi. Itse. Yl\u00e4tuoksu: Mandariiniesanssi, Appelsiinin kukkaSyd\u00e4ntuoksu: GardeniaPohjatuoksu: Setripuuesanssi, Patchouli<\/p>\n","protected":false},"featured_media":134218,"comment_status":"open","ping_status":"closed","template":"","meta":{"_trash_the_other_posts":false},"product_brand":[],"product_cat":[999,706,735],"product_tag":[2860],"berocket_brand":[1302],"class_list":{"0":"post-134227","1":"product","2":"type-product","3":"status-publish","4":"has-post-thumbnail","6":"product_cat-kampanjatarjous-naiselle","7":"product_cat-naisten-eau-de-parfum","8":"product_cat-kampanjamme","9":"product_tag-elie-saab-le-parfum-essentiel-edp","10":"pa_brand-elie-saab","11":"pa_variantti-30ml","12":"berocket_brand-elie-saab","14":"first","15":"instock","16":"sale","17":"taxable","18":"shipping-taxable","19":"purchasable","20":"product-type-simple"},"_links":{"self":[{"href":"https:\/\/stylingagenten.com\/fi\/wp-json\/wp\/v2\/product\/134227","targetHints":{"allow":["GET"]}}],"collection":[{"href":"https:\/\/stylingagenten.com\/fi\/wp-json\/wp\/v2\/product"}],"about":[{"href":"https:\/\/stylingagenten.com\/fi\/wp-json\/wp\/v2\/types\/product"}],"replies":[{"embeddable":true,"href":"https:\/\/stylingagenten.com\/fi\/wp-json\/wp\/v2\/comments?post=134227"}],"version-history":[{"count":0,"href":"https:\/\/stylingagenten.com\/fi\/wp-json\/wp\/v2\/product\/134227\/revisions"}],"wp:featuredmedia":[{"embeddable":true,"href":"https:\/\/stylingagenten.com\/fi\/wp-json\/wp\/v2\/media\/134218"}],"wp:attachment":[{"href":"https:\/\/stylingagenten.com\/fi\/wp-json\/wp\/v2\/media?parent=134227"}],"wp:term":[{"taxonomy":"product_brand","embeddable":true,"href":"https:\/\/stylingagenten.com\/fi\/wp-json\/wp\/v2\/product_brand?post=134227"},{"taxonomy":"product_cat","embeddable":true,"href":"https:\/\/stylingagenten.com\/fi\/wp-json\/wp\/v2\/product_cat?post=134227"},{"taxonomy":"product_tag","embeddable":true,"href":"https:\/\/stylingagenten.com\/fi\/wp-json\/wp\/v2\/product_tag?post=134227"},{"taxonomy":"berocket_brand","embeddable":true,"href":"https:\/\/stylingagenten.com\/fi\/wp-json\/wp\/v2\/berocket_brand?post=134227"}],"curies":[{"name":"wp","href":"https:\/\/api.w.org\/{rel}","templated":true}]}}