{"id":134202,"date":"2025-05-18T22:37:18","date_gmt":"2025-05-18T22:37:18","guid":{"rendered":"https:\/\/staging2.stylingagenten.com\/fi\/produkt\/hollister-festival-nite-for-her-edp-100ml\/"},"modified":"2026-03-29T10:58:29","modified_gmt":"2026-03-29T10:58:29","slug":"hollister-festival-nite-for-her-edp-100ml","status":"publish","type":"product","link":"https:\/\/stylingagenten.com\/fi\/tuote\/hollister-festival-nite-for-her-edp-100ml\/","title":{"rendered":"Hollister Festival Nite For Her Edp 100ml"},"content":{"rendered":"<p>Hollister Festival Nite esittelee s\u00e4hk\u00f6isi\u00e4 tuoksuja h\u00e4nelle &amp; h\u00e4nen. Kun aurinko laskee, energia nousee. Vilkas festivaaliilta musiikin ja neonvalojen kera saa yleis\u00f6n leijumaan euforisessa tunnelmassa. Maaginen tuoksupari, josta tulee yht\u00e4 kes\u00e4y\u00f6n kanssa, ilon ja l\u00e4mm\u00f6n tuoksu. Festival Nite for HER, hedelm\u00e4inen ja kukkiva tuoksu, joka v\u00e4risee l\u00e4mp\u00f6\u00e4 ja el\u00e4m\u00e4\u00e4. Ymp\u00e4r\u00f6im\u00e4 leikkis\u00e4 ja sensuelli pohja.<\/p>\n<p>Yl\u00e4tuoksu: kookos, vaaleanpunainen freesia, mandariini.<br \/>Syd\u00e4ntuoksu: Mustaherukka, omenankukka, tiikeriorkidea.<br \/>Pohjatuoksu: vanilja, vaahtokarkki, meripihka .<\/p>\n","protected":false},"excerpt":{"rendered":"<p>Hollister Festival Nite esittelee s\u00e4hk\u00f6isi\u00e4 tuoksuja h\u00e4nelle &amp; h\u00e4nen. Kun aurinko laskee, energia nousee. Vilkas festivaaliilta musiikin ja neonvalojen kera saa yleis\u00f6n leijumaan euforisessa tunnelmassa. Maaginen tuoksupari, josta tulee yht\u00e4 kes\u00e4y\u00f6n kanssa, ilon ja l\u00e4mm\u00f6n tuoksu. Festival Nite for HER, hedelm\u00e4inen ja kukkiva tuoksu, joka v\u00e4risee l\u00e4mp\u00f6\u00e4 ja el\u00e4m\u00e4\u00e4. Ymp\u00e4r\u00f6im\u00e4 leikkis\u00e4 ja sensuelli pohja. Yl\u00e4tuoksu: [&hellip;]<\/p>\n","protected":false},"featured_media":134193,"comment_status":"open","ping_status":"closed","template":"","meta":{"_trash_the_other_posts":false},"product_brand":[],"product_cat":[999,706,735],"product_tag":[],"berocket_brand":[1338],"class_list":{"0":"post-134202","1":"product","2":"type-product","3":"status-publish","4":"has-post-thumbnail","6":"product_cat-kampanjatarjous-naiselle","7":"product_cat-naisten-eau-de-parfum","8":"product_cat-kampanjamme","9":"pa_brand-hollister","10":"berocket_brand-hollister","12":"first","13":"instock","14":"sale","15":"taxable","16":"shipping-taxable","17":"purchasable","18":"product-type-simple"},"_links":{"self":[{"href":"https:\/\/stylingagenten.com\/fi\/wp-json\/wp\/v2\/product\/134202","targetHints":{"allow":["GET"]}}],"collection":[{"href":"https:\/\/stylingagenten.com\/fi\/wp-json\/wp\/v2\/product"}],"about":[{"href":"https:\/\/stylingagenten.com\/fi\/wp-json\/wp\/v2\/types\/product"}],"replies":[{"embeddable":true,"href":"https:\/\/stylingagenten.com\/fi\/wp-json\/wp\/v2\/comments?post=134202"}],"version-history":[{"count":0,"href":"https:\/\/stylingagenten.com\/fi\/wp-json\/wp\/v2\/product\/134202\/revisions"}],"wp:featuredmedia":[{"embeddable":true,"href":"https:\/\/stylingagenten.com\/fi\/wp-json\/wp\/v2\/media\/134193"}],"wp:attachment":[{"href":"https:\/\/stylingagenten.com\/fi\/wp-json\/wp\/v2\/media?parent=134202"}],"wp:term":[{"taxonomy":"product_brand","embeddable":true,"href":"https:\/\/stylingagenten.com\/fi\/wp-json\/wp\/v2\/product_brand?post=134202"},{"taxonomy":"product_cat","embeddable":true,"href":"https:\/\/stylingagenten.com\/fi\/wp-json\/wp\/v2\/product_cat?post=134202"},{"taxonomy":"product_tag","embeddable":true,"href":"https:\/\/stylingagenten.com\/fi\/wp-json\/wp\/v2\/product_tag?post=134202"},{"taxonomy":"berocket_brand","embeddable":true,"href":"https:\/\/stylingagenten.com\/fi\/wp-json\/wp\/v2\/berocket_brand?post=134202"}],"curies":[{"name":"wp","href":"https:\/\/api.w.org\/{rel}","templated":true}]}}