{"id":134201,"date":"2025-05-18T22:37:18","date_gmt":"2025-05-18T22:37:18","guid":{"rendered":"https:\/\/staging2.stylingagenten.com\/fi\/produkt\/juicy-couture-viva-la-juicy-noir-edp-50ml\/"},"modified":"2026-04-10T12:58:26","modified_gmt":"2026-04-10T12:58:26","slug":"juicy-couture-viva-la-juicy-noir-edp-50ml","status":"publish","type":"product","link":"https:\/\/stylingagenten.com\/fi\/tuote\/juicy-couture-viva-la-juicy-noir-edp-50ml\/","title":{"rendered":"Juicy Couture Viva La Juicy Noir Edp 50ml"},"content":{"rendered":"<p>Juicy Couture Viva La Juicy Noir Edp on synkk\u00e4 ja houkutteleva tulkinta myydyimm\u00e4st\u00e4 alkuper\u00e4isest\u00e4 Viva La Juicyst\u00e4. <\/p>\n<p>Tuoksutuoksu: mets\u00e4marjat, mandariini, mansikka, mesikastemeloni, gardenia, jasmiini, meripihka, karamelli, vanilja ja santelipuu.<\/p>\n","protected":false},"excerpt":{"rendered":"<p>Juicy Couture Viva La Juicy Noir Edp on synkk\u00e4 ja houkutteleva tulkinta myydyimm\u00e4st\u00e4 alkuper\u00e4isest\u00e4 Viva La Juicyst\u00e4. Tuoksutuoksu: mets\u00e4marjat, mandariini, mansikka, mesikastemeloni, gardenia, jasmiini, meripihka, karamelli, vanilja ja santelipuu.<\/p>\n","protected":false},"featured_media":134189,"comment_status":"open","ping_status":"closed","template":"","meta":{"_trash_the_other_posts":false},"product_brand":[],"product_cat":[918,999,706,735],"product_tag":[3092],"berocket_brand":[1067],"class_list":{"0":"post-134201","1":"product","2":"type-product","3":"status-publish","4":"has-post-thumbnail","6":"product_cat-juicy-couture-viva-la-juicy","7":"product_cat-kampanjatarjous-naiselle","8":"product_cat-naisten-eau-de-parfum","9":"product_cat-kampanjamme","10":"product_tag-juicy-couture-viva-la-juicy-noir-edp","11":"pa_brand-juicy-couture","12":"pa_variantti-50ml","13":"berocket_brand-juicy-couture","15":"first","16":"instock","17":"sale","18":"taxable","19":"shipping-taxable","20":"purchasable","21":"product-type-simple"},"_links":{"self":[{"href":"https:\/\/stylingagenten.com\/fi\/wp-json\/wp\/v2\/product\/134201","targetHints":{"allow":["GET"]}}],"collection":[{"href":"https:\/\/stylingagenten.com\/fi\/wp-json\/wp\/v2\/product"}],"about":[{"href":"https:\/\/stylingagenten.com\/fi\/wp-json\/wp\/v2\/types\/product"}],"replies":[{"embeddable":true,"href":"https:\/\/stylingagenten.com\/fi\/wp-json\/wp\/v2\/comments?post=134201"}],"version-history":[{"count":0,"href":"https:\/\/stylingagenten.com\/fi\/wp-json\/wp\/v2\/product\/134201\/revisions"}],"wp:featuredmedia":[{"embeddable":true,"href":"https:\/\/stylingagenten.com\/fi\/wp-json\/wp\/v2\/media\/134189"}],"wp:attachment":[{"href":"https:\/\/stylingagenten.com\/fi\/wp-json\/wp\/v2\/media?parent=134201"}],"wp:term":[{"taxonomy":"product_brand","embeddable":true,"href":"https:\/\/stylingagenten.com\/fi\/wp-json\/wp\/v2\/product_brand?post=134201"},{"taxonomy":"product_cat","embeddable":true,"href":"https:\/\/stylingagenten.com\/fi\/wp-json\/wp\/v2\/product_cat?post=134201"},{"taxonomy":"product_tag","embeddable":true,"href":"https:\/\/stylingagenten.com\/fi\/wp-json\/wp\/v2\/product_tag?post=134201"},{"taxonomy":"berocket_brand","embeddable":true,"href":"https:\/\/stylingagenten.com\/fi\/wp-json\/wp\/v2\/berocket_brand?post=134201"}],"curies":[{"name":"wp","href":"https:\/\/api.w.org\/{rel}","templated":true}]}}