{"id":134194,"date":"2025-05-18T22:37:17","date_gmt":"2025-05-18T22:37:17","guid":{"rendered":"https:\/\/staging2.stylingagenten.com\/fi\/produkt\/juicy-couture-i-am-juicy-couture-edp-30ml\/"},"modified":"2025-11-19T12:16:44","modified_gmt":"2025-11-19T12:16:44","slug":"juicy-couture-i-am-juicy-couture-edp-30ml","status":"publish","type":"product","link":"https:\/\/stylingagenten.com\/fi\/tuote\/juicy-couture-i-am-juicy-couture-edp-30ml\/","title":{"rendered":"Juicy Couture I am Juicy Couture Edp 30ml"},"content":{"rendered":"<p>Juicy Couture I Am Juicy Couture on rohkea ja viettelev\u00e4 tuoksu, joka avautuu yhdistelm\u00e4ll\u00e4 mehukkaita, kypsi\u00e4 hedelmi\u00e4. Tuoksu muuttuu hitaasti sekoitukseksi aistillista gardeniaa ja houkuttelevaa kashmirpuun tuoksua. <\/p>\n<p>Tuoksutuoksu: vadelma, greippi, passionhedelm\u00e4, gardenia, heliotrooppi, kaneliruusu, herne, myski, l\u00e4mmin puu &amp; ambra.<\/p>\n","protected":false},"excerpt":{"rendered":"<p>Juicy Couture I Am Juicy Couture on rohkea ja viettelev\u00e4 tuoksu, joka avautuu yhdistelm\u00e4ll\u00e4 mehukkaita, kypsi\u00e4 hedelmi\u00e4. Tuoksu muuttuu hitaasti sekoitukseksi aistillista gardeniaa ja houkuttelevaa kashmirpuun tuoksua. Tuoksutuoksu: vadelma, greippi, passionhedelm\u00e4, gardenia, heliotrooppi, kaneliruusu, herne, myski, l\u00e4mmin puu &amp; ambra.<\/p>\n","protected":false},"featured_media":134181,"comment_status":"open","ping_status":"closed","template":"","meta":{"_trash_the_other_posts":false},"product_brand":[],"product_cat":[916,706],"product_tag":[3083],"berocket_brand":[1067],"class_list":{"0":"post-134194","1":"product","2":"type-product","3":"status-publish","4":"has-post-thumbnail","6":"product_cat-juicy-couture-i-am-juicy","7":"product_cat-naisten-eau-de-parfum","8":"product_tag-juicy-couture-i-am-juicy-couture-edp","9":"pa_brand-juicy-couture","10":"pa_variantti-30ml","11":"berocket_brand-juicy-couture","13":"first","14":"outofstock","15":"sale","16":"taxable","17":"shipping-taxable","18":"purchasable","19":"product-type-simple"},"_links":{"self":[{"href":"https:\/\/stylingagenten.com\/fi\/wp-json\/wp\/v2\/product\/134194","targetHints":{"allow":["GET"]}}],"collection":[{"href":"https:\/\/stylingagenten.com\/fi\/wp-json\/wp\/v2\/product"}],"about":[{"href":"https:\/\/stylingagenten.com\/fi\/wp-json\/wp\/v2\/types\/product"}],"replies":[{"embeddable":true,"href":"https:\/\/stylingagenten.com\/fi\/wp-json\/wp\/v2\/comments?post=134194"}],"version-history":[{"count":0,"href":"https:\/\/stylingagenten.com\/fi\/wp-json\/wp\/v2\/product\/134194\/revisions"}],"wp:featuredmedia":[{"embeddable":true,"href":"https:\/\/stylingagenten.com\/fi\/wp-json\/wp\/v2\/media\/134181"}],"wp:attachment":[{"href":"https:\/\/stylingagenten.com\/fi\/wp-json\/wp\/v2\/media?parent=134194"}],"wp:term":[{"taxonomy":"product_brand","embeddable":true,"href":"https:\/\/stylingagenten.com\/fi\/wp-json\/wp\/v2\/product_brand?post=134194"},{"taxonomy":"product_cat","embeddable":true,"href":"https:\/\/stylingagenten.com\/fi\/wp-json\/wp\/v2\/product_cat?post=134194"},{"taxonomy":"product_tag","embeddable":true,"href":"https:\/\/stylingagenten.com\/fi\/wp-json\/wp\/v2\/product_tag?post=134194"},{"taxonomy":"berocket_brand","embeddable":true,"href":"https:\/\/stylingagenten.com\/fi\/wp-json\/wp\/v2\/berocket_brand?post=134194"}],"curies":[{"name":"wp","href":"https:\/\/api.w.org\/{rel}","templated":true}]}}