{"id":134123,"date":"2025-05-18T22:37:05","date_gmt":"2025-05-18T22:37:05","guid":{"rendered":"https:\/\/staging2.stylingagenten.com\/fi\/produkt\/gres-cabotine-edt-100ml\/"},"modified":"2026-04-10T07:08:51","modified_gmt":"2026-04-10T07:08:51","slug":"gres-cabotine-edt-100ml","status":"publish","type":"product","link":"https:\/\/stylingagenten.com\/fi\/tuote\/gres-cabotine-edt-100ml\/","title":{"rendered":"Gres Cabotine Edt 100ml"},"content":{"rendered":"<p>Cabotine, EdT by Parfums Gres on suosittu 90-luvun tuoksuklassikko, jota viettelev\u00e4n eleganssinsa ansiosta naiset ovat k\u00e4ytt\u00e4neet vuosikymmeni\u00e4. Tuoksu on ihanan kukkainen ja luonteeltaan kevyt. Tuoksuperhe &#8211; Kukkainen Alkutuoksu: Mustaherukan verso, p\u00e4\u00e4ryn\u00e4, luumu, appelsiininkukka, mandariini ja korianteri Syd\u00e4ntuoksu: ruusu, ylang-ylang, tuberoosi, inkiv\u00e4\u00e4rililja, hyasintti, heliotrooppi, freesia, orvokki ja iiris Pohjatuoksu: Setripuu, vanilja, tonkapapua, sivetti\u00f6ljy\u00e4, myski\u00e4 ja ambraa<\/p>\n","protected":false},"excerpt":{"rendered":"<p>Cabotine, EdT by Parfums Gres on suosittu 90-luvun tuoksuklassikko, jota viettelev\u00e4n eleganssinsa ansiosta naiset ovat k\u00e4ytt\u00e4neet vuosikymmeni\u00e4. Tuoksu on ihanan kukkainen ja luonteeltaan kevyt. Tuoksuperhe &#8211; Kukkainen Alkutuoksu: Mustaherukan verso, p\u00e4\u00e4ryn\u00e4, luumu, appelsiininkukka, mandariini ja korianteri Syd\u00e4ntuoksu: ruusu, ylang-ylang, tuberoosi, inkiv\u00e4\u00e4rililja, hyasintti, heliotrooppi, freesia, orvokki ja iiris Pohjatuoksu: Setripuu, vanilja, tonkapapua, sivetti\u00f6ljy\u00e4, myski\u00e4 ja ambraa<\/p>\n","protected":false},"featured_media":134122,"comment_status":"open","ping_status":"closed","template":"","meta":{"_trash_the_other_posts":false},"product_brand":[],"product_cat":[999,707,735],"product_tag":[],"berocket_brand":[1104],"class_list":{"0":"post-134123","1":"product","2":"type-product","3":"status-publish","4":"has-post-thumbnail","6":"product_cat-kampanjatarjous-naiselle","7":"product_cat-naisten-eau-de-toilette","8":"product_cat-kampanjamme","9":"pa_brand-parfums-gres","10":"berocket_brand-parfums-gres","12":"first","13":"instock","14":"sale","15":"taxable","16":"shipping-taxable","17":"purchasable","18":"product-type-simple"},"_links":{"self":[{"href":"https:\/\/stylingagenten.com\/fi\/wp-json\/wp\/v2\/product\/134123","targetHints":{"allow":["GET"]}}],"collection":[{"href":"https:\/\/stylingagenten.com\/fi\/wp-json\/wp\/v2\/product"}],"about":[{"href":"https:\/\/stylingagenten.com\/fi\/wp-json\/wp\/v2\/types\/product"}],"replies":[{"embeddable":true,"href":"https:\/\/stylingagenten.com\/fi\/wp-json\/wp\/v2\/comments?post=134123"}],"version-history":[{"count":0,"href":"https:\/\/stylingagenten.com\/fi\/wp-json\/wp\/v2\/product\/134123\/revisions"}],"wp:featuredmedia":[{"embeddable":true,"href":"https:\/\/stylingagenten.com\/fi\/wp-json\/wp\/v2\/media\/134122"}],"wp:attachment":[{"href":"https:\/\/stylingagenten.com\/fi\/wp-json\/wp\/v2\/media?parent=134123"}],"wp:term":[{"taxonomy":"product_brand","embeddable":true,"href":"https:\/\/stylingagenten.com\/fi\/wp-json\/wp\/v2\/product_brand?post=134123"},{"taxonomy":"product_cat","embeddable":true,"href":"https:\/\/stylingagenten.com\/fi\/wp-json\/wp\/v2\/product_cat?post=134123"},{"taxonomy":"product_tag","embeddable":true,"href":"https:\/\/stylingagenten.com\/fi\/wp-json\/wp\/v2\/product_tag?post=134123"},{"taxonomy":"berocket_brand","embeddable":true,"href":"https:\/\/stylingagenten.com\/fi\/wp-json\/wp\/v2\/berocket_brand?post=134123"}],"curies":[{"name":"wp","href":"https:\/\/api.w.org\/{rel}","templated":true}]}}