{"id":134121,"date":"2025-05-18T22:37:04","date_gmt":"2025-05-18T22:37:04","guid":{"rendered":"https:\/\/staging2.stylingagenten.com\/fi\/produkt\/azzaro-wanted-girl-tonic-edt-50ml\/"},"modified":"2026-03-26T18:23:39","modified_gmt":"2026-03-26T18:23:39","slug":"azzaro-wanted-girl-tonic-edt-50ml","status":"publish","type":"product","link":"https:\/\/stylingagenten.com\/fi\/tuote\/azzaro-wanted-girl-tonic-edt-50ml\/","title":{"rendered":"Azzaro Wanted Girl Tonic Edt 50ml"},"content":{"rendered":"<p>Azzaro on p\u00e4ivitt\u00e4nyt alkuper\u00e4ist\u00e4 Wanted Girl -tuoksuaan lis\u00e4\u00e4m\u00e4ll\u00e4 sen kukkarakenteeseen kimaltelevan, virkist\u00e4v\u00e4n s\u00e4vyn. Ihanteellinen tuoksu raikkaalle, itsevarmalle naiselle, joka uskaltaa rikkoa s\u00e4\u00e4nt\u00f6j\u00e4 tyylill\u00e4 ja rento ja hohdokas look. Alkutuoksu: Kiivi ja inkiv\u00e4\u00e4ri Syd\u00e4ntuoksu: Acai-marja ja Datura Pohjatuoksu: Bambu ja tonkapapu.<\/p>\n","protected":false},"excerpt":{"rendered":"<p>Azzaro on p\u00e4ivitt\u00e4nyt alkuper\u00e4ist\u00e4 Wanted Girl -tuoksuaan lis\u00e4\u00e4m\u00e4ll\u00e4 sen kukkarakenteeseen kimaltelevan, virkist\u00e4v\u00e4n s\u00e4vyn. Ihanteellinen tuoksu raikkaalle, itsevarmalle naiselle, joka uskaltaa rikkoa s\u00e4\u00e4nt\u00f6j\u00e4 tyylill\u00e4 ja rento ja hohdokas look. Alkutuoksu: Kiivi ja inkiv\u00e4\u00e4ri Syd\u00e4ntuoksu: Acai-marja ja Datura Pohjatuoksu: Bambu ja tonkapapu.<\/p>\n","protected":false},"featured_media":134114,"comment_status":"open","ping_status":"closed","template":"","meta":{"_trash_the_other_posts":false},"product_brand":[],"product_cat":[999,707,735],"product_tag":[2453],"berocket_brand":[1157],"class_list":{"0":"post-134121","1":"product","2":"type-product","3":"status-publish","4":"has-post-thumbnail","6":"product_cat-kampanjatarjous-naiselle","7":"product_cat-naisten-eau-de-toilette","8":"product_cat-kampanjamme","9":"product_tag-azzaro-wanted-girl-tonic-edt","10":"pa_brand-azzaro","11":"pa_variantti-50ml","12":"berocket_brand-azzaro","14":"first","15":"instock","16":"sale","17":"taxable","18":"shipping-taxable","19":"purchasable","20":"product-type-simple"},"_links":{"self":[{"href":"https:\/\/stylingagenten.com\/fi\/wp-json\/wp\/v2\/product\/134121","targetHints":{"allow":["GET"]}}],"collection":[{"href":"https:\/\/stylingagenten.com\/fi\/wp-json\/wp\/v2\/product"}],"about":[{"href":"https:\/\/stylingagenten.com\/fi\/wp-json\/wp\/v2\/types\/product"}],"replies":[{"embeddable":true,"href":"https:\/\/stylingagenten.com\/fi\/wp-json\/wp\/v2\/comments?post=134121"}],"version-history":[{"count":0,"href":"https:\/\/stylingagenten.com\/fi\/wp-json\/wp\/v2\/product\/134121\/revisions"}],"wp:featuredmedia":[{"embeddable":true,"href":"https:\/\/stylingagenten.com\/fi\/wp-json\/wp\/v2\/media\/134114"}],"wp:attachment":[{"href":"https:\/\/stylingagenten.com\/fi\/wp-json\/wp\/v2\/media?parent=134121"}],"wp:term":[{"taxonomy":"product_brand","embeddable":true,"href":"https:\/\/stylingagenten.com\/fi\/wp-json\/wp\/v2\/product_brand?post=134121"},{"taxonomy":"product_cat","embeddable":true,"href":"https:\/\/stylingagenten.com\/fi\/wp-json\/wp\/v2\/product_cat?post=134121"},{"taxonomy":"product_tag","embeddable":true,"href":"https:\/\/stylingagenten.com\/fi\/wp-json\/wp\/v2\/product_tag?post=134121"},{"taxonomy":"berocket_brand","embeddable":true,"href":"https:\/\/stylingagenten.com\/fi\/wp-json\/wp\/v2\/berocket_brand?post=134121"}],"curies":[{"name":"wp","href":"https:\/\/api.w.org\/{rel}","templated":true}]}}