{"id":134110,"date":"2025-05-18T22:37:03","date_gmt":"2025-05-18T22:37:03","guid":{"rendered":"https:\/\/staging2.stylingagenten.com\/fi\/produkt\/britney-spears-blissful-fantasy-edt-100ml\/"},"modified":"2026-04-06T23:18:37","modified_gmt":"2026-04-06T23:18:37","slug":"britney-spears-blissful-fantasy-edt-100ml","status":"publish","type":"product","link":"https:\/\/stylingagenten.com\/fi\/tuote\/britney-spears-blissful-fantasy-edt-100ml\/","title":{"rendered":"Britney Spears Blissful Fantasy Edt 100ml"},"content":{"rendered":"<p>L\u00f6yd\u00e4 toinen maaginen tuoksu Britney Spears Fantasy -tuoksusarjasta, ilahduttavan poreileva ja kohottava wc-vesi, joka on saanut inspiraationsa Britneyn ikuisesti aurinkoisesta tunnelmasta ja h\u00e4nen rakkaudestaan \u200b\u200btrooppisiin lomiin.<\/p>\n<p>Blissful Fantasy on hajupako &#8211; yksisuuntainen lippu paratiisiin, joka ei ole ainutlaatuinen paikka vaan mielentila. Miss\u00e4 voit tuntea t\u00e4ydellisen onnellisuuden ja rauhan &#8211; miss\u00e4 oletkin. Naisten hajuvesi kaikkiin tilaisuuksiin.<\/p>\n<p>Tuoksu on kevyt, puinen ja valkoinen kukkainen tuoksu, jossa yhdistyv\u00e4t liljan, mesikastemelonin ja valkoisen freesiakukan yl\u00e4tuoksut jasmiinin, tuberoosin ja tiare-kukan syd\u00e4mess\u00e4. Pohja sis\u00e4lt\u00e4\u00e4 viettelev\u00e4\u00e4 myski\u00e4, \u200b\u200bsantelipuuta ja orrisia.<\/p>\n<p>Tuoksuperhe: Woody-Floral<br \/>Alkutuoksu: Lilja, Mesikastemeloni, Freesia<br \/>Syd\u00e4ntuoksu: Jasmiini, Tuberoosi, Tiare-kukka<br \/>Pohjatuoksu tuoksut: Myski, santelipuu, orris<\/p>\n","protected":false},"excerpt":{"rendered":"<p>L\u00f6yd\u00e4 toinen maaginen tuoksu Britney Spears Fantasy -tuoksusarjasta, ilahduttavan poreileva ja kohottava wc-vesi, joka on saanut inspiraationsa Britneyn ikuisesti aurinkoisesta tunnelmasta ja h\u00e4nen rakkaudestaan \u200b\u200btrooppisiin lomiin. Blissful Fantasy on hajupako &#8211; yksisuuntainen lippu paratiisiin, joka ei ole ainutlaatuinen paikka vaan mielentila. Miss\u00e4 voit tuntea t\u00e4ydellisen onnellisuuden ja rauhan &#8211; miss\u00e4 oletkin. Naisten hajuvesi kaikkiin tilaisuuksiin. [&hellip;]<\/p>\n","protected":false},"featured_media":134104,"comment_status":"open","ping_status":"closed","template":"","meta":{"_trash_the_other_posts":false},"product_brand":[],"product_cat":[999,1003,707,735],"product_tag":[],"berocket_brand":[1031],"class_list":{"0":"post-134110","1":"product","2":"type-product","3":"status-publish","4":"has-post-thumbnail","6":"product_cat-kampanjatarjous-naiselle","7":"product_cat-myydyimmat","8":"product_cat-naisten-eau-de-toilette","9":"product_cat-kampanjamme","10":"pa_brand-britney-spears","11":"berocket_brand-britney-spears","13":"first","14":"instock","15":"sale","16":"taxable","17":"shipping-taxable","18":"purchasable","19":"product-type-simple"},"_links":{"self":[{"href":"https:\/\/stylingagenten.com\/fi\/wp-json\/wp\/v2\/product\/134110","targetHints":{"allow":["GET"]}}],"collection":[{"href":"https:\/\/stylingagenten.com\/fi\/wp-json\/wp\/v2\/product"}],"about":[{"href":"https:\/\/stylingagenten.com\/fi\/wp-json\/wp\/v2\/types\/product"}],"replies":[{"embeddable":true,"href":"https:\/\/stylingagenten.com\/fi\/wp-json\/wp\/v2\/comments?post=134110"}],"version-history":[{"count":0,"href":"https:\/\/stylingagenten.com\/fi\/wp-json\/wp\/v2\/product\/134110\/revisions"}],"wp:featuredmedia":[{"embeddable":true,"href":"https:\/\/stylingagenten.com\/fi\/wp-json\/wp\/v2\/media\/134104"}],"wp:attachment":[{"href":"https:\/\/stylingagenten.com\/fi\/wp-json\/wp\/v2\/media?parent=134110"}],"wp:term":[{"taxonomy":"product_brand","embeddable":true,"href":"https:\/\/stylingagenten.com\/fi\/wp-json\/wp\/v2\/product_brand?post=134110"},{"taxonomy":"product_cat","embeddable":true,"href":"https:\/\/stylingagenten.com\/fi\/wp-json\/wp\/v2\/product_cat?post=134110"},{"taxonomy":"product_tag","embeddable":true,"href":"https:\/\/stylingagenten.com\/fi\/wp-json\/wp\/v2\/product_tag?post=134110"},{"taxonomy":"berocket_brand","embeddable":true,"href":"https:\/\/stylingagenten.com\/fi\/wp-json\/wp\/v2\/berocket_brand?post=134110"}],"curies":[{"name":"wp","href":"https:\/\/api.w.org\/{rel}","templated":true}]}}