{"id":134096,"date":"2025-05-18T22:37:00","date_gmt":"2025-05-18T22:37:00","guid":{"rendered":"https:\/\/staging2.stylingagenten.com\/fi\/produkt\/guess-seductive-flirt-edt-75ml\/"},"modified":"2026-03-30T07:31:11","modified_gmt":"2026-03-30T07:31:11","slug":"guess-seductive-flirt-edt-75ml","status":"publish","type":"product","link":"https:\/\/stylingagenten.com\/fi\/tuote\/guess-seductive-flirt-edt-75ml\/","title":{"rendered":"Guess Seductive Flirt Edt 75ml"},"content":{"rendered":"<p>Guess Seductive Flirt on kukkainen, hedelm\u00e4inen tuoksu naisille.<br \/>Alkutuoksut: greippi, omena, mets\u00e4marjat. Syd\u00e4ntuoksu: Jasmiini, violetti, karhunvatukka. <br \/>Pohjatuoksu: sammal, setri, patsuli, myski.<\/p>\n","protected":false},"excerpt":{"rendered":"<p>Guess Seductive Flirt on kukkainen, hedelm\u00e4inen tuoksu naisille.Alkutuoksut: greippi, omena, mets\u00e4marjat. Syd\u00e4ntuoksu: Jasmiini, violetti, karhunvatukka. Pohjatuoksu: sammal, setri, patsuli, myski.<\/p>\n","protected":false},"featured_media":134088,"comment_status":"open","ping_status":"closed","template":"","meta":{"_trash_the_other_posts":false},"product_brand":[],"product_cat":[884,999,707,735],"product_tag":[],"berocket_brand":[1331],"class_list":{"0":"post-134096","1":"product","2":"type-product","3":"status-publish","4":"has-post-thumbnail","6":"product_cat-guess-seductive-women","7":"product_cat-kampanjatarjous-naiselle","8":"product_cat-naisten-eau-de-toilette","9":"product_cat-kampanjamme","10":"pa_brand-guess","11":"berocket_brand-guess","13":"first","14":"instock","15":"sale","16":"taxable","17":"shipping-taxable","18":"purchasable","19":"product-type-simple"},"_links":{"self":[{"href":"https:\/\/stylingagenten.com\/fi\/wp-json\/wp\/v2\/product\/134096","targetHints":{"allow":["GET"]}}],"collection":[{"href":"https:\/\/stylingagenten.com\/fi\/wp-json\/wp\/v2\/product"}],"about":[{"href":"https:\/\/stylingagenten.com\/fi\/wp-json\/wp\/v2\/types\/product"}],"replies":[{"embeddable":true,"href":"https:\/\/stylingagenten.com\/fi\/wp-json\/wp\/v2\/comments?post=134096"}],"version-history":[{"count":0,"href":"https:\/\/stylingagenten.com\/fi\/wp-json\/wp\/v2\/product\/134096\/revisions"}],"wp:featuredmedia":[{"embeddable":true,"href":"https:\/\/stylingagenten.com\/fi\/wp-json\/wp\/v2\/media\/134088"}],"wp:attachment":[{"href":"https:\/\/stylingagenten.com\/fi\/wp-json\/wp\/v2\/media?parent=134096"}],"wp:term":[{"taxonomy":"product_brand","embeddable":true,"href":"https:\/\/stylingagenten.com\/fi\/wp-json\/wp\/v2\/product_brand?post=134096"},{"taxonomy":"product_cat","embeddable":true,"href":"https:\/\/stylingagenten.com\/fi\/wp-json\/wp\/v2\/product_cat?post=134096"},{"taxonomy":"product_tag","embeddable":true,"href":"https:\/\/stylingagenten.com\/fi\/wp-json\/wp\/v2\/product_tag?post=134096"},{"taxonomy":"berocket_brand","embeddable":true,"href":"https:\/\/stylingagenten.com\/fi\/wp-json\/wp\/v2\/berocket_brand?post=134096"}],"curies":[{"name":"wp","href":"https:\/\/api.w.org\/{rel}","templated":true}]}}