{"id":134091,"date":"2025-05-18T22:36:59","date_gmt":"2025-05-18T22:36:59","guid":{"rendered":"https:\/\/staging2.stylingagenten.com\/fi\/produkt\/britney-spears-naked-fantasy-edt-100ml\/"},"modified":"2026-04-11T17:48:38","modified_gmt":"2026-04-11T17:48:38","slug":"britney-spears-naked-fantasy-edt-100ml","status":"publish","type":"product","link":"https:\/\/stylingagenten.com\/fi\/tuote\/britney-spears-naked-fantasy-edt-100ml\/","title":{"rendered":"Britney Spears Naked Fantasy Edt 100ml"},"content":{"rendered":"<p>Seksik\u00e4s ja kimalteleva Britney Spears Naked Fantasy Edt her\u00e4tt\u00e4\u00e4 alusvaatteiden aistillisen tunteen pehme\u00e4ll\u00e4, paljaalla iholla. Tuoksu alkaa vastustamattomalla tuoksulla mehukkaita sitrushedelmi\u00e4, mustaherukoita ja omenasiideria. Makeat tuoksut herkullisista aprikoosikakkuista, vaniljasta ja myskist\u00e4 j\u00e4tt\u00e4v\u00e4t kest\u00e4v\u00e4n pilven syv\u00e4\u00e4, koukuttavaa l\u00e4mp\u00f6\u00e4.<\/p>\n","protected":false},"excerpt":{"rendered":"<p>Seksik\u00e4s ja kimalteleva Britney Spears Naked Fantasy Edt her\u00e4tt\u00e4\u00e4 alusvaatteiden aistillisen tunteen pehme\u00e4ll\u00e4, paljaalla iholla. Tuoksu alkaa vastustamattomalla tuoksulla mehukkaita sitrushedelmi\u00e4, mustaherukoita ja omenasiideria. Makeat tuoksut herkullisista aprikoosikakkuista, vaniljasta ja myskist\u00e4 j\u00e4tt\u00e4v\u00e4t kest\u00e4v\u00e4n pilven syv\u00e4\u00e4, koukuttavaa l\u00e4mp\u00f6\u00e4.<\/p>\n","protected":false},"featured_media":134084,"comment_status":"open","ping_status":"closed","template":"","meta":{"_trash_the_other_posts":false},"product_brand":[],"product_cat":[1006,999,707,735],"product_tag":[],"berocket_brand":[1031],"class_list":{"0":"post-134091","1":"product","2":"type-product","3":"status-publish","4":"has-post-thumbnail","6":"product_cat-kampanjahinta","7":"product_cat-kampanjatarjous-naiselle","8":"product_cat-naisten-eau-de-toilette","9":"product_cat-kampanjamme","10":"pa_brand-britney-spears","11":"berocket_brand-britney-spears","13":"first","14":"instock","15":"sale","16":"taxable","17":"shipping-taxable","18":"purchasable","19":"product-type-simple"},"_links":{"self":[{"href":"https:\/\/stylingagenten.com\/fi\/wp-json\/wp\/v2\/product\/134091","targetHints":{"allow":["GET"]}}],"collection":[{"href":"https:\/\/stylingagenten.com\/fi\/wp-json\/wp\/v2\/product"}],"about":[{"href":"https:\/\/stylingagenten.com\/fi\/wp-json\/wp\/v2\/types\/product"}],"replies":[{"embeddable":true,"href":"https:\/\/stylingagenten.com\/fi\/wp-json\/wp\/v2\/comments?post=134091"}],"version-history":[{"count":0,"href":"https:\/\/stylingagenten.com\/fi\/wp-json\/wp\/v2\/product\/134091\/revisions"}],"wp:featuredmedia":[{"embeddable":true,"href":"https:\/\/stylingagenten.com\/fi\/wp-json\/wp\/v2\/media\/134084"}],"wp:attachment":[{"href":"https:\/\/stylingagenten.com\/fi\/wp-json\/wp\/v2\/media?parent=134091"}],"wp:term":[{"taxonomy":"product_brand","embeddable":true,"href":"https:\/\/stylingagenten.com\/fi\/wp-json\/wp\/v2\/product_brand?post=134091"},{"taxonomy":"product_cat","embeddable":true,"href":"https:\/\/stylingagenten.com\/fi\/wp-json\/wp\/v2\/product_cat?post=134091"},{"taxonomy":"product_tag","embeddable":true,"href":"https:\/\/stylingagenten.com\/fi\/wp-json\/wp\/v2\/product_tag?post=134091"},{"taxonomy":"berocket_brand","embeddable":true,"href":"https:\/\/stylingagenten.com\/fi\/wp-json\/wp\/v2\/berocket_brand?post=134091"}],"curies":[{"name":"wp","href":"https:\/\/api.w.org\/{rel}","templated":true}]}}