{"id":134052,"date":"2025-05-18T22:36:54","date_gmt":"2025-05-18T22:36:54","guid":{"rendered":"https:\/\/staging2.stylingagenten.com\/fi\/produkt\/yves-saint-laurent-black-opium-edp-30ml\/"},"modified":"2025-11-19T11:00:51","modified_gmt":"2025-11-19T11:00:51","slug":"yves-saint-laurent-black-opium-edp-30ml","status":"publish","type":"product","link":"https:\/\/stylingagenten.com\/fi\/tuote\/yves-saint-laurent-black-opium-edp-30ml\/","title":{"rendered":"Yves Saint Laurent Black Opium Edp 30ml"},"content":{"rendered":"<p>Yves Saint Laurent Black Opium on rock n `roll -tulkinta klassisesta Opium-tuoksusta, joka korostaa ikonisen br\u00e4ndin Yves Saint Laurentin salaper\u00e4ist\u00e4 ja pime\u00e4\u00e4 puolta. Koukuttava ja kukkainen tuoksu kahvin tuoksuilla, jotka lis\u00e4\u00e4v\u00e4t adrenaliinia, aistillisia jasmiinin kukkia ja makeaa, sensuellia vaniljaa.<\/p>\n<p><strong>Tuoksutuoksu:<\/strong> ruusu&eacute;pippuri, appelsiinin kukka, p\u00e4\u00e4ryn\u00e4pihlaja, kahvi, jasmiini , vanilja, setripuu&auml; &amp; patsuli.<\/p>\n","protected":false},"excerpt":{"rendered":"<p>Yves Saint Laurent Black Opium on rock n `roll -tulkinta klassisesta Opium-tuoksusta, joka korostaa ikonisen br\u00e4ndin Yves Saint Laurentin salaper\u00e4ist\u00e4 ja pime\u00e4\u00e4 puolta. Koukuttava ja kukkainen tuoksu kahvin tuoksuilla, jotka lis\u00e4\u00e4v\u00e4t adrenaliinia, aistillisia jasmiinin kukkia ja makeaa, sensuellia vaniljaa. Tuoksutuoksu: ruusu&eacute;pippuri, appelsiinin kukka, p\u00e4\u00e4ryn\u00e4pihlaja, kahvi, jasmiini , vanilja, setripuu&auml; &amp; patsuli.<\/p>\n","protected":false},"featured_media":134050,"comment_status":"open","ping_status":"closed","template":"","meta":{"_trash_the_other_posts":false},"product_brand":[],"product_cat":[1006,1003,706,717],"product_tag":[4118],"berocket_brand":[1119],"class_list":{"0":"post-134052","1":"product","2":"type-product","3":"status-publish","4":"has-post-thumbnail","6":"product_cat-kampanjahinta","7":"product_cat-myydyimmat","8":"product_cat-naisten-eau-de-parfum","9":"product_cat-virustuotteet","10":"product_tag-yves-saint-laurent-black-opium-edp","11":"pa_brand-yves-saint-laurent","12":"pa_variantti-30ml","13":"berocket_brand-yves-saint-laurent","15":"first","16":"outofstock","17":"sale","18":"taxable","19":"shipping-taxable","20":"purchasable","21":"product-type-simple"},"_links":{"self":[{"href":"https:\/\/stylingagenten.com\/fi\/wp-json\/wp\/v2\/product\/134052","targetHints":{"allow":["GET"]}}],"collection":[{"href":"https:\/\/stylingagenten.com\/fi\/wp-json\/wp\/v2\/product"}],"about":[{"href":"https:\/\/stylingagenten.com\/fi\/wp-json\/wp\/v2\/types\/product"}],"replies":[{"embeddable":true,"href":"https:\/\/stylingagenten.com\/fi\/wp-json\/wp\/v2\/comments?post=134052"}],"version-history":[{"count":0,"href":"https:\/\/stylingagenten.com\/fi\/wp-json\/wp\/v2\/product\/134052\/revisions"}],"wp:featuredmedia":[{"embeddable":true,"href":"https:\/\/stylingagenten.com\/fi\/wp-json\/wp\/v2\/media\/134050"}],"wp:attachment":[{"href":"https:\/\/stylingagenten.com\/fi\/wp-json\/wp\/v2\/media?parent=134052"}],"wp:term":[{"taxonomy":"product_brand","embeddable":true,"href":"https:\/\/stylingagenten.com\/fi\/wp-json\/wp\/v2\/product_brand?post=134052"},{"taxonomy":"product_cat","embeddable":true,"href":"https:\/\/stylingagenten.com\/fi\/wp-json\/wp\/v2\/product_cat?post=134052"},{"taxonomy":"product_tag","embeddable":true,"href":"https:\/\/stylingagenten.com\/fi\/wp-json\/wp\/v2\/product_tag?post=134052"},{"taxonomy":"berocket_brand","embeddable":true,"href":"https:\/\/stylingagenten.com\/fi\/wp-json\/wp\/v2\/berocket_brand?post=134052"}],"curies":[{"name":"wp","href":"https:\/\/api.w.org\/{rel}","templated":true}]}}