{"id":134026,"date":"2025-05-18T22:36:49","date_gmt":"2025-05-18T22:36:49","guid":{"rendered":"https:\/\/staging2.stylingagenten.com\/fi\/produkt\/moschino-cheap-and-chic-edt-30ml\/"},"modified":"2026-03-26T18:24:51","modified_gmt":"2026-03-26T18:24:51","slug":"moschino-cheap-and-chic-edt-30ml","status":"publish","type":"product","link":"https:\/\/stylingagenten.com\/fi\/tuote\/moschino-cheap-and-chic-edt-30ml\/","title":{"rendered":"Moschino Cheap And Chic Edt 30ml"},"content":{"rendered":"<p><span style='font-size:11.0pt;line-height:107%;font-family:\"Calibri\",sans-serif'>Moschino halpa ja tyylik\u00e4s&nbsp;<\/span><span style='font-size:11.0pt;line-height:107%;font-family:\"Calibri\",sans-serif;minor-latin'>on virkist\u00e4v\u00e4 ja kukkainen tuoksu, joka sopii k\u00e4ytett\u00e4v\u00e4ksi p\u00e4iv\u00e4ll\u00e4.<\/p>\n<p> b style=&#8221;mso-bidi-font-weight:normal;&#8221;&gt;Tuoksutuoksu:&nbsp;<\/b>petitgrain, bergamotti, kukat, hedelm\u00e4iset vivahteet, valkoinen orkidea&eacute;, santelipuu&auml; &amp; vaniljaa.<\/span><\/p>\n","protected":false},"excerpt":{"rendered":"<p>Moschino halpa ja tyylik\u00e4s&nbsp;on virkist\u00e4v\u00e4 ja kukkainen tuoksu, joka sopii k\u00e4ytett\u00e4v\u00e4ksi p\u00e4iv\u00e4ll\u00e4. b style=&#8221;mso-bidi-font-weight:normal;&#8221;&gt;Tuoksutuoksu:&nbsp;petitgrain, bergamotti, kukat, hedelm\u00e4iset vivahteet, valkoinen orkidea&eacute;, santelipuu&auml; &amp; vaniljaa.<\/p>\n","protected":false},"featured_media":134023,"comment_status":"open","ping_status":"closed","template":"","meta":{"_trash_the_other_posts":false},"product_brand":[],"product_cat":[1006,999,962,707,735],"product_tag":[3617],"berocket_brand":[1084],"class_list":{"0":"post-134026","1":"product","2":"type-product","3":"status-publish","4":"has-post-thumbnail","6":"product_cat-kampanjahinta","7":"product_cat-kampanjatarjous-naiselle","8":"product_cat-moschino-cheap-and-chic","9":"product_cat-naisten-eau-de-toilette","10":"product_cat-kampanjamme","11":"product_tag-moschino-cheap-and-chic-edt","12":"pa_brand-moschino","13":"pa_variantti-30ml","14":"berocket_brand-moschino","16":"first","17":"instock","18":"sale","19":"taxable","20":"shipping-taxable","21":"purchasable","22":"product-type-simple"},"_links":{"self":[{"href":"https:\/\/stylingagenten.com\/fi\/wp-json\/wp\/v2\/product\/134026","targetHints":{"allow":["GET"]}}],"collection":[{"href":"https:\/\/stylingagenten.com\/fi\/wp-json\/wp\/v2\/product"}],"about":[{"href":"https:\/\/stylingagenten.com\/fi\/wp-json\/wp\/v2\/types\/product"}],"replies":[{"embeddable":true,"href":"https:\/\/stylingagenten.com\/fi\/wp-json\/wp\/v2\/comments?post=134026"}],"version-history":[{"count":0,"href":"https:\/\/stylingagenten.com\/fi\/wp-json\/wp\/v2\/product\/134026\/revisions"}],"wp:featuredmedia":[{"embeddable":true,"href":"https:\/\/stylingagenten.com\/fi\/wp-json\/wp\/v2\/media\/134023"}],"wp:attachment":[{"href":"https:\/\/stylingagenten.com\/fi\/wp-json\/wp\/v2\/media?parent=134026"}],"wp:term":[{"taxonomy":"product_brand","embeddable":true,"href":"https:\/\/stylingagenten.com\/fi\/wp-json\/wp\/v2\/product_brand?post=134026"},{"taxonomy":"product_cat","embeddable":true,"href":"https:\/\/stylingagenten.com\/fi\/wp-json\/wp\/v2\/product_cat?post=134026"},{"taxonomy":"product_tag","embeddable":true,"href":"https:\/\/stylingagenten.com\/fi\/wp-json\/wp\/v2\/product_tag?post=134026"},{"taxonomy":"berocket_brand","embeddable":true,"href":"https:\/\/stylingagenten.com\/fi\/wp-json\/wp\/v2\/berocket_brand?post=134026"}],"curies":[{"name":"wp","href":"https:\/\/api.w.org\/{rel}","templated":true}]}}