{"id":134024,"date":"2025-05-18T22:36:49","date_gmt":"2025-05-18T22:36:49","guid":{"rendered":"https:\/\/staging2.stylingagenten.com\/fi\/produkt\/moschino-funny-edt-50ml\/"},"modified":"2026-04-10T19:58:40","modified_gmt":"2026-04-10T19:58:40","slug":"moschino-funny-edt-50ml","status":"publish","type":"product","link":"https:\/\/stylingagenten.com\/fi\/tuote\/moschino-funny-edt-50ml\/","title":{"rendered":"Moschino Funny Edt 50ml"},"content":{"rendered":"<p>Moschino Funny on hedelm\u00e4inen, raikas ja kukkainen tuoksu, jossa on selkeit\u00e4 sitrushedelmi\u00e4, jotka antavat sinulle energiaa ja kirkkaan, positiivisen ilmeen.<\/p>\n<p><strong>Tuoksutuoksu:<\/strong> karvas appelsiini, punaiset viiniryp\u00e4leet, ruusupippuri, jasmiini, vihre\u00e4 tee, pioni, orvokki, meripippuri, setri &amp; amp; oakmoss.<\/p>\n<p><span>&nbsp;<\/span><\/ p><\/p>\n","protected":false},"excerpt":{"rendered":"<p>Moschino Funny on hedelm\u00e4inen, raikas ja kukkainen tuoksu, jossa on selkeit\u00e4 sitrushedelmi\u00e4, jotka antavat sinulle energiaa ja kirkkaan, positiivisen ilmeen. Tuoksutuoksu: karvas appelsiini, punaiset viiniryp\u00e4leet, ruusupippuri, jasmiini, vihre\u00e4 tee, pioni, orvokki, meripippuri, setri &amp; amp; oakmoss. &nbsp;<\/p>\n","protected":false},"featured_media":134021,"comment_status":"open","ping_status":"closed","template":"","meta":{"_trash_the_other_posts":false},"product_brand":[],"product_cat":[999,707,735],"product_tag":[3621],"berocket_brand":[1084],"class_list":{"0":"post-134024","1":"product","2":"type-product","3":"status-publish","4":"has-post-thumbnail","6":"product_cat-kampanjatarjous-naiselle","7":"product_cat-naisten-eau-de-toilette","8":"product_cat-kampanjamme","9":"product_tag-moschino-funny-edt","10":"pa_brand-moschino","11":"pa_variantti-50ml","12":"berocket_brand-moschino","14":"first","15":"instock","16":"sale","17":"taxable","18":"shipping-taxable","19":"purchasable","20":"product-type-simple"},"_links":{"self":[{"href":"https:\/\/stylingagenten.com\/fi\/wp-json\/wp\/v2\/product\/134024","targetHints":{"allow":["GET"]}}],"collection":[{"href":"https:\/\/stylingagenten.com\/fi\/wp-json\/wp\/v2\/product"}],"about":[{"href":"https:\/\/stylingagenten.com\/fi\/wp-json\/wp\/v2\/types\/product"}],"replies":[{"embeddable":true,"href":"https:\/\/stylingagenten.com\/fi\/wp-json\/wp\/v2\/comments?post=134024"}],"version-history":[{"count":0,"href":"https:\/\/stylingagenten.com\/fi\/wp-json\/wp\/v2\/product\/134024\/revisions"}],"wp:featuredmedia":[{"embeddable":true,"href":"https:\/\/stylingagenten.com\/fi\/wp-json\/wp\/v2\/media\/134021"}],"wp:attachment":[{"href":"https:\/\/stylingagenten.com\/fi\/wp-json\/wp\/v2\/media?parent=134024"}],"wp:term":[{"taxonomy":"product_brand","embeddable":true,"href":"https:\/\/stylingagenten.com\/fi\/wp-json\/wp\/v2\/product_brand?post=134024"},{"taxonomy":"product_cat","embeddable":true,"href":"https:\/\/stylingagenten.com\/fi\/wp-json\/wp\/v2\/product_cat?post=134024"},{"taxonomy":"product_tag","embeddable":true,"href":"https:\/\/stylingagenten.com\/fi\/wp-json\/wp\/v2\/product_tag?post=134024"},{"taxonomy":"berocket_brand","embeddable":true,"href":"https:\/\/stylingagenten.com\/fi\/wp-json\/wp\/v2\/berocket_brand?post=134024"}],"curies":[{"name":"wp","href":"https:\/\/api.w.org\/{rel}","templated":true}]}}