{"id":134020,"date":"2025-05-18T22:36:48","date_gmt":"2025-05-18T22:36:48","guid":{"rendered":"https:\/\/staging2.stylingagenten.com\/fi\/produkt\/moschino-pink-bouquet-edt-100ml\/"},"modified":"2026-03-26T18:24:54","modified_gmt":"2026-03-26T18:24:54","slug":"moschino-pink-bouquet-edt-100ml","status":"publish","type":"product","link":"https:\/\/stylingagenten.com\/fi\/tuote\/moschino-pink-bouquet-edt-100ml\/","title":{"rendered":"Moschino Pink Bouquet Edt 100ml"},"content":{"rendered":"<p>Moschino Pink Bouquet on yll\u00e4tt\u00e4v\u00e4 ja leikkis\u00e4 tuoksu, joka muistuttaa nuoruuden eloisia ja huolettomia p\u00e4ivi\u00e4. Se on romanttisessa, pienen syd\u00e4men muotoisessa pullossa.<\/p>\n<p><strong>Tuoksutuoksu: <\/strong>ananassorbetti, bergamotti, vadelma, kielo, jasmiini, pioni, orvokki, myski, piparkakkua ja persikkaa.<\/p>\n","protected":false},"excerpt":{"rendered":"<p>Moschino Pink Bouquet on yll\u00e4tt\u00e4v\u00e4 ja leikkis\u00e4 tuoksu, joka muistuttaa nuoruuden eloisia ja huolettomia p\u00e4ivi\u00e4. Se on romanttisessa, pienen syd\u00e4men muotoisessa pullossa. Tuoksutuoksu: ananassorbetti, bergamotti, vadelma, kielo, jasmiini, pioni, orvokki, myski, piparkakkua ja persikkaa.<\/p>\n","protected":false},"featured_media":134018,"comment_status":"open","ping_status":"closed","template":"","meta":{"_trash_the_other_posts":false},"product_brand":[],"product_cat":[1006,999,963,707,735],"product_tag":[],"berocket_brand":[1084],"class_list":{"0":"post-134020","1":"product","2":"type-product","3":"status-publish","4":"has-post-thumbnail","6":"product_cat-kampanjahinta","7":"product_cat-kampanjatarjous-naiselle","8":"product_cat-moschino-pink-bouquet","9":"product_cat-naisten-eau-de-toilette","10":"product_cat-kampanjamme","11":"pa_brand-moschino","12":"berocket_brand-moschino","14":"first","15":"instock","16":"sale","17":"taxable","18":"shipping-taxable","19":"purchasable","20":"product-type-simple"},"_links":{"self":[{"href":"https:\/\/stylingagenten.com\/fi\/wp-json\/wp\/v2\/product\/134020","targetHints":{"allow":["GET"]}}],"collection":[{"href":"https:\/\/stylingagenten.com\/fi\/wp-json\/wp\/v2\/product"}],"about":[{"href":"https:\/\/stylingagenten.com\/fi\/wp-json\/wp\/v2\/types\/product"}],"replies":[{"embeddable":true,"href":"https:\/\/stylingagenten.com\/fi\/wp-json\/wp\/v2\/comments?post=134020"}],"version-history":[{"count":0,"href":"https:\/\/stylingagenten.com\/fi\/wp-json\/wp\/v2\/product\/134020\/revisions"}],"wp:featuredmedia":[{"embeddable":true,"href":"https:\/\/stylingagenten.com\/fi\/wp-json\/wp\/v2\/media\/134018"}],"wp:attachment":[{"href":"https:\/\/stylingagenten.com\/fi\/wp-json\/wp\/v2\/media?parent=134020"}],"wp:term":[{"taxonomy":"product_brand","embeddable":true,"href":"https:\/\/stylingagenten.com\/fi\/wp-json\/wp\/v2\/product_brand?post=134020"},{"taxonomy":"product_cat","embeddable":true,"href":"https:\/\/stylingagenten.com\/fi\/wp-json\/wp\/v2\/product_cat?post=134020"},{"taxonomy":"product_tag","embeddable":true,"href":"https:\/\/stylingagenten.com\/fi\/wp-json\/wp\/v2\/product_tag?post=134020"},{"taxonomy":"berocket_brand","embeddable":true,"href":"https:\/\/stylingagenten.com\/fi\/wp-json\/wp\/v2\/berocket_brand?post=134020"}],"curies":[{"name":"wp","href":"https:\/\/api.w.org\/{rel}","templated":true}]}}