{"id":134019,"date":"2025-05-18T22:36:48","date_gmt":"2025-05-18T22:36:48","guid":{"rendered":"https:\/\/staging2.stylingagenten.com\/fi\/produkt\/moschino-cheap-and-chic-chic-petals-edt-30ml\/"},"modified":"2025-11-19T11:02:40","modified_gmt":"2025-11-19T11:02:40","slug":"moschino-cheap-and-chic-chic-petals-edt-30ml","status":"publish","type":"product","link":"https:\/\/stylingagenten.com\/fi\/tuote\/moschino-cheap-and-chic-chic-petals-edt-30ml\/","title":{"rendered":"Moschino Cheap And Chic Chic Petals Edt 30ml"},"content":{"rendered":"<p>Moschino Cheap And Chic Chic Petals lanseerattiin vuonna 2013, ja se on kirkas kukkainen tuoksu hedelm\u00e4isell\u00e4 pohjas\u00e4vyll\u00e4. <\/p>\n<p><strong>Tuoksutuoksu: <\/strong>munkki, granaattiomena, punainen orkidea, punainen inkiv\u00e4\u00e4ri, gardenia, lumpeet, myski, hinokipuu ja italialainen iiris.<\/p>\n","protected":false},"excerpt":{"rendered":"<p>Moschino Cheap And Chic Chic Petals lanseerattiin vuonna 2013, ja se on kirkas kukkainen tuoksu hedelm\u00e4isell\u00e4 pohjas\u00e4vyll\u00e4. Tuoksutuoksu: munkki, granaattiomena, punainen orkidea, punainen inkiv\u00e4\u00e4ri, gardenia, lumpeet, myski, hinokipuu ja italialainen iiris.<\/p>\n","protected":false},"featured_media":134017,"comment_status":"open","ping_status":"closed","template":"","meta":{"_trash_the_other_posts":false},"product_brand":[],"product_cat":[962,707],"product_tag":[3616],"berocket_brand":[1084],"class_list":{"0":"post-134019","1":"product","2":"type-product","3":"status-publish","4":"has-post-thumbnail","6":"product_cat-moschino-cheap-and-chic","7":"product_cat-naisten-eau-de-toilette","8":"product_tag-moschino-cheap-and-chic-chic-petals-edt","9":"pa_brand-moschino","10":"pa_variantti-30ml","11":"berocket_brand-moschino","13":"first","14":"outofstock","15":"sale","16":"taxable","17":"shipping-taxable","18":"purchasable","19":"product-type-simple"},"_links":{"self":[{"href":"https:\/\/stylingagenten.com\/fi\/wp-json\/wp\/v2\/product\/134019","targetHints":{"allow":["GET"]}}],"collection":[{"href":"https:\/\/stylingagenten.com\/fi\/wp-json\/wp\/v2\/product"}],"about":[{"href":"https:\/\/stylingagenten.com\/fi\/wp-json\/wp\/v2\/types\/product"}],"replies":[{"embeddable":true,"href":"https:\/\/stylingagenten.com\/fi\/wp-json\/wp\/v2\/comments?post=134019"}],"version-history":[{"count":0,"href":"https:\/\/stylingagenten.com\/fi\/wp-json\/wp\/v2\/product\/134019\/revisions"}],"wp:featuredmedia":[{"embeddable":true,"href":"https:\/\/stylingagenten.com\/fi\/wp-json\/wp\/v2\/media\/134017"}],"wp:attachment":[{"href":"https:\/\/stylingagenten.com\/fi\/wp-json\/wp\/v2\/media?parent=134019"}],"wp:term":[{"taxonomy":"product_brand","embeddable":true,"href":"https:\/\/stylingagenten.com\/fi\/wp-json\/wp\/v2\/product_brand?post=134019"},{"taxonomy":"product_cat","embeddable":true,"href":"https:\/\/stylingagenten.com\/fi\/wp-json\/wp\/v2\/product_cat?post=134019"},{"taxonomy":"product_tag","embeddable":true,"href":"https:\/\/stylingagenten.com\/fi\/wp-json\/wp\/v2\/product_tag?post=134019"},{"taxonomy":"berocket_brand","embeddable":true,"href":"https:\/\/stylingagenten.com\/fi\/wp-json\/wp\/v2\/berocket_brand?post=134019"}],"curies":[{"name":"wp","href":"https:\/\/api.w.org\/{rel}","templated":true}]}}