{"id":134016,"date":"2025-05-18T22:36:47","date_gmt":"2025-05-18T22:36:47","guid":{"rendered":"https:\/\/staging2.stylingagenten.com\/fi\/produkt\/moschino-cheap-and-chic-i-love-love-edt-100ml\/"},"modified":"2026-03-23T14:27:31","modified_gmt":"2026-03-23T14:27:31","slug":"moschino-cheap-and-chic-i-love-love-edt-100ml","status":"publish","type":"product","link":"https:\/\/stylingagenten.com\/fi\/tuote\/moschino-cheap-and-chic-i-love-love-edt-100ml\/","title":{"rendered":"Moschino Cheap And Chic I Love Love Edt 100ml"},"content":{"rendered":"<p>Moschino Cheap And Chic I Love Love on v\u00e4rik\u00e4s, leikkis\u00e4 ja ilkikurinen tuoksu. Tutustu rakkauden tuoksuun, kuten italialainen muotisuunnittelija Moschino n\u00e4kee rakkauden.<\/p>\n<p><strong>Tuoksutuoksu:&nbsp;<\/strong>appelsiini, sitruuna, greippi, punaiset viiniryp\u00e4leet, kielo, ruusu, kanelinlehti , tanakapuu, myski &amp; setripuu&auml;.<\/p>\n","protected":false},"excerpt":{"rendered":"<p>Moschino Cheap And Chic I Love Love on v\u00e4rik\u00e4s, leikkis\u00e4 ja ilkikurinen tuoksu. Tutustu rakkauden tuoksuun, kuten italialainen muotisuunnittelija Moschino n\u00e4kee rakkauden. Tuoksutuoksu:&nbsp;appelsiini, sitruuna, greippi, punaiset viiniryp\u00e4leet, kielo, ruusu, kanelinlehti , tanakapuu, myski &amp; setripuu&auml;.<\/p>\n","protected":false},"featured_media":134013,"comment_status":"open","ping_status":"closed","template":"","meta":{"_trash_the_other_posts":false},"product_brand":[],"product_cat":[1006,999,962,1003,707,735],"product_tag":[3618],"berocket_brand":[1084],"class_list":{"0":"post-134016","1":"product","2":"type-product","3":"status-publish","4":"has-post-thumbnail","6":"product_cat-kampanjahinta","7":"product_cat-kampanjatarjous-naiselle","8":"product_cat-moschino-cheap-and-chic","9":"product_cat-myydyimmat","10":"product_cat-naisten-eau-de-toilette","11":"product_cat-kampanjamme","12":"product_tag-moschino-cheap-and-chic-i-love-love-edt","13":"pa_brand-moschino","14":"pa_variantti-100ml","15":"berocket_brand-moschino","17":"first","18":"outofstock","19":"sale","20":"taxable","21":"shipping-taxable","22":"purchasable","23":"product-type-simple"},"_links":{"self":[{"href":"https:\/\/stylingagenten.com\/fi\/wp-json\/wp\/v2\/product\/134016","targetHints":{"allow":["GET"]}}],"collection":[{"href":"https:\/\/stylingagenten.com\/fi\/wp-json\/wp\/v2\/product"}],"about":[{"href":"https:\/\/stylingagenten.com\/fi\/wp-json\/wp\/v2\/types\/product"}],"replies":[{"embeddable":true,"href":"https:\/\/stylingagenten.com\/fi\/wp-json\/wp\/v2\/comments?post=134016"}],"version-history":[{"count":0,"href":"https:\/\/stylingagenten.com\/fi\/wp-json\/wp\/v2\/product\/134016\/revisions"}],"wp:featuredmedia":[{"embeddable":true,"href":"https:\/\/stylingagenten.com\/fi\/wp-json\/wp\/v2\/media\/134013"}],"wp:attachment":[{"href":"https:\/\/stylingagenten.com\/fi\/wp-json\/wp\/v2\/media?parent=134016"}],"wp:term":[{"taxonomy":"product_brand","embeddable":true,"href":"https:\/\/stylingagenten.com\/fi\/wp-json\/wp\/v2\/product_brand?post=134016"},{"taxonomy":"product_cat","embeddable":true,"href":"https:\/\/stylingagenten.com\/fi\/wp-json\/wp\/v2\/product_cat?post=134016"},{"taxonomy":"product_tag","embeddable":true,"href":"https:\/\/stylingagenten.com\/fi\/wp-json\/wp\/v2\/product_tag?post=134016"},{"taxonomy":"berocket_brand","embeddable":true,"href":"https:\/\/stylingagenten.com\/fi\/wp-json\/wp\/v2\/berocket_brand?post=134016"}],"curies":[{"name":"wp","href":"https:\/\/api.w.org\/{rel}","templated":true}]}}