{"id":133996,"date":"2025-05-18T22:36:43","date_gmt":"2025-05-18T22:36:43","guid":{"rendered":"https:\/\/staging2.stylingagenten.com\/fi\/produkt\/marc-jacobs-daisy-love-edt-30ml\/"},"modified":"2026-03-24T18:57:25","modified_gmt":"2026-03-24T18:57:25","slug":"marc-jacobs-daisy-love-edt-30ml","status":"publish","type":"product","link":"https:\/\/stylingagenten.com\/fi\/tuote\/marc-jacobs-daisy-love-edt-30ml\/","title":{"rendered":"Marc Jacobs Daisy Love Edt 30ml"},"content":{"rendered":"<p>Marc Jacobs Daisy Love on koukuttava ja vastustamaton tuoksu, joka t\u00e4ytt\u00e4\u00e4 ilman tarttuvalla rakkaudella el\u00e4m\u00e4\u00e4n.<\/p>\n<p>T\u00e4m\u00e4 gourmand-s\u00e4teilev\u00e4 tuoksu paljastaa ensimm\u00e4iset nuotinsa makeiden herukoiden vilkkaassa r\u00e4j\u00e4hdyksess\u00e4. Herk\u00e4t p\u00e4iv\u00e4nkakkaran lehdet sekoittuvat kuohuviin kashmirmyskiin ja ajopuuhun luoden kest\u00e4v\u00e4n ja mieleenpainuvan gourmand-kierteen.<\/p>\n<p>Yl\u00e4tuoksu: hedelm\u00e4inen toppi kiteytyneill\u00e4 karviaismarjoilla<br \/>Syd\u00e4ntuoksu: Kukkasyd\u00e4n p\u00e4iv\u00e4nkakkaralla<br \/>Pohjatuoksu: Naisellinen. pohja kashmir myski\u00e4 ja ajopuuta<\/p>\n","protected":false},"excerpt":{"rendered":"<p>Marc Jacobs Daisy Love on koukuttava ja vastustamaton tuoksu, joka t\u00e4ytt\u00e4\u00e4 ilman tarttuvalla rakkaudella el\u00e4m\u00e4\u00e4n. T\u00e4m\u00e4 gourmand-s\u00e4teilev\u00e4 tuoksu paljastaa ensimm\u00e4iset nuotinsa makeiden herukoiden vilkkaassa r\u00e4j\u00e4hdyksess\u00e4. Herk\u00e4t p\u00e4iv\u00e4nkakkaran lehdet sekoittuvat kuohuviin kashmirmyskiin ja ajopuuhun luoden kest\u00e4v\u00e4n ja mieleenpainuvan gourmand-kierteen. Yl\u00e4tuoksu: hedelm\u00e4inen toppi kiteytyneill\u00e4 karviaismarjoillaSyd\u00e4ntuoksu: Kukkasyd\u00e4n p\u00e4iv\u00e4nkakkarallaPohjatuoksu: Naisellinen. pohja kashmir myski\u00e4 ja ajopuuta<\/p>\n","protected":false},"featured_media":133984,"comment_status":"open","ping_status":"closed","template":"","meta":{"_trash_the_other_posts":false},"product_brand":[],"product_cat":[1006,959,707],"product_tag":[3385],"berocket_brand":[1069],"class_list":{"0":"post-133996","1":"product","2":"type-product","3":"status-publish","4":"has-post-thumbnail","6":"product_cat-kampanjahinta","7":"product_cat-marc-jacobs-daisy","8":"product_cat-naisten-eau-de-toilette","9":"product_tag-marc-jacobs-daisy-love-edt","10":"pa_brand-marc-jacobs","11":"pa_variantti-30ml","12":"berocket_brand-marc-jacobs","14":"first","15":"outofstock","16":"sale","17":"taxable","18":"shipping-taxable","19":"purchasable","20":"product-type-simple"},"_links":{"self":[{"href":"https:\/\/stylingagenten.com\/fi\/wp-json\/wp\/v2\/product\/133996","targetHints":{"allow":["GET"]}}],"collection":[{"href":"https:\/\/stylingagenten.com\/fi\/wp-json\/wp\/v2\/product"}],"about":[{"href":"https:\/\/stylingagenten.com\/fi\/wp-json\/wp\/v2\/types\/product"}],"replies":[{"embeddable":true,"href":"https:\/\/stylingagenten.com\/fi\/wp-json\/wp\/v2\/comments?post=133996"}],"version-history":[{"count":0,"href":"https:\/\/stylingagenten.com\/fi\/wp-json\/wp\/v2\/product\/133996\/revisions"}],"wp:featuredmedia":[{"embeddable":true,"href":"https:\/\/stylingagenten.com\/fi\/wp-json\/wp\/v2\/media\/133984"}],"wp:attachment":[{"href":"https:\/\/stylingagenten.com\/fi\/wp-json\/wp\/v2\/media?parent=133996"}],"wp:term":[{"taxonomy":"product_brand","embeddable":true,"href":"https:\/\/stylingagenten.com\/fi\/wp-json\/wp\/v2\/product_brand?post=133996"},{"taxonomy":"product_cat","embeddable":true,"href":"https:\/\/stylingagenten.com\/fi\/wp-json\/wp\/v2\/product_cat?post=133996"},{"taxonomy":"product_tag","embeddable":true,"href":"https:\/\/stylingagenten.com\/fi\/wp-json\/wp\/v2\/product_tag?post=133996"},{"taxonomy":"berocket_brand","embeddable":true,"href":"https:\/\/stylingagenten.com\/fi\/wp-json\/wp\/v2\/berocket_brand?post=133996"}],"curies":[{"name":"wp","href":"https:\/\/api.w.org\/{rel}","templated":true}]}}