{"id":133995,"date":"2025-05-18T22:36:43","date_gmt":"2025-05-18T22:36:43","guid":{"rendered":"https:\/\/staging2.stylingagenten.com\/fi\/produkt\/moschino-pink-bouquet-edt-50ml\/"},"modified":"2026-03-11T21:49:10","modified_gmt":"2026-03-11T21:49:10","slug":"moschino-pink-bouquet-edt-50ml","status":"publish","type":"product","link":"https:\/\/stylingagenten.com\/fi\/tuote\/moschino-pink-bouquet-edt-50ml\/","title":{"rendered":"Moschino Pink Bouquet Edt 50ml"},"content":{"rendered":"<p>Moschino Pink Bouquet on yll\u00e4tt\u00e4v\u00e4 ja leikkis\u00e4 tuoksu, joka muistuttaa nuoruuden eloisia ja huolettomia p\u00e4ivi\u00e4. Se on romanttisessa, pienen syd\u00e4men muotoisessa pullossa.<\/p>\n<p><strong>Tuoksutuoksut:&nbsp;<\/strong>ananassorbetti, bergamotti, vadelma, kielo, jasmiini, pioninlehti, orvokki, myski , piparkakut &amp; persikka.<\/p>\n","protected":false},"excerpt":{"rendered":"<p>Moschino Pink Bouquet on yll\u00e4tt\u00e4v\u00e4 ja leikkis\u00e4 tuoksu, joka muistuttaa nuoruuden eloisia ja huolettomia p\u00e4ivi\u00e4. Se on romanttisessa, pienen syd\u00e4men muotoisessa pullossa. Tuoksutuoksut:&nbsp;ananassorbetti, bergamotti, vadelma, kielo, jasmiini, pioninlehti, orvokki, myski , piparkakut &amp; persikka.<\/p>\n","protected":false},"featured_media":133989,"comment_status":"open","ping_status":"closed","template":"","meta":{"_trash_the_other_posts":false},"product_brand":[],"product_cat":[1006,999,963,1003,707,735],"product_tag":[],"berocket_brand":[1084],"class_list":{"0":"post-133995","1":"product","2":"type-product","3":"status-publish","4":"has-post-thumbnail","6":"product_cat-kampanjahinta","7":"product_cat-kampanjatarjous-naiselle","8":"product_cat-moschino-pink-bouquet","9":"product_cat-myydyimmat","10":"product_cat-naisten-eau-de-toilette","11":"product_cat-kampanjamme","12":"pa_brand-moschino","13":"berocket_brand-moschino","15":"first","16":"instock","17":"sale","18":"taxable","19":"shipping-taxable","20":"purchasable","21":"product-type-simple"},"_links":{"self":[{"href":"https:\/\/stylingagenten.com\/fi\/wp-json\/wp\/v2\/product\/133995","targetHints":{"allow":["GET"]}}],"collection":[{"href":"https:\/\/stylingagenten.com\/fi\/wp-json\/wp\/v2\/product"}],"about":[{"href":"https:\/\/stylingagenten.com\/fi\/wp-json\/wp\/v2\/types\/product"}],"replies":[{"embeddable":true,"href":"https:\/\/stylingagenten.com\/fi\/wp-json\/wp\/v2\/comments?post=133995"}],"version-history":[{"count":0,"href":"https:\/\/stylingagenten.com\/fi\/wp-json\/wp\/v2\/product\/133995\/revisions"}],"wp:featuredmedia":[{"embeddable":true,"href":"https:\/\/stylingagenten.com\/fi\/wp-json\/wp\/v2\/media\/133989"}],"wp:attachment":[{"href":"https:\/\/stylingagenten.com\/fi\/wp-json\/wp\/v2\/media?parent=133995"}],"wp:term":[{"taxonomy":"product_brand","embeddable":true,"href":"https:\/\/stylingagenten.com\/fi\/wp-json\/wp\/v2\/product_brand?post=133995"},{"taxonomy":"product_cat","embeddable":true,"href":"https:\/\/stylingagenten.com\/fi\/wp-json\/wp\/v2\/product_cat?post=133995"},{"taxonomy":"product_tag","embeddable":true,"href":"https:\/\/stylingagenten.com\/fi\/wp-json\/wp\/v2\/product_tag?post=133995"},{"taxonomy":"berocket_brand","embeddable":true,"href":"https:\/\/stylingagenten.com\/fi\/wp-json\/wp\/v2\/berocket_brand?post=133995"}],"curies":[{"name":"wp","href":"https:\/\/api.w.org\/{rel}","templated":true}]}}