{"id":133962,"date":"2025-05-18T22:36:39","date_gmt":"2025-05-18T22:36:39","guid":{"rendered":"https:\/\/staging2.stylingagenten.com\/fi\/produkt\/burberry-touch-for-women-edp-100ml\/"},"modified":"2026-03-11T21:59:41","modified_gmt":"2026-03-11T21:59:41","slug":"burberry-touch-for-women-edp-100ml","status":"publish","type":"product","link":"https:\/\/stylingagenten.com\/fi\/tuote\/burberry-touch-for-women-edp-100ml\/","title":{"rendered":"Burberry Touch For Women Edp 100ml"},"content":{"rendered":"<p>Burberry Touch For Women on turvallinen veto raikkaalla, kevyell\u00e4 ja pehme\u00e4ll\u00e4 tuoksullaan. Hajuvesi rauhalliselle, yst\u00e4v\u00e4lliselle sielulle, joka haluaa hillitty\u00e4 ja terveellist\u00e4 mutta muuttuvaa; tyypillinen tuoksu joka p\u00e4iv\u00e4 k\u00e4ytett\u00e4v\u00e4ksi.<\/p>\n<p> <strong>Tuoksutuoksu:<\/strong> appelsiini, marja, kassiapuu, ruusu, vaaleanpunainen pippuri, karpalo, kielo, jasmiini, lilja, vadelma, y\u00f6hyasintti, persikka, pioni, vanilja, tonkapapu, setri &amp; amp; manteli.<\/p>\n<p><span>&nbsp;<\/span><\/p>\n","protected":false},"excerpt":{"rendered":"<p>Burberry Touch For Women on turvallinen veto raikkaalla, kevyell\u00e4 ja pehme\u00e4ll\u00e4 tuoksullaan. Hajuvesi rauhalliselle, yst\u00e4v\u00e4lliselle sielulle, joka haluaa hillitty\u00e4 ja terveellist\u00e4 mutta muuttuvaa; tyypillinen tuoksu joka p\u00e4iv\u00e4 k\u00e4ytett\u00e4v\u00e4ksi. Tuoksutuoksu: appelsiini, marja, kassiapuu, ruusu, vaaleanpunainen pippuri, karpalo, kielo, jasmiini, lilja, vadelma, y\u00f6hyasintti, persikka, pioni, vanilja, tonkapapu, setri &amp; amp; manteli. &nbsp;<\/p>\n","protected":false},"featured_media":133953,"comment_status":"open","ping_status":"closed","template":"","meta":{"_trash_the_other_posts":false},"product_brand":[],"product_cat":[780,1006,999,706,735],"product_tag":[2616],"berocket_brand":[1017],"class_list":{"0":"post-133962","1":"product","2":"type-product","3":"status-publish","4":"has-post-thumbnail","6":"product_cat-burberry-touch-for-women","7":"product_cat-kampanjahinta","8":"product_cat-kampanjatarjous-naiselle","9":"product_cat-naisten-eau-de-parfum","10":"product_cat-kampanjamme","11":"product_tag-burberry-touch-for-women-edp","12":"pa_brand-burberry","13":"pa_variantti-100ml","14":"berocket_brand-burberry","16":"first","17":"instock","18":"sale","19":"taxable","20":"shipping-taxable","21":"purchasable","22":"product-type-simple"},"_links":{"self":[{"href":"https:\/\/stylingagenten.com\/fi\/wp-json\/wp\/v2\/product\/133962","targetHints":{"allow":["GET"]}}],"collection":[{"href":"https:\/\/stylingagenten.com\/fi\/wp-json\/wp\/v2\/product"}],"about":[{"href":"https:\/\/stylingagenten.com\/fi\/wp-json\/wp\/v2\/types\/product"}],"replies":[{"embeddable":true,"href":"https:\/\/stylingagenten.com\/fi\/wp-json\/wp\/v2\/comments?post=133962"}],"version-history":[{"count":0,"href":"https:\/\/stylingagenten.com\/fi\/wp-json\/wp\/v2\/product\/133962\/revisions"}],"wp:featuredmedia":[{"embeddable":true,"href":"https:\/\/stylingagenten.com\/fi\/wp-json\/wp\/v2\/media\/133953"}],"wp:attachment":[{"href":"https:\/\/stylingagenten.com\/fi\/wp-json\/wp\/v2\/media?parent=133962"}],"wp:term":[{"taxonomy":"product_brand","embeddable":true,"href":"https:\/\/stylingagenten.com\/fi\/wp-json\/wp\/v2\/product_brand?post=133962"},{"taxonomy":"product_cat","embeddable":true,"href":"https:\/\/stylingagenten.com\/fi\/wp-json\/wp\/v2\/product_cat?post=133962"},{"taxonomy":"product_tag","embeddable":true,"href":"https:\/\/stylingagenten.com\/fi\/wp-json\/wp\/v2\/product_tag?post=133962"},{"taxonomy":"berocket_brand","embeddable":true,"href":"https:\/\/stylingagenten.com\/fi\/wp-json\/wp\/v2\/berocket_brand?post=133962"}],"curies":[{"name":"wp","href":"https:\/\/api.w.org\/{rel}","templated":true}]}}