{"id":133947,"date":"2025-05-18T22:36:36","date_gmt":"2025-05-18T22:36:36","guid":{"rendered":"https:\/\/staging2.stylingagenten.com\/fi\/produkt\/viktor-rolf-flowerbomb-edp-30ml\/"},"modified":"2026-03-23T14:59:25","modified_gmt":"2026-03-23T14:59:25","slug":"viktor-rolf-flowerbomb-edp-30ml","status":"publish","type":"product","link":"https:\/\/stylingagenten.com\/fi\/tuote\/viktor-rolf-flowerbomb-edp-30ml\/","title":{"rendered":"Viktor &amp; Rolf Flowerbomb Edp 30ml"},"content":{"rendered":"<p>Viktor &amp; Rolf Flowerbomb Edp on l\u00e4mmin ja romanttinen tuoksu aistillisella ja seksikk\u00e4\u00e4ll\u00e4 kukkaistuoksulla, joka sopii, kun haluat tuntea olosi erityiseksi tai haluat vaikuttaa ymp\u00e4rist\u00f6\u00f6si.<\/p>\n<p><strong>Tuoksua. :<\/strong> bergamotti, intialainen osmanthus, sambac jasmiini, cattleya orkidea, freesia, ruusut, myski ja patsuli.<\/p>\n","protected":false},"excerpt":{"rendered":"<p>Viktor &amp; Rolf Flowerbomb Edp on l\u00e4mmin ja romanttinen tuoksu aistillisella ja seksikk\u00e4\u00e4ll\u00e4 kukkaistuoksulla, joka sopii, kun haluat tuntea olosi erityiseksi tai haluat vaikuttaa ymp\u00e4rist\u00f6\u00f6si. Tuoksua. : bergamotti, intialainen osmanthus, sambac jasmiini, cattleya orkidea, freesia, ruusut, myski ja patsuli.<\/p>\n","protected":false},"featured_media":133943,"comment_status":"open","ping_status":"closed","template":"","meta":{"_trash_the_other_posts":false},"product_brand":[],"product_cat":[999,1003,706,735],"product_tag":[4059],"berocket_brand":[1997],"class_list":{"0":"post-133947","1":"product","2":"type-product","3":"status-publish","4":"has-post-thumbnail","6":"product_cat-kampanjatarjous-naiselle","7":"product_cat-myydyimmat","8":"product_cat-naisten-eau-de-parfum","9":"product_cat-kampanjamme","10":"product_tag-viktor-rolf-flowerbomb-edp","11":"pa_brand-viktorrolf","12":"pa_variantti-30ml","13":"berocket_brand-viktoramp","15":"first","16":"instock","17":"sale","18":"taxable","19":"shipping-taxable","20":"purchasable","21":"product-type-simple"},"_links":{"self":[{"href":"https:\/\/stylingagenten.com\/fi\/wp-json\/wp\/v2\/product\/133947","targetHints":{"allow":["GET"]}}],"collection":[{"href":"https:\/\/stylingagenten.com\/fi\/wp-json\/wp\/v2\/product"}],"about":[{"href":"https:\/\/stylingagenten.com\/fi\/wp-json\/wp\/v2\/types\/product"}],"replies":[{"embeddable":true,"href":"https:\/\/stylingagenten.com\/fi\/wp-json\/wp\/v2\/comments?post=133947"}],"version-history":[{"count":0,"href":"https:\/\/stylingagenten.com\/fi\/wp-json\/wp\/v2\/product\/133947\/revisions"}],"wp:featuredmedia":[{"embeddable":true,"href":"https:\/\/stylingagenten.com\/fi\/wp-json\/wp\/v2\/media\/133943"}],"wp:attachment":[{"href":"https:\/\/stylingagenten.com\/fi\/wp-json\/wp\/v2\/media?parent=133947"}],"wp:term":[{"taxonomy":"product_brand","embeddable":true,"href":"https:\/\/stylingagenten.com\/fi\/wp-json\/wp\/v2\/product_brand?post=133947"},{"taxonomy":"product_cat","embeddable":true,"href":"https:\/\/stylingagenten.com\/fi\/wp-json\/wp\/v2\/product_cat?post=133947"},{"taxonomy":"product_tag","embeddable":true,"href":"https:\/\/stylingagenten.com\/fi\/wp-json\/wp\/v2\/product_tag?post=133947"},{"taxonomy":"berocket_brand","embeddable":true,"href":"https:\/\/stylingagenten.com\/fi\/wp-json\/wp\/v2\/berocket_brand?post=133947"}],"curies":[{"name":"wp","href":"https:\/\/api.w.org\/{rel}","templated":true}]}}