{"id":133901,"date":"2025-05-18T22:36:28","date_gmt":"2025-05-18T22:36:28","guid":{"rendered":"https:\/\/staging2.stylingagenten.com\/fi\/produkt\/anna-sui-sky-edt-30ml\/"},"modified":"2025-11-19T12:30:57","modified_gmt":"2025-11-19T12:30:57","slug":"anna-sui-sky-edt-30ml","status":"publish","type":"product","link":"https:\/\/stylingagenten.com\/fi\/tuote\/anna-sui-sky-edt-30ml\/","title":{"rendered":"Anna Sui Sky Edt 30ml"},"content":{"rendered":"<p>Anna Sui Sky Edt 30ml<br \/>Sky by Anna Sui on kukkainen, hedelm\u00e4inen tuoksu naisille.<\/p>\n<p>Tuoksu sis\u00e4lt\u00e4\u00e4 p\u00e4\u00e4ryn\u00e4n, bergamotin, vaaleanpunaisen pippurin, lootuksen, kielo, ruusun, popcornin, vanilja ja myski.<\/p>\n","protected":false},"excerpt":{"rendered":"<p>Anna Sui Sky Edt 30mlSky by Anna Sui on kukkainen, hedelm\u00e4inen tuoksu naisille. Tuoksu sis\u00e4lt\u00e4\u00e4 p\u00e4\u00e4ryn\u00e4n, bergamotin, vaaleanpunaisen pippurin, lootuksen, kielo, ruusun, popcornin, vanilja ja myski.<\/p>\n","protected":false},"featured_media":133889,"comment_status":"open","ping_status":"closed","template":"","meta":{"_trash_the_other_posts":false},"product_brand":[],"product_cat":[1003,707,534],"product_tag":[2373],"berocket_brand":[1247],"class_list":{"0":"post-133901","1":"product","2":"type-product","3":"status-publish","4":"has-post-thumbnail","6":"product_cat-myydyimmat","7":"product_cat-naisten-eau-de-toilette","8":"product_cat-naisten-hajuvesi","9":"product_tag-anna-sui-sky-edt","10":"pa_brand-anna-sui","11":"pa_variantti-30ml","12":"berocket_brand-anna-sui","14":"first","15":"outofstock","16":"sale","17":"taxable","18":"shipping-taxable","19":"purchasable","20":"product-type-simple"},"_links":{"self":[{"href":"https:\/\/stylingagenten.com\/fi\/wp-json\/wp\/v2\/product\/133901","targetHints":{"allow":["GET"]}}],"collection":[{"href":"https:\/\/stylingagenten.com\/fi\/wp-json\/wp\/v2\/product"}],"about":[{"href":"https:\/\/stylingagenten.com\/fi\/wp-json\/wp\/v2\/types\/product"}],"replies":[{"embeddable":true,"href":"https:\/\/stylingagenten.com\/fi\/wp-json\/wp\/v2\/comments?post=133901"}],"version-history":[{"count":0,"href":"https:\/\/stylingagenten.com\/fi\/wp-json\/wp\/v2\/product\/133901\/revisions"}],"wp:featuredmedia":[{"embeddable":true,"href":"https:\/\/stylingagenten.com\/fi\/wp-json\/wp\/v2\/media\/133889"}],"wp:attachment":[{"href":"https:\/\/stylingagenten.com\/fi\/wp-json\/wp\/v2\/media?parent=133901"}],"wp:term":[{"taxonomy":"product_brand","embeddable":true,"href":"https:\/\/stylingagenten.com\/fi\/wp-json\/wp\/v2\/product_brand?post=133901"},{"taxonomy":"product_cat","embeddable":true,"href":"https:\/\/stylingagenten.com\/fi\/wp-json\/wp\/v2\/product_cat?post=133901"},{"taxonomy":"product_tag","embeddable":true,"href":"https:\/\/stylingagenten.com\/fi\/wp-json\/wp\/v2\/product_tag?post=133901"},{"taxonomy":"berocket_brand","embeddable":true,"href":"https:\/\/stylingagenten.com\/fi\/wp-json\/wp\/v2\/berocket_brand?post=133901"}],"curies":[{"name":"wp","href":"https:\/\/api.w.org\/{rel}","templated":true}]}}