{"id":133862,"date":"2025-05-18T22:36:21","date_gmt":"2025-05-18T22:36:21","guid":{"rendered":"https:\/\/staging2.stylingagenten.com\/fi\/produkt\/hugo-boss-the-scent-for-her-le-parfum-50-ml\/"},"modified":"2026-04-06T13:08:25","modified_gmt":"2026-04-06T13:08:25","slug":"hugo-boss-the-scent-for-her-le-parfum-50-ml","status":"publish","type":"product","link":"https:\/\/stylingagenten.com\/fi\/tuote\/hugo-boss-the-scent-for-her-le-parfum-50-ml\/","title":{"rendered":"Hugo Boss The Scent for Her Le Parfum 50 ml"},"content":{"rendered":"<p>Hugo Boss The Scent Le Parfum for Her 50 ml<br \/>Tunne BOSS The Scent Le Parfum for Her houkuttelevaisuus. T\u00e4m\u00e4 intensiivinen tulkinta ikonisesta BOSS The Scent -tuoksusta naisille her\u00e4tt\u00e4\u00e4 aistit appelsiininkukan ja vetiveria\u00f6ljyn vivahteilla, jotka antavat tuoksulle hypnoottisen vieh\u00e4tyksen. &#8211; Vaaleanpunaisen pippurin mausteiset yl\u00e4tuoksut kontrastivat kauniisti appelsiininkukan syd\u00e4mess\u00e4. L\u00e4mmin vetiveria\u00f6ljy sulautuu ilmavaan akigala-puuhun pohjatuoksessa vahvistaen tuoksun aistillisuutta. &#8211; Jalokiven muotoinen pullo on koristeltu luumunv\u00e4risell\u00e4 lakalla, ja kimaltelevassa korkissa on kaunis ruusukultanv\u00e4rinen viimeistely, joka viimeistelee tyylin. BOSS The Scent Le Parfum for Her on tummanluumun v\u00e4risess\u00e4 laatikossa &#8211; intensiivinen tuoksu, joka antaa viettelylle aivan uuden ulottuvuuden. &#8211; Tuoksuperhe: Ambery &#8211; Kukka &#8211; Puinen Syd\u00e4ntuoksu: Appelsiininkukka Pohjatuoksu: Vetiver, Akigalawood<\/p>\n","protected":false},"excerpt":{"rendered":"<p>Hugo Boss The Scent Le Parfum for Her 50 mlTunne BOSS The Scent Le Parfum for Her houkuttelevaisuus. T\u00e4m\u00e4 intensiivinen tulkinta ikonisesta BOSS The Scent -tuoksusta naisille her\u00e4tt\u00e4\u00e4 aistit appelsiininkukan ja vetiveria\u00f6ljyn vivahteilla, jotka antavat tuoksulle hypnoottisen vieh\u00e4tyksen. &#8211; Vaaleanpunaisen pippurin mausteiset yl\u00e4tuoksut kontrastivat kauniisti appelsiininkukan syd\u00e4mess\u00e4. L\u00e4mmin vetiveria\u00f6ljy sulautuu ilmavaan akigala-puuhun pohjatuoksessa vahvistaen tuoksun [&hellip;]<\/p>\n","protected":false},"featured_media":133853,"comment_status":"open","ping_status":"closed","template":"","meta":{"_trash_the_other_posts":false},"product_brand":[],"product_cat":[999,706,534,735],"product_tag":[],"berocket_brand":[1339],"class_list":{"0":"post-133862","1":"product","2":"type-product","3":"status-publish","4":"has-post-thumbnail","6":"product_cat-kampanjatarjous-naiselle","7":"product_cat-naisten-eau-de-parfum","8":"product_cat-naisten-hajuvesi","9":"product_cat-kampanjamme","10":"pa_brand-hugo-boss","11":"berocket_brand-hugo-boss","13":"first","14":"instock","15":"sale","16":"taxable","17":"shipping-taxable","18":"purchasable","19":"product-type-simple"},"_links":{"self":[{"href":"https:\/\/stylingagenten.com\/fi\/wp-json\/wp\/v2\/product\/133862","targetHints":{"allow":["GET"]}}],"collection":[{"href":"https:\/\/stylingagenten.com\/fi\/wp-json\/wp\/v2\/product"}],"about":[{"href":"https:\/\/stylingagenten.com\/fi\/wp-json\/wp\/v2\/types\/product"}],"replies":[{"embeddable":true,"href":"https:\/\/stylingagenten.com\/fi\/wp-json\/wp\/v2\/comments?post=133862"}],"version-history":[{"count":0,"href":"https:\/\/stylingagenten.com\/fi\/wp-json\/wp\/v2\/product\/133862\/revisions"}],"wp:featuredmedia":[{"embeddable":true,"href":"https:\/\/stylingagenten.com\/fi\/wp-json\/wp\/v2\/media\/133853"}],"wp:attachment":[{"href":"https:\/\/stylingagenten.com\/fi\/wp-json\/wp\/v2\/media?parent=133862"}],"wp:term":[{"taxonomy":"product_brand","embeddable":true,"href":"https:\/\/stylingagenten.com\/fi\/wp-json\/wp\/v2\/product_brand?post=133862"},{"taxonomy":"product_cat","embeddable":true,"href":"https:\/\/stylingagenten.com\/fi\/wp-json\/wp\/v2\/product_cat?post=133862"},{"taxonomy":"product_tag","embeddable":true,"href":"https:\/\/stylingagenten.com\/fi\/wp-json\/wp\/v2\/product_tag?post=133862"},{"taxonomy":"berocket_brand","embeddable":true,"href":"https:\/\/stylingagenten.com\/fi\/wp-json\/wp\/v2\/berocket_brand?post=133862"}],"curies":[{"name":"wp","href":"https:\/\/api.w.org\/{rel}","templated":true}]}}