{"id":133848,"date":"2025-05-18T22:36:20","date_gmt":"2025-05-18T22:36:20","guid":{"rendered":"https:\/\/staging2.stylingagenten.com\/fi\/produkt\/escada-show-me-love-edp-50ml\/"},"modified":"2026-03-11T21:57:47","modified_gmt":"2026-03-11T21:57:47","slug":"escada-show-me-love-edp-50ml","status":"publish","type":"product","link":"https:\/\/stylingagenten.com\/fi\/tuote\/escada-show-me-love-edp-50ml\/","title":{"rendered":"Escada Show Me Love Edp 50ml"},"content":{"rendered":"<p>Escada Show Me Love Edp 50 ml<br \/>Show Me Love Eau de Parfum on Escadan hajuvesi. Kaupungissa on uusi Broadway-suosikki, joka on valmis ottamaan valokeilan. T\u00e4n\u00e4 talvena Escada esittelee malliston uuden syd\u00e4men: Show Me Love on ensimm\u00e4inen Escada-hajuvesi, jonka avulla voit el\u00e4\u00e4 el\u00e4m\u00e4\u00e4 kuin t\u00e4hti.<br \/>Show Me Love on itsevarmalle naiselle tarkoitettu hajuvesi, joka s\u00e4teilee aistillisuutta ja intohimoa. el\u00e4m\u00e4\u00e4. Mustikan mehukkaat nuotit sekoittuvat aistilliseen jasmiiniin, ja mustikkamakaroonien upeat tuoksut t\u00e4ydent\u00e4v\u00e4t tuoksun ihastuttavalla makeudella. Show Me Love on vegaaninen kukkahajuvesi, joka heijastaa Escadan ty\u00f6t\u00e4 nykyaikaisten, yh\u00e4 ymp\u00e4rist\u00f6yst\u00e4v\u00e4llisempien tuoksujen kehitt\u00e4misess\u00e4. Kiilt\u00e4v\u00e4, syd\u00e4menmuotoinen pullo on p\u00e4\u00e4llystetty tummanpunaisella sametilla, joka tuo mieleen teatteriel\u00e4m\u00e4n. Naisten Escada-hajuvesi toimitetaan upeassa laatikossa, jossa sana &#8221;love&#8221; on painettu ikonisen Broadway-julisteen tavoin. Se on rohkea hajuvesi, joka saa sinulle ansaitsemasi huomion. Avaa esirippu ja astu lavalle kuin todellinen Broadway-t\u00e4hti.<\/p>\n","protected":false},"excerpt":{"rendered":"<p>Escada Show Me Love Edp 50 mlShow Me Love Eau de Parfum on Escadan hajuvesi. Kaupungissa on uusi Broadway-suosikki, joka on valmis ottamaan valokeilan. T\u00e4n\u00e4 talvena Escada esittelee malliston uuden syd\u00e4men: Show Me Love on ensimm\u00e4inen Escada-hajuvesi, jonka avulla voit el\u00e4\u00e4 el\u00e4m\u00e4\u00e4 kuin t\u00e4hti.Show Me Love on itsevarmalle naiselle tarkoitettu hajuvesi, joka s\u00e4teilee aistillisuutta ja [&hellip;]<\/p>\n","protected":false},"featured_media":133841,"comment_status":"open","ping_status":"closed","template":"","meta":{"_trash_the_other_posts":false},"product_brand":[],"product_cat":[999,706,735],"product_tag":[2894],"berocket_brand":[1306],"class_list":{"0":"post-133848","1":"product","2":"type-product","3":"status-publish","4":"has-post-thumbnail","6":"product_cat-kampanjatarjous-naiselle","7":"product_cat-naisten-eau-de-parfum","8":"product_cat-kampanjamme","9":"product_tag-escada-show-me-love-edp","10":"pa_brand-escada","11":"pa_variantti-50ml","12":"berocket_brand-escada","14":"first","15":"instock","16":"sale","17":"taxable","18":"shipping-taxable","19":"purchasable","20":"product-type-simple"},"_links":{"self":[{"href":"https:\/\/stylingagenten.com\/fi\/wp-json\/wp\/v2\/product\/133848","targetHints":{"allow":["GET"]}}],"collection":[{"href":"https:\/\/stylingagenten.com\/fi\/wp-json\/wp\/v2\/product"}],"about":[{"href":"https:\/\/stylingagenten.com\/fi\/wp-json\/wp\/v2\/types\/product"}],"replies":[{"embeddable":true,"href":"https:\/\/stylingagenten.com\/fi\/wp-json\/wp\/v2\/comments?post=133848"}],"version-history":[{"count":0,"href":"https:\/\/stylingagenten.com\/fi\/wp-json\/wp\/v2\/product\/133848\/revisions"}],"wp:featuredmedia":[{"embeddable":true,"href":"https:\/\/stylingagenten.com\/fi\/wp-json\/wp\/v2\/media\/133841"}],"wp:attachment":[{"href":"https:\/\/stylingagenten.com\/fi\/wp-json\/wp\/v2\/media?parent=133848"}],"wp:term":[{"taxonomy":"product_brand","embeddable":true,"href":"https:\/\/stylingagenten.com\/fi\/wp-json\/wp\/v2\/product_brand?post=133848"},{"taxonomy":"product_cat","embeddable":true,"href":"https:\/\/stylingagenten.com\/fi\/wp-json\/wp\/v2\/product_cat?post=133848"},{"taxonomy":"product_tag","embeddable":true,"href":"https:\/\/stylingagenten.com\/fi\/wp-json\/wp\/v2\/product_tag?post=133848"},{"taxonomy":"berocket_brand","embeddable":true,"href":"https:\/\/stylingagenten.com\/fi\/wp-json\/wp\/v2\/berocket_brand?post=133848"}],"curies":[{"name":"wp","href":"https:\/\/api.w.org\/{rel}","templated":true}]}}