{"id":133840,"date":"2025-05-18T22:36:17","date_gmt":"2025-05-18T22:36:17","guid":{"rendered":"https:\/\/staging2.stylingagenten.com\/fi\/produkt\/escada-show-me-love-edp-100ml\/"},"modified":"2026-03-11T22:00:08","modified_gmt":"2026-03-11T22:00:08","slug":"escada-show-me-love-edp-100ml","status":"publish","type":"product","link":"https:\/\/stylingagenten.com\/fi\/tuote\/escada-show-me-love-edp-100ml\/","title":{"rendered":"Escada Show Me Love Edp 100ml"},"content":{"rendered":"<p>Escada Show Me Love Edp 100 ml<br \/>Kaupungissa on uusi Broadway-suosikki, joka varastaa esityksen. T\u00e4n\u00e4 talvena ESCADA esittelee mallistoon uuden syd\u00e4men: Show Me Love on ensimm\u00e4inen Escada-hajuvesi, joka saa sinut el\u00e4m\u00e4\u00e4n el\u00e4m\u00e4\u00e4si kuin t\u00e4hti.<br \/>&#8211;<br \/>Show Me Love on parfyymi itsevarmalle naiselle, jolla on \u00e4\u00e4rimm\u00e4inen parfyymi. sekoitus aistillisuutta ja el\u00e4m\u00e4nhalua. Mustikan mehukkaat nuotit sekoittuvat aistilliseen jasmiiniin ja mustikkamacaronin hienot nuotit t\u00e4ydent\u00e4v\u00e4t tuoksun upealla makeudella. Show Me Love on vegaaninen kukkahajuvesi, joka heijastaa ESCADAn ajatusta nykyaikaisten tuoksujen luomisesta, jotka ovat yh\u00e4 ymp\u00e4rist\u00f6yst\u00e4v\u00e4llisempi\u00e4.<\/p>\n","protected":false},"excerpt":{"rendered":"<p>Escada Show Me Love Edp 100 mlKaupungissa on uusi Broadway-suosikki, joka varastaa esityksen. T\u00e4n\u00e4 talvena ESCADA esittelee mallistoon uuden syd\u00e4men: Show Me Love on ensimm\u00e4inen Escada-hajuvesi, joka saa sinut el\u00e4m\u00e4\u00e4n el\u00e4m\u00e4\u00e4si kuin t\u00e4hti.&#8211;Show Me Love on parfyymi itsevarmalle naiselle, jolla on \u00e4\u00e4rimm\u00e4inen parfyymi. sekoitus aistillisuutta ja el\u00e4m\u00e4nhalua. Mustikan mehukkaat nuotit sekoittuvat aistilliseen jasmiiniin ja mustikkamacaronin [&hellip;]<\/p>\n","protected":false},"featured_media":133831,"comment_status":"open","ping_status":"closed","template":"","meta":{"_trash_the_other_posts":false},"product_brand":[],"product_cat":[999,534,735],"product_tag":[2894],"berocket_brand":[1306],"class_list":{"0":"post-133840","1":"product","2":"type-product","3":"status-publish","4":"has-post-thumbnail","6":"product_cat-kampanjatarjous-naiselle","7":"product_cat-naisten-hajuvesi","8":"product_cat-kampanjamme","9":"product_tag-escada-show-me-love-edp","10":"pa_brand-escada","11":"pa_variantti-100ml","12":"berocket_brand-escada","14":"first","15":"instock","16":"sale","17":"taxable","18":"shipping-taxable","19":"purchasable","20":"product-type-simple"},"_links":{"self":[{"href":"https:\/\/stylingagenten.com\/fi\/wp-json\/wp\/v2\/product\/133840","targetHints":{"allow":["GET"]}}],"collection":[{"href":"https:\/\/stylingagenten.com\/fi\/wp-json\/wp\/v2\/product"}],"about":[{"href":"https:\/\/stylingagenten.com\/fi\/wp-json\/wp\/v2\/types\/product"}],"replies":[{"embeddable":true,"href":"https:\/\/stylingagenten.com\/fi\/wp-json\/wp\/v2\/comments?post=133840"}],"version-history":[{"count":0,"href":"https:\/\/stylingagenten.com\/fi\/wp-json\/wp\/v2\/product\/133840\/revisions"}],"wp:featuredmedia":[{"embeddable":true,"href":"https:\/\/stylingagenten.com\/fi\/wp-json\/wp\/v2\/media\/133831"}],"wp:attachment":[{"href":"https:\/\/stylingagenten.com\/fi\/wp-json\/wp\/v2\/media?parent=133840"}],"wp:term":[{"taxonomy":"product_brand","embeddable":true,"href":"https:\/\/stylingagenten.com\/fi\/wp-json\/wp\/v2\/product_brand?post=133840"},{"taxonomy":"product_cat","embeddable":true,"href":"https:\/\/stylingagenten.com\/fi\/wp-json\/wp\/v2\/product_cat?post=133840"},{"taxonomy":"product_tag","embeddable":true,"href":"https:\/\/stylingagenten.com\/fi\/wp-json\/wp\/v2\/product_tag?post=133840"},{"taxonomy":"berocket_brand","embeddable":true,"href":"https:\/\/stylingagenten.com\/fi\/wp-json\/wp\/v2\/berocket_brand?post=133840"}],"curies":[{"name":"wp","href":"https:\/\/api.w.org\/{rel}","templated":true}]}}