{"id":133836,"date":"2025-05-18T22:36:16","date_gmt":"2025-05-18T22:36:16","guid":{"rendered":"https:\/\/staging2.stylingagenten.com\/fi\/produkt\/armani-my-way-edp-15ml\/"},"modified":"2025-11-19T12:35:00","modified_gmt":"2025-11-19T12:35:00","slug":"armani-my-way-edp-15ml","status":"publish","type":"product","link":"https:\/\/stylingagenten.com\/fi\/tuote\/armani-my-way-edp-15ml\/","title":{"rendered":"Armani My Way Edp 15ml"},"content":{"rendered":"<p>My Way on l\u00f6yt\u00f6jen ja yhteyden tuoksu ennakkoluuloiselle, uteliaalle ja aidolle naiselle, joka on valmis uusiin n\u00e4k\u00f6kulmiin ja tapaamisiin ihmisten kanssa ymp\u00e4ri maailmaa. T\u00e4m\u00e4 naisellinen tuoksu koostuu kest\u00e4v\u00e4sti tuotetuista ainesosista. Italialainen bergamotti kohtaa egyptil\u00e4isen appelsiininkukan tuoksun ylenpalttisessa avauksessa. Syd\u00e4n koostuu kirkkaasta, kirkkaasta kukkakimpusta tuberoosia ja jasmiinia Intiasta. Tuoksua t\u00e4ydent\u00e4v\u00e4t virginialaisen setripuun s\u00e4vyt sek\u00e4 Madagaskarin aistillinen vanilja ja valkoinen myski.<\/p>\n","protected":false},"excerpt":{"rendered":"<p>My Way on l\u00f6yt\u00f6jen ja yhteyden tuoksu ennakkoluuloiselle, uteliaalle ja aidolle naiselle, joka on valmis uusiin n\u00e4k\u00f6kulmiin ja tapaamisiin ihmisten kanssa ymp\u00e4ri maailmaa. T\u00e4m\u00e4 naisellinen tuoksu koostuu kest\u00e4v\u00e4sti tuotetuista ainesosista. Italialainen bergamotti kohtaa egyptil\u00e4isen appelsiininkukan tuoksun ylenpalttisessa avauksessa. Syd\u00e4n koostuu kirkkaasta, kirkkaasta kukkakimpusta tuberoosia ja jasmiinia Intiasta. Tuoksua t\u00e4ydent\u00e4v\u00e4t virginialaisen setripuun s\u00e4vyt sek\u00e4 Madagaskarin aistillinen [&hellip;]<\/p>\n","protected":false},"featured_media":133823,"comment_status":"open","ping_status":"closed","template":"","meta":{"_trash_the_other_posts":false},"product_brand":[],"product_cat":[706,534],"product_tag":[],"berocket_brand":[1038],"class_list":{"0":"post-133836","1":"product","2":"type-product","3":"status-publish","4":"has-post-thumbnail","6":"product_cat-naisten-eau-de-parfum","7":"product_cat-naisten-hajuvesi","8":"pa_brand-armani","9":"berocket_brand-armani","11":"first","12":"outofstock","13":"sale","14":"taxable","15":"shipping-taxable","16":"purchasable","17":"product-type-simple"},"_links":{"self":[{"href":"https:\/\/stylingagenten.com\/fi\/wp-json\/wp\/v2\/product\/133836","targetHints":{"allow":["GET"]}}],"collection":[{"href":"https:\/\/stylingagenten.com\/fi\/wp-json\/wp\/v2\/product"}],"about":[{"href":"https:\/\/stylingagenten.com\/fi\/wp-json\/wp\/v2\/types\/product"}],"replies":[{"embeddable":true,"href":"https:\/\/stylingagenten.com\/fi\/wp-json\/wp\/v2\/comments?post=133836"}],"version-history":[{"count":0,"href":"https:\/\/stylingagenten.com\/fi\/wp-json\/wp\/v2\/product\/133836\/revisions"}],"wp:featuredmedia":[{"embeddable":true,"href":"https:\/\/stylingagenten.com\/fi\/wp-json\/wp\/v2\/media\/133823"}],"wp:attachment":[{"href":"https:\/\/stylingagenten.com\/fi\/wp-json\/wp\/v2\/media?parent=133836"}],"wp:term":[{"taxonomy":"product_brand","embeddable":true,"href":"https:\/\/stylingagenten.com\/fi\/wp-json\/wp\/v2\/product_brand?post=133836"},{"taxonomy":"product_cat","embeddable":true,"href":"https:\/\/stylingagenten.com\/fi\/wp-json\/wp\/v2\/product_cat?post=133836"},{"taxonomy":"product_tag","embeddable":true,"href":"https:\/\/stylingagenten.com\/fi\/wp-json\/wp\/v2\/product_tag?post=133836"},{"taxonomy":"berocket_brand","embeddable":true,"href":"https:\/\/stylingagenten.com\/fi\/wp-json\/wp\/v2\/berocket_brand?post=133836"}],"curies":[{"name":"wp","href":"https:\/\/api.w.org\/{rel}","templated":true}]}}