{"id":133834,"date":"2025-05-18T22:36:16","date_gmt":"2025-05-18T22:36:16","guid":{"rendered":"https:\/\/staging2.stylingagenten.com\/fi\/produkt\/britney-spears-fantasy-sheer-edt-100ml\/"},"modified":"2026-04-14T18:27:25","modified_gmt":"2026-04-14T18:27:25","slug":"britney-spears-fantasy-sheer-edt-100ml","status":"publish","type":"product","link":"https:\/\/stylingagenten.com\/fi\/tuote\/britney-spears-fantasy-sheer-edt-100ml\/","title":{"rendered":"Britney Spears Fantasy Sheer Edt 100ml"},"content":{"rendered":"<p>Britney Spears Fantasy Sheer edt 100 ml<br \/>Fantasy Sheer EDT on lumoava Eau de Toilette suositulta Britney Spears -br\u00e4ndilt\u00e4. T\u00e4m\u00e4 tuoksu on t\u00e4ydellinen naisille, jotka haluavat lis\u00e4t\u00e4 persoonalliseen tyyliins\u00e4. Runsaan 100 ml:n m\u00e4\u00e4r\u00e4ll\u00e4 voit nauttia t\u00e4st\u00e4 virkist\u00e4v\u00e4st\u00e4 tuoksusta pitk\u00e4\u00e4n. Fantasy Sheer EDT on luotu korostamaan luonnollista kauneuttasi ja antamaan sinulle itseluottamusta ja glamouria. T\u00e4m\u00e4 Eau de Toilette sopii kaikkiin tilanteisiin. K\u00e4yt\u00e4 sit\u00e4 jokap\u00e4iv\u00e4iseen k\u00e4ytt\u00f6\u00f6n lis\u00e4t\u00e4ksesi eleganssia p\u00e4ivitt\u00e4iseen rutiinisi. Voit k\u00e4ytt\u00e4\u00e4 sit\u00e4 my\u00f6s erityisiss\u00e4 tilaisuuksissa luodaksesi unohtumattoman tuoksukokemuksen. Fantasy Sheer EDT on suunniteltu j\u00e4tt\u00e4m\u00e4\u00e4n hienovarainen ja viettelev\u00e4 vaikutelma. Siin\u00e4 on kukkainen ja hedelm\u00e4inen tuoksu, joka kiinnitt\u00e4\u00e4 huomion ja j\u00e4tt\u00e4\u00e4 pysyv\u00e4n vaikutuksen. Tulet rakastamaan sen antamaa lempe\u00e4\u00e4 ja virkist\u00e4v\u00e4\u00e4 tunnetta. Hemmottele itse\u00e4si Fantasy Sheer EDT:ll\u00e4 ja anna t\u00e4m\u00e4n lumoavan tuoksun muuttaa arjesi seikkailuksi.<\/p>\n","protected":false},"excerpt":{"rendered":"<p>Britney Spears Fantasy Sheer edt 100 mlFantasy Sheer EDT on lumoava Eau de Toilette suositulta Britney Spears -br\u00e4ndilt\u00e4. T\u00e4m\u00e4 tuoksu on t\u00e4ydellinen naisille, jotka haluavat lis\u00e4t\u00e4 persoonalliseen tyyliins\u00e4. Runsaan 100 ml:n m\u00e4\u00e4r\u00e4ll\u00e4 voit nauttia t\u00e4st\u00e4 virkist\u00e4v\u00e4st\u00e4 tuoksusta pitk\u00e4\u00e4n. Fantasy Sheer EDT on luotu korostamaan luonnollista kauneuttasi ja antamaan sinulle itseluottamusta ja glamouria. T\u00e4m\u00e4 Eau de [&hellip;]<\/p>\n","protected":false},"featured_media":133821,"comment_status":"open","ping_status":"closed","template":"","meta":{"_trash_the_other_posts":false},"product_brand":[],"product_cat":[1006,999,706,534,735],"product_tag":[],"berocket_brand":[1031],"class_list":{"0":"post-133834","1":"product","2":"type-product","3":"status-publish","4":"has-post-thumbnail","6":"product_cat-kampanjahinta","7":"product_cat-kampanjatarjous-naiselle","8":"product_cat-naisten-eau-de-parfum","9":"product_cat-naisten-hajuvesi","10":"product_cat-kampanjamme","11":"pa_brand-britney-spears","12":"berocket_brand-britney-spears","14":"first","15":"instock","16":"sale","17":"taxable","18":"shipping-taxable","19":"purchasable","20":"product-type-simple"},"_links":{"self":[{"href":"https:\/\/stylingagenten.com\/fi\/wp-json\/wp\/v2\/product\/133834","targetHints":{"allow":["GET"]}}],"collection":[{"href":"https:\/\/stylingagenten.com\/fi\/wp-json\/wp\/v2\/product"}],"about":[{"href":"https:\/\/stylingagenten.com\/fi\/wp-json\/wp\/v2\/types\/product"}],"replies":[{"embeddable":true,"href":"https:\/\/stylingagenten.com\/fi\/wp-json\/wp\/v2\/comments?post=133834"}],"version-history":[{"count":0,"href":"https:\/\/stylingagenten.com\/fi\/wp-json\/wp\/v2\/product\/133834\/revisions"}],"wp:featuredmedia":[{"embeddable":true,"href":"https:\/\/stylingagenten.com\/fi\/wp-json\/wp\/v2\/media\/133821"}],"wp:attachment":[{"href":"https:\/\/stylingagenten.com\/fi\/wp-json\/wp\/v2\/media?parent=133834"}],"wp:term":[{"taxonomy":"product_brand","embeddable":true,"href":"https:\/\/stylingagenten.com\/fi\/wp-json\/wp\/v2\/product_brand?post=133834"},{"taxonomy":"product_cat","embeddable":true,"href":"https:\/\/stylingagenten.com\/fi\/wp-json\/wp\/v2\/product_cat?post=133834"},{"taxonomy":"product_tag","embeddable":true,"href":"https:\/\/stylingagenten.com\/fi\/wp-json\/wp\/v2\/product_tag?post=133834"},{"taxonomy":"berocket_brand","embeddable":true,"href":"https:\/\/stylingagenten.com\/fi\/wp-json\/wp\/v2\/berocket_brand?post=133834"}],"curies":[{"name":"wp","href":"https:\/\/api.w.org\/{rel}","templated":true}]}}