{"id":133804,"date":"2025-05-18T22:36:11","date_gmt":"2025-05-18T22:36:11","guid":{"rendered":"https:\/\/staging2.stylingagenten.com\/fi\/produkt\/sisley-leau-revee-dhubert-edt-50ml\/"},"modified":"2026-03-11T22:04:25","modified_gmt":"2026-03-11T22:04:25","slug":"sisley-leau-revee-dhubert-edt-50ml","status":"publish","type":"product","link":"https:\/\/stylingagenten.com\/fi\/tuote\/sisley-leau-revee-dhubert-edt-50ml\/","title":{"rendered":"Sisley L&#8217;eau Revee d&#8217;Hubert Edt 50ml"},"content":{"rendered":"<p>Sisley L&#8217;eau Revee d&#8217;Hubert Edt 50 ml<br \/>Unelmat ruokkivat luovuuttamme ja inspiroivat meit\u00e4 kuvien, muistojen ja tunteiden kautta. Eaux R\u00eav\u00e9es ilmaisee t\u00e4t\u00e4 mielikuvituksellista paikkaa, jossa inspiraatiot t\u00f6rm\u00e4\u00e4v\u00e4t, yhdistyv\u00e4t ja sulautuvat &#8211; aivan kuten d&#8217;Ornanon perheen eri sukupolvet, Sisleyn luojat, inspiroivat toisiaan. Maskuliininen kukka on t\u00e4ss\u00e4 intensiivinen, aromaattinen piparmintun tuoksu, kirkkaat vihre\u00e4t s\u00e4vyt ja kosteat maanl\u00e4heiset aksentit. T\u00e4m\u00e4 ainesosien runsaus antaa hajuvedelle hienostuneen ja luonnollisen tuoksuradan.<\/p>\n","protected":false},"excerpt":{"rendered":"<p>Sisley L&#8217;eau Revee d&#8217;Hubert Edt 50 mlUnelmat ruokkivat luovuuttamme ja inspiroivat meit\u00e4 kuvien, muistojen ja tunteiden kautta. Eaux R\u00eav\u00e9es ilmaisee t\u00e4t\u00e4 mielikuvituksellista paikkaa, jossa inspiraatiot t\u00f6rm\u00e4\u00e4v\u00e4t, yhdistyv\u00e4t ja sulautuvat &#8211; aivan kuten d&#8217;Ornanon perheen eri sukupolvet, Sisleyn luojat, inspiroivat toisiaan. Maskuliininen kukka on t\u00e4ss\u00e4 intensiivinen, aromaattinen piparmintun tuoksu, kirkkaat vihre\u00e4t s\u00e4vyt ja kosteat maanl\u00e4heiset aksentit. [&hellip;]<\/p>\n","protected":false},"featured_media":133797,"comment_status":"open","ping_status":"closed","template":"","meta":{"_trash_the_other_posts":false},"product_brand":[],"product_cat":[999,707,1005,735],"product_tag":[],"berocket_brand":[1195],"class_list":{"0":"post-133804","1":"product","2":"type-product","3":"status-publish","4":"has-post-thumbnail","6":"product_cat-kampanjatarjous-naiselle","7":"product_cat-naisten-eau-de-toilette","8":"product_cat-outlet","9":"product_cat-kampanjamme","10":"pa_brand-sisley","11":"berocket_brand-sisley","13":"first","14":"instock","15":"sale","16":"taxable","17":"shipping-taxable","18":"purchasable","19":"product-type-simple"},"_links":{"self":[{"href":"https:\/\/stylingagenten.com\/fi\/wp-json\/wp\/v2\/product\/133804","targetHints":{"allow":["GET"]}}],"collection":[{"href":"https:\/\/stylingagenten.com\/fi\/wp-json\/wp\/v2\/product"}],"about":[{"href":"https:\/\/stylingagenten.com\/fi\/wp-json\/wp\/v2\/types\/product"}],"replies":[{"embeddable":true,"href":"https:\/\/stylingagenten.com\/fi\/wp-json\/wp\/v2\/comments?post=133804"}],"version-history":[{"count":0,"href":"https:\/\/stylingagenten.com\/fi\/wp-json\/wp\/v2\/product\/133804\/revisions"}],"wp:featuredmedia":[{"embeddable":true,"href":"https:\/\/stylingagenten.com\/fi\/wp-json\/wp\/v2\/media\/133797"}],"wp:attachment":[{"href":"https:\/\/stylingagenten.com\/fi\/wp-json\/wp\/v2\/media?parent=133804"}],"wp:term":[{"taxonomy":"product_brand","embeddable":true,"href":"https:\/\/stylingagenten.com\/fi\/wp-json\/wp\/v2\/product_brand?post=133804"},{"taxonomy":"product_cat","embeddable":true,"href":"https:\/\/stylingagenten.com\/fi\/wp-json\/wp\/v2\/product_cat?post=133804"},{"taxonomy":"product_tag","embeddable":true,"href":"https:\/\/stylingagenten.com\/fi\/wp-json\/wp\/v2\/product_tag?post=133804"},{"taxonomy":"berocket_brand","embeddable":true,"href":"https:\/\/stylingagenten.com\/fi\/wp-json\/wp\/v2\/berocket_brand?post=133804"}],"curies":[{"name":"wp","href":"https:\/\/api.w.org\/{rel}","templated":true}]}}