{"id":133793,"date":"2025-05-18T22:36:08","date_gmt":"2025-05-18T22:36:08","guid":{"rendered":"https:\/\/staging2.stylingagenten.com\/fi\/produkt\/escada-santorini-sunrise-edt-50ml\/"},"modified":"2026-04-07T04:38:41","modified_gmt":"2026-04-07T04:38:41","slug":"escada-santorini-sunrise-edt-50ml","status":"publish","type":"product","link":"https:\/\/stylingagenten.com\/fi\/tuote\/escada-santorini-sunrise-edt-50ml\/","title":{"rendered":"Escada Santorini Sunrise Edt 50ml"},"content":{"rendered":"<p>Escada Santorini Sunrise Edt 50ml <br \/>Oletko valmis matkalle kauniille Kreikan Santorinin saarelle? Unelmoi t\u00e4h\u00e4n valko-siniseen paratiisiin uudella Escada Santorini Sunrise Eau de Toilette Limited Edition -tuotteella. T\u00e4m\u00e4 tuoksu avautuu mehukkaan mandariinin ja bergamotin sorbetin raikkailla nuoteilla, joita korostaa s\u00e4teilev\u00e4 jasmiini. V\u00e4rik\u00e4s vaaleanpunaisen pippurin r\u00e4j\u00e4hdys tekee t\u00e4st\u00e4 tuoreesta tuoksusta erityisen s\u00e4teilev\u00e4n ja houkuttelevan.<br \/>&#8211;<br \/>Escada Santorini Sunrise on suora p\u00e4\u00e4sylippu Kreikan saarten helmaan, Santorinille, jossa meren syv\u00e4t aallot ja naisellinen Bougainvillea kukat ovat olleet inspiraationa kauniille pullolle. Pahvi on saanut inspiraationsa aidosta kreikkalaisesta auringonnousun arkkitehtuurista. Hajusteiden Myl\u00e8ne Alranin ja Benoist Lapouzan suunnittelema t\u00e4m\u00e4 rajoitetun er\u00e4n Escada-tuoksu on kunnianosoitus luonnolliselle Kreikalle. Myl\u00e8ne Arlan tutki syvi\u00e4 vivahteita maanl\u00e4heisell\u00e4 viimeistelyll\u00e4, kun taas Benoist Lapouza k\u00e4ytti ainesosia, jotka saivat h\u00e4net tuntemaan olonsa l\u00e4hemm\u00e4ksi luontoa.<br \/>&#8211;<br \/>Escada Santorini Sunrise on t\u00e4ysin vegaaninen hajuvesi, josta tulee mieleenpainuvin tuoksusi t\u00e4n\u00e4 kes\u00e4n\u00e4. luonto huomioon.<\/p>\n","protected":false},"excerpt":{"rendered":"<p>Escada Santorini Sunrise Edt 50ml Oletko valmis matkalle kauniille Kreikan Santorinin saarelle? Unelmoi t\u00e4h\u00e4n valko-siniseen paratiisiin uudella Escada Santorini Sunrise Eau de Toilette Limited Edition -tuotteella. T\u00e4m\u00e4 tuoksu avautuu mehukkaan mandariinin ja bergamotin sorbetin raikkailla nuoteilla, joita korostaa s\u00e4teilev\u00e4 jasmiini. V\u00e4rik\u00e4s vaaleanpunaisen pippurin r\u00e4j\u00e4hdys tekee t\u00e4st\u00e4 tuoreesta tuoksusta erityisen s\u00e4teilev\u00e4n ja houkuttelevan.&#8211;Escada Santorini Sunrise on [&hellip;]<\/p>\n","protected":false},"featured_media":133791,"comment_status":"open","ping_status":"closed","template":"","meta":{"_trash_the_other_posts":false},"product_brand":[],"product_cat":[999,707,735],"product_tag":[2893],"berocket_brand":[1306],"class_list":{"0":"post-133793","1":"product","2":"type-product","3":"status-publish","4":"has-post-thumbnail","6":"product_cat-kampanjatarjous-naiselle","7":"product_cat-naisten-eau-de-toilette","8":"product_cat-kampanjamme","9":"product_tag-escada-santorini-sunrise-edt","10":"pa_brand-escada","11":"pa_variantti-50ml","12":"berocket_brand-escada","14":"first","15":"outofstock","16":"sale","17":"taxable","18":"shipping-taxable","19":"purchasable","20":"product-type-simple"},"_links":{"self":[{"href":"https:\/\/stylingagenten.com\/fi\/wp-json\/wp\/v2\/product\/133793","targetHints":{"allow":["GET"]}}],"collection":[{"href":"https:\/\/stylingagenten.com\/fi\/wp-json\/wp\/v2\/product"}],"about":[{"href":"https:\/\/stylingagenten.com\/fi\/wp-json\/wp\/v2\/types\/product"}],"replies":[{"embeddable":true,"href":"https:\/\/stylingagenten.com\/fi\/wp-json\/wp\/v2\/comments?post=133793"}],"version-history":[{"count":0,"href":"https:\/\/stylingagenten.com\/fi\/wp-json\/wp\/v2\/product\/133793\/revisions"}],"wp:featuredmedia":[{"embeddable":true,"href":"https:\/\/stylingagenten.com\/fi\/wp-json\/wp\/v2\/media\/133791"}],"wp:attachment":[{"href":"https:\/\/stylingagenten.com\/fi\/wp-json\/wp\/v2\/media?parent=133793"}],"wp:term":[{"taxonomy":"product_brand","embeddable":true,"href":"https:\/\/stylingagenten.com\/fi\/wp-json\/wp\/v2\/product_brand?post=133793"},{"taxonomy":"product_cat","embeddable":true,"href":"https:\/\/stylingagenten.com\/fi\/wp-json\/wp\/v2\/product_cat?post=133793"},{"taxonomy":"product_tag","embeddable":true,"href":"https:\/\/stylingagenten.com\/fi\/wp-json\/wp\/v2\/product_tag?post=133793"},{"taxonomy":"berocket_brand","embeddable":true,"href":"https:\/\/stylingagenten.com\/fi\/wp-json\/wp\/v2\/berocket_brand?post=133793"}],"curies":[{"name":"wp","href":"https:\/\/api.w.org\/{rel}","templated":true}]}}