{"id":133782,"date":"2025-05-18T22:36:06","date_gmt":"2025-05-18T22:36:06","guid":{"rendered":"https:\/\/staging2.stylingagenten.com\/fi\/produkt\/sisley-leau-revee-disa-edt-50ml\/"},"modified":"2026-03-11T22:04:21","modified_gmt":"2026-03-11T22:04:21","slug":"sisley-leau-revee-disa-edt-50ml","status":"publish","type":"product","link":"https:\/\/stylingagenten.com\/fi\/tuote\/sisley-leau-revee-disa-edt-50ml\/","title":{"rendered":"Sisley L&#8217;eau Revee d&#8217;Isa Edt 50ml"},"content":{"rendered":"<p>Sisley L&#8217;eau Revee d&#8217;Isa Edt 50 ml<br \/>Dreams ruokkivat luovuuttamme ja inspiroivat meit\u00e4 kuvien, muistojen ja tunteiden kautta. Eaux R\u00eav\u00e9es ilmaisee t\u00e4t\u00e4 mielikuvituksellista paikkaa, jossa inspiraatiot t\u00f6rm\u00e4\u00e4v\u00e4t, yhdistyv\u00e4t ja sulautuvat \u2013 aivan kuten d&#8217;Ornanon perheen eri sukupolvet, Sisleyn luojat, inspiroivat toisiaan.<br \/>T\u00e4m\u00e4 kokoelma koostuu kuudesta eri tuoksusta, joiden tuoksukoodit niill\u00e4 on t\u00e4ydellinen ambivalenttinen luonne.<br \/>TUREETTA RITETTY JASMIINI, T\u00c4YNN\u00c4 AURINGONPAISTA<br \/>Eau R\u00eav\u00e9e d&#8217;Isassa on viettelev\u00e4n unelman syvyys ja keveys. T\u00e4ynn\u00e4 kontrasteja, se yhdist\u00e4\u00e4 ihmeellisen yhdistelm\u00e4n olemuksia ja alkemiaa, joka tuntuu itsest\u00e4\u00e4n selv\u00e4lt\u00e4 ja silti yll\u00e4tt\u00e4\u00e4. T\u00e4m\u00e4 tuoksu yhdist\u00e4\u00e4 maskuliinisuuden feminiiniseen ja siin\u00e4 on valkoisen kukan elinvoimaa sekoitettuna intensiivisiin mausteisiin.<\/p>\n","protected":false},"excerpt":{"rendered":"<p>Sisley L&#8217;eau Revee d&#8217;Isa Edt 50 mlDreams ruokkivat luovuuttamme ja inspiroivat meit\u00e4 kuvien, muistojen ja tunteiden kautta. Eaux R\u00eav\u00e9es ilmaisee t\u00e4t\u00e4 mielikuvituksellista paikkaa, jossa inspiraatiot t\u00f6rm\u00e4\u00e4v\u00e4t, yhdistyv\u00e4t ja sulautuvat \u2013 aivan kuten d&#8217;Ornanon perheen eri sukupolvet, Sisleyn luojat, inspiroivat toisiaan.T\u00e4m\u00e4 kokoelma koostuu kuudesta eri tuoksusta, joiden tuoksukoodit niill\u00e4 on t\u00e4ydellinen ambivalenttinen luonne.TUREETTA RITETTY JASMIINI, T\u00c4YNN\u00c4 [&hellip;]<\/p>\n","protected":false},"featured_media":133774,"comment_status":"open","ping_status":"closed","template":"","meta":{"_trash_the_other_posts":false},"product_brand":[],"product_cat":[999,707,735],"product_tag":[],"berocket_brand":[1195],"class_list":{"0":"post-133782","1":"product","2":"type-product","3":"status-publish","4":"has-post-thumbnail","6":"product_cat-kampanjatarjous-naiselle","7":"product_cat-naisten-eau-de-toilette","8":"product_cat-kampanjamme","9":"pa_brand-sisley","10":"berocket_brand-sisley","12":"first","13":"instock","14":"sale","15":"taxable","16":"shipping-taxable","17":"purchasable","18":"product-type-simple"},"_links":{"self":[{"href":"https:\/\/stylingagenten.com\/fi\/wp-json\/wp\/v2\/product\/133782","targetHints":{"allow":["GET"]}}],"collection":[{"href":"https:\/\/stylingagenten.com\/fi\/wp-json\/wp\/v2\/product"}],"about":[{"href":"https:\/\/stylingagenten.com\/fi\/wp-json\/wp\/v2\/types\/product"}],"replies":[{"embeddable":true,"href":"https:\/\/stylingagenten.com\/fi\/wp-json\/wp\/v2\/comments?post=133782"}],"version-history":[{"count":0,"href":"https:\/\/stylingagenten.com\/fi\/wp-json\/wp\/v2\/product\/133782\/revisions"}],"wp:featuredmedia":[{"embeddable":true,"href":"https:\/\/stylingagenten.com\/fi\/wp-json\/wp\/v2\/media\/133774"}],"wp:attachment":[{"href":"https:\/\/stylingagenten.com\/fi\/wp-json\/wp\/v2\/media?parent=133782"}],"wp:term":[{"taxonomy":"product_brand","embeddable":true,"href":"https:\/\/stylingagenten.com\/fi\/wp-json\/wp\/v2\/product_brand?post=133782"},{"taxonomy":"product_cat","embeddable":true,"href":"https:\/\/stylingagenten.com\/fi\/wp-json\/wp\/v2\/product_cat?post=133782"},{"taxonomy":"product_tag","embeddable":true,"href":"https:\/\/stylingagenten.com\/fi\/wp-json\/wp\/v2\/product_tag?post=133782"},{"taxonomy":"berocket_brand","embeddable":true,"href":"https:\/\/stylingagenten.com\/fi\/wp-json\/wp\/v2\/berocket_brand?post=133782"}],"curies":[{"name":"wp","href":"https:\/\/api.w.org\/{rel}","templated":true}]}}