{"id":133750,"date":"2025-05-18T22:36:01","date_gmt":"2025-05-18T22:36:01","guid":{"rendered":"https:\/\/staging2.stylingagenten.com\/fi\/produkt\/paco-rabanne-olympea-blossom-edp-50ml\/"},"modified":"2026-04-08T07:08:41","modified_gmt":"2026-04-08T07:08:41","slug":"paco-rabanne-olympea-blossom-edp-50ml","status":"publish","type":"product","link":"https:\/\/stylingagenten.com\/fi\/tuote\/paco-rabanne-olympea-blossom-edp-50ml\/","title":{"rendered":"Paco Rabanne Olymp\u00e9a Blossom Edp 50ml"},"content":{"rendered":"<p>Paco Rabanne esittelee uuden kokemuksen naisellisuudesta Olymp\u00e9a Blossom Eau de Parfumilla, hedelm\u00e4isell\u00e4 kukkaistuoksulla, joka symboloi odottamatonta aistillisuutta. Jumalallinen kaksintaistelu virkist\u00e4v\u00e4n ter\u00e4lehtien ja syv\u00e4n aistillisuuden v\u00e4lill\u00e4. Tuoksu avautuu tuoreiden ruusujen ja mustaherukkasorbetin kuumalla tuulella, jotka kohtaavat mausteisia vivahteita ja huurteisen p\u00e4\u00e4ryn\u00e4n syd\u00e4mess\u00e4. Kukan tuoreus asettuu kuumaan kontrastiin makealle vaniljalle, joka on sekoitettu kashmirpuuhun. Myskij\u00e4lje parantaa ja tekee tuoksusta kest\u00e4v\u00e4n ja luo taikuutta ihollesi.<br \/>Tuoksuperhe: chypre kukkainen<br \/>Alkutuoksu: vaaleanpunainen pippuri, ruusu<br \/>Syd\u00e4ntuoksu: p\u00e4\u00e4ryn\u00e4, mustaherukkasorbetti<br \/>Pohjatuoksu : vanilja, kashmirpuu<\/p>\n","protected":false},"excerpt":{"rendered":"<p>Paco Rabanne esittelee uuden kokemuksen naisellisuudesta Olymp\u00e9a Blossom Eau de Parfumilla, hedelm\u00e4isell\u00e4 kukkaistuoksulla, joka symboloi odottamatonta aistillisuutta. Jumalallinen kaksintaistelu virkist\u00e4v\u00e4n ter\u00e4lehtien ja syv\u00e4n aistillisuuden v\u00e4lill\u00e4. Tuoksu avautuu tuoreiden ruusujen ja mustaherukkasorbetin kuumalla tuulella, jotka kohtaavat mausteisia vivahteita ja huurteisen p\u00e4\u00e4ryn\u00e4n syd\u00e4mess\u00e4. Kukan tuoreus asettuu kuumaan kontrastiin makealle vaniljalle, joka on sekoitettu kashmirpuuhun. Myskij\u00e4lje parantaa ja [&hellip;]<\/p>\n","protected":false},"featured_media":133741,"comment_status":"open","ping_status":"closed","template":"","meta":{"_trash_the_other_posts":false},"product_brand":[],"product_cat":[999,1003,706,735],"product_tag":[3740],"berocket_brand":[1048],"class_list":{"0":"post-133750","1":"product","2":"type-product","3":"status-publish","4":"has-post-thumbnail","6":"product_cat-kampanjatarjous-naiselle","7":"product_cat-myydyimmat","8":"product_cat-naisten-eau-de-parfum","9":"product_cat-kampanjamme","10":"product_tag-paco-rabanne-olympea-blossom-edp","11":"pa_brand-paco-rabanne","12":"pa_variantti-50ml","13":"berocket_brand-paco-rabanne","15":"first","16":"outofstock","17":"sale","18":"taxable","19":"shipping-taxable","20":"purchasable","21":"product-type-simple"},"_links":{"self":[{"href":"https:\/\/stylingagenten.com\/fi\/wp-json\/wp\/v2\/product\/133750","targetHints":{"allow":["GET"]}}],"collection":[{"href":"https:\/\/stylingagenten.com\/fi\/wp-json\/wp\/v2\/product"}],"about":[{"href":"https:\/\/stylingagenten.com\/fi\/wp-json\/wp\/v2\/types\/product"}],"replies":[{"embeddable":true,"href":"https:\/\/stylingagenten.com\/fi\/wp-json\/wp\/v2\/comments?post=133750"}],"version-history":[{"count":0,"href":"https:\/\/stylingagenten.com\/fi\/wp-json\/wp\/v2\/product\/133750\/revisions"}],"wp:featuredmedia":[{"embeddable":true,"href":"https:\/\/stylingagenten.com\/fi\/wp-json\/wp\/v2\/media\/133741"}],"wp:attachment":[{"href":"https:\/\/stylingagenten.com\/fi\/wp-json\/wp\/v2\/media?parent=133750"}],"wp:term":[{"taxonomy":"product_brand","embeddable":true,"href":"https:\/\/stylingagenten.com\/fi\/wp-json\/wp\/v2\/product_brand?post=133750"},{"taxonomy":"product_cat","embeddable":true,"href":"https:\/\/stylingagenten.com\/fi\/wp-json\/wp\/v2\/product_cat?post=133750"},{"taxonomy":"product_tag","embeddable":true,"href":"https:\/\/stylingagenten.com\/fi\/wp-json\/wp\/v2\/product_tag?post=133750"},{"taxonomy":"berocket_brand","embeddable":true,"href":"https:\/\/stylingagenten.com\/fi\/wp-json\/wp\/v2\/berocket_brand?post=133750"}],"curies":[{"name":"wp","href":"https:\/\/api.w.org\/{rel}","templated":true}]}}