{"id":133718,"date":"2025-05-18T22:35:55","date_gmt":"2025-05-18T22:35:55","guid":{"rendered":"https:\/\/staging2.stylingagenten.com\/fi\/produkt\/guerlain-mitsouko-edt-75ml\/"},"modified":"2026-03-11T22:04:52","modified_gmt":"2026-03-11T22:04:52","slug":"guerlain-mitsouko-edt-75ml","status":"publish","type":"product","link":"https:\/\/stylingagenten.com\/fi\/tuote\/guerlain-mitsouko-edt-75ml\/","title":{"rendered":"Guerlain Mitsouko Edt 75ml"},"content":{"rendered":"<p>Guerlainin Mitsouko-hajuvesi on Jacques Guerlainin luoma chypre-hedelm\u00e4inen tuoksu naisille, joka tuotiin markkinoille jo vuonna 1919. <\/p>\n<p>Guerlainin naisten parfyymin yl\u00e4tuoksussa ruusun vivahteita , jasmiinia ja bergamottia ja muita sitrushedelmi\u00e4, kun taas sen kukkainen, mehukas syd\u00e4n tarjoaa tuoksuja ruusuista, ylang-ylangista, jasmiinista, persikasta ja lilasta. Naisten Mitsouko-hajuveden pohjassa odottavat aistilliset tuoksut, jotka koostuvat tammimosta, vetiveria\u00f6ljyst\u00e4, kanelista, meripihkasta ja mausteisista vivahteista.<\/p>\n","protected":false},"excerpt":{"rendered":"<p>Guerlainin Mitsouko-hajuvesi on Jacques Guerlainin luoma chypre-hedelm\u00e4inen tuoksu naisille, joka tuotiin markkinoille jo vuonna 1919. Guerlainin naisten parfyymin yl\u00e4tuoksussa ruusun vivahteita , jasmiinia ja bergamottia ja muita sitrushedelmi\u00e4, kun taas sen kukkainen, mehukas syd\u00e4n tarjoaa tuoksuja ruusuista, ylang-ylangista, jasmiinista, persikasta ja lilasta. Naisten Mitsouko-hajuveden pohjassa odottavat aistilliset tuoksut, jotka koostuvat tammimosta, vetiveria\u00f6ljyst\u00e4, kanelista, meripihkasta ja [&hellip;]<\/p>\n","protected":false},"featured_media":133695,"comment_status":"open","ping_status":"closed","template":"","meta":{"_trash_the_other_posts":false},"product_brand":[],"product_cat":[999,707,735],"product_tag":[],"berocket_brand":[1330],"class_list":{"0":"post-133718","1":"product","2":"type-product","3":"status-publish","4":"has-post-thumbnail","6":"product_cat-kampanjatarjous-naiselle","7":"product_cat-naisten-eau-de-toilette","8":"product_cat-kampanjamme","9":"pa_brand-guerlain","10":"berocket_brand-guerlain","12":"first","13":"instock","14":"sale","15":"taxable","16":"shipping-taxable","17":"purchasable","18":"product-type-simple"},"_links":{"self":[{"href":"https:\/\/stylingagenten.com\/fi\/wp-json\/wp\/v2\/product\/133718","targetHints":{"allow":["GET"]}}],"collection":[{"href":"https:\/\/stylingagenten.com\/fi\/wp-json\/wp\/v2\/product"}],"about":[{"href":"https:\/\/stylingagenten.com\/fi\/wp-json\/wp\/v2\/types\/product"}],"replies":[{"embeddable":true,"href":"https:\/\/stylingagenten.com\/fi\/wp-json\/wp\/v2\/comments?post=133718"}],"version-history":[{"count":0,"href":"https:\/\/stylingagenten.com\/fi\/wp-json\/wp\/v2\/product\/133718\/revisions"}],"wp:featuredmedia":[{"embeddable":true,"href":"https:\/\/stylingagenten.com\/fi\/wp-json\/wp\/v2\/media\/133695"}],"wp:attachment":[{"href":"https:\/\/stylingagenten.com\/fi\/wp-json\/wp\/v2\/media?parent=133718"}],"wp:term":[{"taxonomy":"product_brand","embeddable":true,"href":"https:\/\/stylingagenten.com\/fi\/wp-json\/wp\/v2\/product_brand?post=133718"},{"taxonomy":"product_cat","embeddable":true,"href":"https:\/\/stylingagenten.com\/fi\/wp-json\/wp\/v2\/product_cat?post=133718"},{"taxonomy":"product_tag","embeddable":true,"href":"https:\/\/stylingagenten.com\/fi\/wp-json\/wp\/v2\/product_tag?post=133718"},{"taxonomy":"berocket_brand","embeddable":true,"href":"https:\/\/stylingagenten.com\/fi\/wp-json\/wp\/v2\/berocket_brand?post=133718"}],"curies":[{"name":"wp","href":"https:\/\/api.w.org\/{rel}","templated":true}]}}