{"id":133713,"date":"2025-05-18T22:35:55","date_gmt":"2025-05-18T22:35:55","guid":{"rendered":"https:\/\/staging2.stylingagenten.com\/fi\/produkt\/marc-jacobs-daisy-eau-so-fresh-edt-30ml\/"},"modified":"2026-03-31T19:48:30","modified_gmt":"2026-03-31T19:48:30","slug":"marc-jacobs-daisy-eau-so-fresh-edt-30ml","status":"publish","type":"product","link":"https:\/\/stylingagenten.com\/fi\/tuote\/marc-jacobs-daisy-eau-so-fresh-edt-30ml\/","title":{"rendered":"Marc Jacobs Daisy Eau So Fresh Edt 30ml"},"content":{"rendered":"<p>L\u00e4mpim\u00e4ll\u00e4, kimaltelevalla energialla Daisy Eau So Fresh v\u00e4litt\u00e4\u00e4 hienostuneen mutta leikkis\u00e4n tunnelman. Se on kevyt versio alkuper\u00e4isest\u00e4 Daisy Eau De Toilettesta, joka her\u00e4tt\u00e4\u00e4 kaikki aistit selke\u00e4ll\u00e4, tyylikk\u00e4\u00e4ll\u00e4 ja persoonallisella vieh\u00e4tysvoimalla. Daisy Eau So Fresh inspiroi olemaan rohkea, naisellinen ja utelias el\u00e4m\u00e4st\u00e4, aivan kuten sit\u00e4 k\u00e4ytt\u00e4v\u00e4 henkil\u00f6. Herkulliset tuoksut vadelman ja greipin yl\u00e4tuoksuissa kohtaavat kontrasteja villiruusun ja myskin muodossa tuoksun syd\u00e4mess\u00e4. Pohjassa loput l\u00e4mpimi\u00e4 luumuja ja setri\u00e4.<\/p>\n","protected":false},"excerpt":{"rendered":"<p>L\u00e4mpim\u00e4ll\u00e4, kimaltelevalla energialla Daisy Eau So Fresh v\u00e4litt\u00e4\u00e4 hienostuneen mutta leikkis\u00e4n tunnelman. Se on kevyt versio alkuper\u00e4isest\u00e4 Daisy Eau De Toilettesta, joka her\u00e4tt\u00e4\u00e4 kaikki aistit selke\u00e4ll\u00e4, tyylikk\u00e4\u00e4ll\u00e4 ja persoonallisella vieh\u00e4tysvoimalla. Daisy Eau So Fresh inspiroi olemaan rohkea, naisellinen ja utelias el\u00e4m\u00e4st\u00e4, aivan kuten sit\u00e4 k\u00e4ytt\u00e4v\u00e4 henkil\u00f6. Herkulliset tuoksut vadelman ja greipin yl\u00e4tuoksuissa kohtaavat kontrasteja villiruusun [&hellip;]<\/p>\n","protected":false},"featured_media":133694,"comment_status":"open","ping_status":"closed","template":"","meta":{"_trash_the_other_posts":false},"product_brand":[],"product_cat":[707],"product_tag":[3381],"berocket_brand":[1069],"class_list":{"0":"post-133713","1":"product","2":"type-product","3":"status-publish","4":"has-post-thumbnail","6":"product_cat-naisten-eau-de-toilette","7":"product_tag-marc-jacobs-daisy-eau-so-fresh-edt","8":"pa_brand-marc-jacobs","9":"pa_variantti-30ml","10":"berocket_brand-marc-jacobs","12":"first","13":"instock","14":"sale","15":"taxable","16":"shipping-taxable","17":"purchasable","18":"product-type-simple"},"_links":{"self":[{"href":"https:\/\/stylingagenten.com\/fi\/wp-json\/wp\/v2\/product\/133713","targetHints":{"allow":["GET"]}}],"collection":[{"href":"https:\/\/stylingagenten.com\/fi\/wp-json\/wp\/v2\/product"}],"about":[{"href":"https:\/\/stylingagenten.com\/fi\/wp-json\/wp\/v2\/types\/product"}],"replies":[{"embeddable":true,"href":"https:\/\/stylingagenten.com\/fi\/wp-json\/wp\/v2\/comments?post=133713"}],"version-history":[{"count":0,"href":"https:\/\/stylingagenten.com\/fi\/wp-json\/wp\/v2\/product\/133713\/revisions"}],"wp:featuredmedia":[{"embeddable":true,"href":"https:\/\/stylingagenten.com\/fi\/wp-json\/wp\/v2\/media\/133694"}],"wp:attachment":[{"href":"https:\/\/stylingagenten.com\/fi\/wp-json\/wp\/v2\/media?parent=133713"}],"wp:term":[{"taxonomy":"product_brand","embeddable":true,"href":"https:\/\/stylingagenten.com\/fi\/wp-json\/wp\/v2\/product_brand?post=133713"},{"taxonomy":"product_cat","embeddable":true,"href":"https:\/\/stylingagenten.com\/fi\/wp-json\/wp\/v2\/product_cat?post=133713"},{"taxonomy":"product_tag","embeddable":true,"href":"https:\/\/stylingagenten.com\/fi\/wp-json\/wp\/v2\/product_tag?post=133713"},{"taxonomy":"berocket_brand","embeddable":true,"href":"https:\/\/stylingagenten.com\/fi\/wp-json\/wp\/v2\/berocket_brand?post=133713"}],"curies":[{"name":"wp","href":"https:\/\/api.w.org\/{rel}","templated":true}]}}