{"id":133687,"date":"2025-05-18T22:35:51","date_gmt":"2025-05-18T22:35:51","guid":{"rendered":"https:\/\/staging2.stylingagenten.com\/fi\/produkt\/hugo-boss-alive-edp-30ml\/"},"modified":"2026-03-31T20:08:30","modified_gmt":"2026-03-31T20:08:30","slug":"hugo-boss-alive-edp-30ml","status":"publish","type":"product","link":"https:\/\/stylingagenten.com\/fi\/tuote\/hugo-boss-alive-edp-30ml\/","title":{"rendered":"Hugo Boss Alive Edp 30ml"},"content":{"rendered":"<p>Hugo Boss Alive Edp, hajuvesi rohkeille naisille &#8211; naisten luoma, naisille.<\/p>\n<p>Itsen\u00e4inen, tyylik\u00e4s, vahva ja naisellinen &#8211; BOSS ALIVE -nainen tiet\u00e4\u00e4, ett\u00e4 spontaanius ja ilo ovat yht\u00e4 t\u00e4rkeit\u00e4 kuin omistautuminen ja keskittyminen. H\u00e4n tiet\u00e4\u00e4, ett\u00e4 h\u00e4nen t\u00e4rkein vahvuutensa on olla uskollinen itselleen. BOSS ALIVE on Eau de Parfum kosteilla ja puisilla vivahteilla ja naisvastine klassiselle miesten tuoksulle BOSS Bottled.<\/p>\n<p>Tuoksu kehittyy tuoreiden omenoiden, hapokkaiden mustaherukoiden, auringonpaistettujen luumujen ja l\u00e4mpim\u00e4n kanelin vivahteilla. ja aitoa Madagaskar-vaniljaa. Kukkasyd\u00e4ntuoksussa on arabialaista jasmiinia ja timjamia, jotka her\u00e4tt\u00e4v\u00e4t aisteja. Tuoksu lep\u00e4\u00e4 ylenpalttisella ja voimakkaalla pohjalla, jossa on kiinalaisen setripuun, kermaisen santelipuun, oliivipuun ja p\u00e4hkin\u00e4isen Alaskan sypressin vivahteita.<\/p>\n<p>Yl\u00e4osa: omena, mustaherukka, luumu, kaneli ja vanilja<br \/>Syd\u00e4n: jasmiini ja timjami <br \/>Pohja: Setripuu, santelipuu, oliivipuu ja p\u00e4hkin\u00e4puu<\/p>\n","protected":false},"excerpt":{"rendered":"<p>Hugo Boss Alive Edp, hajuvesi rohkeille naisille &#8211; naisten luoma, naisille. Itsen\u00e4inen, tyylik\u00e4s, vahva ja naisellinen &#8211; BOSS ALIVE -nainen tiet\u00e4\u00e4, ett\u00e4 spontaanius ja ilo ovat yht\u00e4 t\u00e4rkeit\u00e4 kuin omistautuminen ja keskittyminen. H\u00e4n tiet\u00e4\u00e4, ett\u00e4 h\u00e4nen t\u00e4rkein vahvuutensa on olla uskollinen itselleen. BOSS ALIVE on Eau de Parfum kosteilla ja puisilla vivahteilla ja naisvastine klassiselle [&hellip;]<\/p>\n","protected":false},"featured_media":133683,"comment_status":"open","ping_status":"closed","template":"","meta":{"_trash_the_other_posts":false},"product_brand":[],"product_cat":[999,1003,706,735],"product_tag":[],"berocket_brand":[1339],"class_list":{"0":"post-133687","1":"product","2":"type-product","3":"status-publish","4":"has-post-thumbnail","6":"product_cat-kampanjatarjous-naiselle","7":"product_cat-myydyimmat","8":"product_cat-naisten-eau-de-parfum","9":"product_cat-kampanjamme","10":"pa_brand-hugo-boss","11":"berocket_brand-hugo-boss","13":"first","14":"outofstock","15":"sale","16":"taxable","17":"shipping-taxable","18":"purchasable","19":"product-type-simple"},"_links":{"self":[{"href":"https:\/\/stylingagenten.com\/fi\/wp-json\/wp\/v2\/product\/133687","targetHints":{"allow":["GET"]}}],"collection":[{"href":"https:\/\/stylingagenten.com\/fi\/wp-json\/wp\/v2\/product"}],"about":[{"href":"https:\/\/stylingagenten.com\/fi\/wp-json\/wp\/v2\/types\/product"}],"replies":[{"embeddable":true,"href":"https:\/\/stylingagenten.com\/fi\/wp-json\/wp\/v2\/comments?post=133687"}],"version-history":[{"count":0,"href":"https:\/\/stylingagenten.com\/fi\/wp-json\/wp\/v2\/product\/133687\/revisions"}],"wp:featuredmedia":[{"embeddable":true,"href":"https:\/\/stylingagenten.com\/fi\/wp-json\/wp\/v2\/media\/133683"}],"wp:attachment":[{"href":"https:\/\/stylingagenten.com\/fi\/wp-json\/wp\/v2\/media?parent=133687"}],"wp:term":[{"taxonomy":"product_brand","embeddable":true,"href":"https:\/\/stylingagenten.com\/fi\/wp-json\/wp\/v2\/product_brand?post=133687"},{"taxonomy":"product_cat","embeddable":true,"href":"https:\/\/stylingagenten.com\/fi\/wp-json\/wp\/v2\/product_cat?post=133687"},{"taxonomy":"product_tag","embeddable":true,"href":"https:\/\/stylingagenten.com\/fi\/wp-json\/wp\/v2\/product_tag?post=133687"},{"taxonomy":"berocket_brand","embeddable":true,"href":"https:\/\/stylingagenten.com\/fi\/wp-json\/wp\/v2\/berocket_brand?post=133687"}],"curies":[{"name":"wp","href":"https:\/\/api.w.org\/{rel}","templated":true}]}}