{"id":133680,"date":"2025-05-18T22:35:50","date_gmt":"2025-05-18T22:35:50","guid":{"rendered":"https:\/\/staging2.stylingagenten.com\/fi\/produkt\/dolce-gabbana-limperatrice-edt-100ml\/"},"modified":"2026-03-19T17:07:29","modified_gmt":"2026-03-19T17:07:29","slug":"dolce-gabbana-limperatrice-edt-100ml","status":"publish","type":"product","link":"https:\/\/stylingagenten.com\/fi\/tuote\/dolce-gabbana-limperatrice-edt-100ml\/","title":{"rendered":"Dolce &amp; Gabbana L&#8217;Imperatrice Edt 100ml"},"content":{"rendered":"<p>Dolce &amp; Gabbana L&acute;imperatrice tarjoaa virkist\u00e4v\u00e4 tuoksukokemus, ja se on herkullinen sekoitus vesimelonia ja kiivi\u00e4 kontrastina vaaleanpunaisen syklamenin kanssa.<\/p>\n<p><strong>Tuoksutuoksu:&nbsp;<\/strong>raparperi, punaiset viiniryp\u00e4leet, kiiviharkko, vaaleanpunainen syklaami, vesimeloni, jasmiini lehti\u00e4, myski\u00e4, \u200b\u200bsantelipuuta&auml; &amp; greippi\u00e4.<\/p>\n","protected":false},"excerpt":{"rendered":"<p>Dolce &amp; Gabbana L&acute;imperatrice tarjoaa virkist\u00e4v\u00e4 tuoksukokemus, ja se on herkullinen sekoitus vesimelonia ja kiivi\u00e4 kontrastina vaaleanpunaisen syklamenin kanssa. Tuoksutuoksu:&nbsp;raparperi, punaiset viiniryp\u00e4leet, kiiviharkko, vaaleanpunainen syklaami, vesimeloni, jasmiini lehti\u00e4, myski\u00e4, \u200b\u200bsantelipuuta&auml; &amp; greippi\u00e4.<\/p>\n","protected":false},"featured_media":133667,"comment_status":"open","ping_status":"closed","template":"","meta":{"_trash_the_other_posts":false},"product_brand":[],"product_cat":[864,1006,999,1003,707,735],"product_tag":[2835],"berocket_brand":[1292],"class_list":{"0":"post-133680","1":"product","2":"type-product","3":"status-publish","4":"has-post-thumbnail","6":"product_cat-dolce-gabbana-limperatrice","7":"product_cat-kampanjahinta","8":"product_cat-kampanjatarjous-naiselle","9":"product_cat-myydyimmat","10":"product_cat-naisten-eau-de-toilette","11":"product_cat-kampanjamme","12":"product_tag-dolce-gabbana-limperatrice-edt","13":"pa_brand-dolce-gabbana","14":"pa_variantti-100ml","15":"berocket_brand-dolce-gabbana","17":"first","18":"outofstock","19":"sale","20":"taxable","21":"shipping-taxable","22":"purchasable","23":"product-type-simple"},"_links":{"self":[{"href":"https:\/\/stylingagenten.com\/fi\/wp-json\/wp\/v2\/product\/133680","targetHints":{"allow":["GET"]}}],"collection":[{"href":"https:\/\/stylingagenten.com\/fi\/wp-json\/wp\/v2\/product"}],"about":[{"href":"https:\/\/stylingagenten.com\/fi\/wp-json\/wp\/v2\/types\/product"}],"replies":[{"embeddable":true,"href":"https:\/\/stylingagenten.com\/fi\/wp-json\/wp\/v2\/comments?post=133680"}],"version-history":[{"count":0,"href":"https:\/\/stylingagenten.com\/fi\/wp-json\/wp\/v2\/product\/133680\/revisions"}],"wp:featuredmedia":[{"embeddable":true,"href":"https:\/\/stylingagenten.com\/fi\/wp-json\/wp\/v2\/media\/133667"}],"wp:attachment":[{"href":"https:\/\/stylingagenten.com\/fi\/wp-json\/wp\/v2\/media?parent=133680"}],"wp:term":[{"taxonomy":"product_brand","embeddable":true,"href":"https:\/\/stylingagenten.com\/fi\/wp-json\/wp\/v2\/product_brand?post=133680"},{"taxonomy":"product_cat","embeddable":true,"href":"https:\/\/stylingagenten.com\/fi\/wp-json\/wp\/v2\/product_cat?post=133680"},{"taxonomy":"product_tag","embeddable":true,"href":"https:\/\/stylingagenten.com\/fi\/wp-json\/wp\/v2\/product_tag?post=133680"},{"taxonomy":"berocket_brand","embeddable":true,"href":"https:\/\/stylingagenten.com\/fi\/wp-json\/wp\/v2\/berocket_brand?post=133680"}],"curies":[{"name":"wp","href":"https:\/\/api.w.org\/{rel}","templated":true}]}}