{"id":133656,"date":"2025-05-18T22:35:46","date_gmt":"2025-05-18T22:35:46","guid":{"rendered":"https:\/\/staging2.stylingagenten.com\/fi\/produkt\/elie-saab-le-parfum-edp-50ml\/"},"modified":"2026-04-09T19:48:37","modified_gmt":"2026-04-09T19:48:37","slug":"elie-saab-le-parfum-edp-50ml","status":"publish","type":"product","link":"https:\/\/stylingagenten.com\/fi\/tuote\/elie-saab-le-parfum-edp-50ml\/","title":{"rendered":"Elie Saab Le Parfum Edp 50ml"},"content":{"rendered":"<p>ELIE SAAB Le Parfum v\u00e4litt\u00e4\u00e4 naisellista kiiltoa ja loistoa kukka- ja puuteemalla. Se tarjoaa jatkuvan vaihdon kukkien ja puun v\u00e4lill\u00e4, mik\u00e4 antaa kiehtovan resonanssin. <\/p>\n<p>Alkutuoksu: appelsiininkukka <br \/>Syd\u00e4ntuoksu: jasmiini<br \/>Pohjatuoksu: setripuu ja ruusuhunaja<\/p>\n","protected":false},"excerpt":{"rendered":"<p>ELIE SAAB Le Parfum v\u00e4litt\u00e4\u00e4 naisellista kiiltoa ja loistoa kukka- ja puuteemalla. Se tarjoaa jatkuvan vaihdon kukkien ja puun v\u00e4lill\u00e4, mik\u00e4 antaa kiehtovan resonanssin. Alkutuoksu: appelsiininkukka Syd\u00e4ntuoksu: jasmiiniPohjatuoksu: setripuu ja ruusuhunaja<\/p>\n","protected":false},"featured_media":133628,"comment_status":"open","ping_status":"closed","template":"","meta":{"_trash_the_other_posts":false},"product_brand":[],"product_cat":[706],"product_tag":[2859],"berocket_brand":[1302],"class_list":{"0":"post-133656","1":"product","2":"type-product","3":"status-publish","4":"has-post-thumbnail","6":"product_cat-naisten-eau-de-parfum","7":"product_tag-elie-saab-le-parfum-edp","8":"pa_brand-elie-saab","9":"pa_variantti-50ml","10":"berocket_brand-elie-saab","12":"first","13":"instock","14":"sale","15":"taxable","16":"shipping-taxable","17":"purchasable","18":"product-type-simple"},"_links":{"self":[{"href":"https:\/\/stylingagenten.com\/fi\/wp-json\/wp\/v2\/product\/133656","targetHints":{"allow":["GET"]}}],"collection":[{"href":"https:\/\/stylingagenten.com\/fi\/wp-json\/wp\/v2\/product"}],"about":[{"href":"https:\/\/stylingagenten.com\/fi\/wp-json\/wp\/v2\/types\/product"}],"replies":[{"embeddable":true,"href":"https:\/\/stylingagenten.com\/fi\/wp-json\/wp\/v2\/comments?post=133656"}],"version-history":[{"count":0,"href":"https:\/\/stylingagenten.com\/fi\/wp-json\/wp\/v2\/product\/133656\/revisions"}],"wp:featuredmedia":[{"embeddable":true,"href":"https:\/\/stylingagenten.com\/fi\/wp-json\/wp\/v2\/media\/133628"}],"wp:attachment":[{"href":"https:\/\/stylingagenten.com\/fi\/wp-json\/wp\/v2\/media?parent=133656"}],"wp:term":[{"taxonomy":"product_brand","embeddable":true,"href":"https:\/\/stylingagenten.com\/fi\/wp-json\/wp\/v2\/product_brand?post=133656"},{"taxonomy":"product_cat","embeddable":true,"href":"https:\/\/stylingagenten.com\/fi\/wp-json\/wp\/v2\/product_cat?post=133656"},{"taxonomy":"product_tag","embeddable":true,"href":"https:\/\/stylingagenten.com\/fi\/wp-json\/wp\/v2\/product_tag?post=133656"},{"taxonomy":"berocket_brand","embeddable":true,"href":"https:\/\/stylingagenten.com\/fi\/wp-json\/wp\/v2\/berocket_brand?post=133656"}],"curies":[{"name":"wp","href":"https:\/\/api.w.org\/{rel}","templated":true}]}}