{"id":133651,"date":"2025-05-18T22:35:45","date_gmt":"2025-05-18T22:35:45","guid":{"rendered":"https:\/\/staging2.stylingagenten.com\/fi\/produkt\/elizabeth-arden-green-tea-lychee-lime-edt-100ml\/"},"modified":"2026-03-28T10:58:30","modified_gmt":"2026-03-28T10:58:30","slug":"elizabeth-arden-green-tea-lychee-lime-edt-100ml","status":"publish","type":"product","link":"https:\/\/stylingagenten.com\/fi\/tuote\/elizabeth-arden-green-tea-lychee-lime-edt-100ml\/","title":{"rendered":"Elizabeth Arden Green Tea Lychee Lime Edt 100ml"},"content":{"rendered":"<p>Green Tea Lychee Lime on kohottava wc-vesi, joka her\u00e4tt\u00e4\u00e4 aistit henkiin ja saa hymyn huulille. Suihkeella tunnet ylenpalttisen, eloisan ja raikkaan tuoksun, jota ei voi vastustaa. Green Tea Lychee l\u00f6ytyy Elizabeth Ardenin naisten hajuvesisarjasta, ja sen puhtaiden tuoksujen ansiosta sen k\u00e4yt\u00f6ss\u00e4 on vain mielikuvitus rajana. Raikas naisten parfyymi, jossa upea tervetulotoivotus, jossa n\u00e4yt\u00e4t virkist\u00e4v\u00e4lt\u00e4.<\/p>\n<p>Tuoksu avautuu virkist\u00e4viss\u00e4 litsin, italialaisen bergamotin ja sitrushedelmien tuoksuilla. Syd\u00e4mess\u00e4 ovat egyptil\u00e4inen geranium, lumpeen harmonikka ja magnolia. Toisin kuin tuoksun kukkainen syd\u00e4n, pohjassa levi\u00e4\u00e4 rauhallinen Litchi Flash Delight Base, Mate Absolute ja Green Tea -sopivuus.<\/p>\n<p>Tuoksuperhe: Fruity-Fresh<br \/>Yl\u00e4tuoksu: Litchi, Bergamot , Sitrus<br \/>Syd\u00e4ntuoksu: Egyptian Geranium, Water Lily Accord, Magnolia<br \/>Perustuoksu: Lychee Flash Delight Base, Mate Absolute, Green Tea DNA<\/p>\n","protected":false},"excerpt":{"rendered":"<p>Green Tea Lychee Lime on kohottava wc-vesi, joka her\u00e4tt\u00e4\u00e4 aistit henkiin ja saa hymyn huulille. Suihkeella tunnet ylenpalttisen, eloisan ja raikkaan tuoksun, jota ei voi vastustaa. Green Tea Lychee l\u00f6ytyy Elizabeth Ardenin naisten hajuvesisarjasta, ja sen puhtaiden tuoksujen ansiosta sen k\u00e4yt\u00f6ss\u00e4 on vain mielikuvitus rajana. Raikas naisten parfyymi, jossa upea tervetulotoivotus, jossa n\u00e4yt\u00e4t virkist\u00e4v\u00e4lt\u00e4. Tuoksu [&hellip;]<\/p>\n","protected":false},"featured_media":133623,"comment_status":"open","ping_status":"closed","template":"","meta":{"_trash_the_other_posts":false},"product_brand":[],"product_cat":[999,1003,707,735],"product_tag":[],"berocket_brand":[1303],"class_list":{"0":"post-133651","1":"product","2":"type-product","3":"status-publish","4":"has-post-thumbnail","6":"product_cat-kampanjatarjous-naiselle","7":"product_cat-myydyimmat","8":"product_cat-naisten-eau-de-toilette","9":"product_cat-kampanjamme","10":"pa_brand-elizabeth-arden","11":"berocket_brand-elizabeth-arden","13":"first","14":"outofstock","15":"sale","16":"taxable","17":"shipping-taxable","18":"purchasable","19":"product-type-simple"},"_links":{"self":[{"href":"https:\/\/stylingagenten.com\/fi\/wp-json\/wp\/v2\/product\/133651","targetHints":{"allow":["GET"]}}],"collection":[{"href":"https:\/\/stylingagenten.com\/fi\/wp-json\/wp\/v2\/product"}],"about":[{"href":"https:\/\/stylingagenten.com\/fi\/wp-json\/wp\/v2\/types\/product"}],"replies":[{"embeddable":true,"href":"https:\/\/stylingagenten.com\/fi\/wp-json\/wp\/v2\/comments?post=133651"}],"version-history":[{"count":0,"href":"https:\/\/stylingagenten.com\/fi\/wp-json\/wp\/v2\/product\/133651\/revisions"}],"wp:featuredmedia":[{"embeddable":true,"href":"https:\/\/stylingagenten.com\/fi\/wp-json\/wp\/v2\/media\/133623"}],"wp:attachment":[{"href":"https:\/\/stylingagenten.com\/fi\/wp-json\/wp\/v2\/media?parent=133651"}],"wp:term":[{"taxonomy":"product_brand","embeddable":true,"href":"https:\/\/stylingagenten.com\/fi\/wp-json\/wp\/v2\/product_brand?post=133651"},{"taxonomy":"product_cat","embeddable":true,"href":"https:\/\/stylingagenten.com\/fi\/wp-json\/wp\/v2\/product_cat?post=133651"},{"taxonomy":"product_tag","embeddable":true,"href":"https:\/\/stylingagenten.com\/fi\/wp-json\/wp\/v2\/product_tag?post=133651"},{"taxonomy":"berocket_brand","embeddable":true,"href":"https:\/\/stylingagenten.com\/fi\/wp-json\/wp\/v2\/berocket_brand?post=133651"}],"curies":[{"name":"wp","href":"https:\/\/api.w.org\/{rel}","templated":true}]}}