{"id":133650,"date":"2025-05-18T22:35:45","date_gmt":"2025-05-18T22:35:45","guid":{"rendered":"https:\/\/staging2.stylingagenten.com\/fi\/produkt\/elizabeth-arden-green-tea-citron-freesia-edt-100ml\/"},"modified":"2026-03-24T18:37:26","modified_gmt":"2026-03-24T18:37:26","slug":"elizabeth-arden-green-tea-citron-freesia-edt-100ml","status":"publish","type":"product","link":"https:\/\/stylingagenten.com\/fi\/tuote\/elizabeth-arden-green-tea-citron-freesia-edt-100ml\/","title":{"rendered":"Elizabeth Arden Green Tea Citron Freesia Edt 100ml"},"content":{"rendered":"<p>Her\u00e4t\u00e4 aistisi henkiin Elizabeth Ardenin uudella Green Tea Lemon Freesialla, ilahduttavan raikkaalla ja eloisalla tuoksulla, jossa yhdistyv\u00e4t runsaat sitrushedelm\u00e4t sek\u00e4 energisoiva sitruunaruoho ja mustapippuri. Tuoksu avautuu kukkaisilla yl\u00e4tuoksuilla freesialla, jasmiini sambacilla ja virkist\u00e4v\u00e4ll\u00e4 bergamottiesanssilla. Kevyen kukkaharmonian vastakohtana on mate absoluutti, valkoinen koivu ja myski, mik\u00e4 luo rauhoittavan tasapainon raikkautta ja mausteisuutta.<br \/>&#8211; 100 % vegaaninen<br \/>&#8211; 86 % biohajoava<br \/>&#8211; Valmistettu luonnollisesti uutetusta alkoholista<br \/> &#8211; Pakattu kierr\u00e4tett\u00e4v\u00e4\u00e4n lasipulloon ja FSC-sertifioidusta materiaalista valmistettuun laatikkoon.<br \/>Tuoksuperhe: Fresh\/Citrus<br \/>Alkutuoksu: Bergamot Essence<br \/>Syd\u00e4ntuoksu: Freesia Ambiance<br \/>Pohjatuoksu: Mate Absolute .<\/p>\n","protected":false},"excerpt":{"rendered":"<p>Her\u00e4t\u00e4 aistisi henkiin Elizabeth Ardenin uudella Green Tea Lemon Freesialla, ilahduttavan raikkaalla ja eloisalla tuoksulla, jossa yhdistyv\u00e4t runsaat sitrushedelm\u00e4t sek\u00e4 energisoiva sitruunaruoho ja mustapippuri. Tuoksu avautuu kukkaisilla yl\u00e4tuoksuilla freesialla, jasmiini sambacilla ja virkist\u00e4v\u00e4ll\u00e4 bergamottiesanssilla. Kevyen kukkaharmonian vastakohtana on mate absoluutti, valkoinen koivu ja myski, mik\u00e4 luo rauhoittavan tasapainon raikkautta ja mausteisuutta.&#8211; 100 % vegaaninen&#8211; 86 [&hellip;]<\/p>\n","protected":false},"featured_media":133622,"comment_status":"open","ping_status":"closed","template":"","meta":{"_trash_the_other_posts":false},"product_brand":[],"product_cat":[999,707,735],"product_tag":[],"berocket_brand":[1303],"class_list":{"0":"post-133650","1":"product","2":"type-product","3":"status-publish","4":"has-post-thumbnail","6":"product_cat-kampanjatarjous-naiselle","7":"product_cat-naisten-eau-de-toilette","8":"product_cat-kampanjamme","9":"pa_brand-elizabeth-arden","10":"berocket_brand-elizabeth-arden","12":"first","13":"outofstock","14":"sale","15":"taxable","16":"shipping-taxable","17":"purchasable","18":"product-type-simple"},"_links":{"self":[{"href":"https:\/\/stylingagenten.com\/fi\/wp-json\/wp\/v2\/product\/133650","targetHints":{"allow":["GET"]}}],"collection":[{"href":"https:\/\/stylingagenten.com\/fi\/wp-json\/wp\/v2\/product"}],"about":[{"href":"https:\/\/stylingagenten.com\/fi\/wp-json\/wp\/v2\/types\/product"}],"replies":[{"embeddable":true,"href":"https:\/\/stylingagenten.com\/fi\/wp-json\/wp\/v2\/comments?post=133650"}],"version-history":[{"count":0,"href":"https:\/\/stylingagenten.com\/fi\/wp-json\/wp\/v2\/product\/133650\/revisions"}],"wp:featuredmedia":[{"embeddable":true,"href":"https:\/\/stylingagenten.com\/fi\/wp-json\/wp\/v2\/media\/133622"}],"wp:attachment":[{"href":"https:\/\/stylingagenten.com\/fi\/wp-json\/wp\/v2\/media?parent=133650"}],"wp:term":[{"taxonomy":"product_brand","embeddable":true,"href":"https:\/\/stylingagenten.com\/fi\/wp-json\/wp\/v2\/product_brand?post=133650"},{"taxonomy":"product_cat","embeddable":true,"href":"https:\/\/stylingagenten.com\/fi\/wp-json\/wp\/v2\/product_cat?post=133650"},{"taxonomy":"product_tag","embeddable":true,"href":"https:\/\/stylingagenten.com\/fi\/wp-json\/wp\/v2\/product_tag?post=133650"},{"taxonomy":"berocket_brand","embeddable":true,"href":"https:\/\/stylingagenten.com\/fi\/wp-json\/wp\/v2\/berocket_brand?post=133650"}],"curies":[{"name":"wp","href":"https:\/\/api.w.org\/{rel}","templated":true}]}}