{"id":133640,"date":"2025-05-18T22:35:44","date_gmt":"2025-05-18T22:35:44","guid":{"rendered":"https:\/\/staging2.stylingagenten.com\/fi\/produkt\/ralph-lauren-romance-edp-50ml\/"},"modified":"2026-03-11T22:02:21","modified_gmt":"2026-03-11T22:02:21","slug":"ralph-lauren-romance-edp-50ml","status":"publish","type":"product","link":"https:\/\/stylingagenten.com\/fi\/tuote\/ralph-lauren-romance-edp-50ml\/","title":{"rendered":"Ralph Lauren Romance Edp 50ml"},"content":{"rendered":"<p>Ralph Lauren Romance Eau de Parfum. L\u00f6yd\u00e4 silkkisen puun aistillinen olemus, runsaat kukkaiset nuotit ja viettelev\u00e4 myski.<\/p>\n<p>50 ml<\/p>\n","protected":false},"excerpt":{"rendered":"<p>Ralph Lauren Romance Eau de Parfum. L\u00f6yd\u00e4 silkkisen puun aistillinen olemus, runsaat kukkaiset nuotit ja viettelev\u00e4 myski. 50 ml<\/p>\n","protected":false},"featured_media":133618,"comment_status":"open","ping_status":"closed","template":"","meta":{"_trash_the_other_posts":false},"product_brand":[],"product_cat":[999,706,735],"product_tag":[3856],"berocket_brand":[1015],"class_list":{"0":"post-133640","1":"product","2":"type-product","3":"status-publish","4":"has-post-thumbnail","6":"product_cat-kampanjatarjous-naiselle","7":"product_cat-naisten-eau-de-parfum","8":"product_cat-kampanjamme","9":"product_tag-ralph-lauren-romance-edp","10":"pa_brand-ralph-lauren","11":"pa_variantti-50ml","12":"berocket_brand-ralph-lauren","14":"first","15":"instock","16":"sale","17":"taxable","18":"shipping-taxable","19":"purchasable","20":"product-type-simple"},"_links":{"self":[{"href":"https:\/\/stylingagenten.com\/fi\/wp-json\/wp\/v2\/product\/133640","targetHints":{"allow":["GET"]}}],"collection":[{"href":"https:\/\/stylingagenten.com\/fi\/wp-json\/wp\/v2\/product"}],"about":[{"href":"https:\/\/stylingagenten.com\/fi\/wp-json\/wp\/v2\/types\/product"}],"replies":[{"embeddable":true,"href":"https:\/\/stylingagenten.com\/fi\/wp-json\/wp\/v2\/comments?post=133640"}],"version-history":[{"count":0,"href":"https:\/\/stylingagenten.com\/fi\/wp-json\/wp\/v2\/product\/133640\/revisions"}],"wp:featuredmedia":[{"embeddable":true,"href":"https:\/\/stylingagenten.com\/fi\/wp-json\/wp\/v2\/media\/133618"}],"wp:attachment":[{"href":"https:\/\/stylingagenten.com\/fi\/wp-json\/wp\/v2\/media?parent=133640"}],"wp:term":[{"taxonomy":"product_brand","embeddable":true,"href":"https:\/\/stylingagenten.com\/fi\/wp-json\/wp\/v2\/product_brand?post=133640"},{"taxonomy":"product_cat","embeddable":true,"href":"https:\/\/stylingagenten.com\/fi\/wp-json\/wp\/v2\/product_cat?post=133640"},{"taxonomy":"product_tag","embeddable":true,"href":"https:\/\/stylingagenten.com\/fi\/wp-json\/wp\/v2\/product_tag?post=133640"},{"taxonomy":"berocket_brand","embeddable":true,"href":"https:\/\/stylingagenten.com\/fi\/wp-json\/wp\/v2\/berocket_brand?post=133640"}],"curies":[{"name":"wp","href":"https:\/\/api.w.org\/{rel}","templated":true}]}}