{"id":133638,"date":"2025-05-18T22:35:44","date_gmt":"2025-05-18T22:35:44","guid":{"rendered":"https:\/\/staging2.stylingagenten.com\/fi\/produkt\/hollister-canyon-sky-for-her-edp-100ml\/"},"modified":"2026-03-11T21:47:59","modified_gmt":"2026-03-11T21:47:59","slug":"hollister-canyon-sky-for-her-edp-100ml","status":"publish","type":"product","link":"https:\/\/stylingagenten.com\/fi\/tuote\/hollister-canyon-sky-for-her-edp-100ml\/","title":{"rendered":"Hollister Canyon Sky For Her Edp 100ml"},"content":{"rendered":"<p>Canyon Sky for Her EdP on kukkainen ja hedelm\u00e4inen tuoksu, joka on yht\u00e4 paljon koukuttava ja hauska \u2013 heti ensivaikutelman j\u00e4lkeen. Vadelman, pionin ja santelipuun makeat nuotit kohtaavat tasapainoisen kontrastin kirpe\u00e4n sitrushedelmien ja kukkien kanssa, jotka asettuvat kermaisten gourmandien ja eleganttien puun s\u00e4vyjen pohjaan.<\/p>\n<p>Hollisterin kukkainen hedelm\u00e4inen hajuvesi<br \/>Sopii seikkailunhaluisille tytt\u00f6<br \/>T\u00e4ydellinen jokap\u00e4iv\u00e4inen tuoksu<br \/>Eau de Parfum<br \/>Kalifornian aavikon eloisa taivas, viimeinen pys\u00e4kki j\u00e4nnitt\u00e4v\u00e4ll\u00e4 tiematkalla. Nauti henke\u00e4salpaavista n\u00e4ht\u00e4vyyksist\u00e4 ja tuoksuista, kun sin\u00e4 ja parhaat yst\u00e4v\u00e4si katsot y\u00f6taivaalle ja luot muistoja, jotka kest\u00e4v\u00e4t elini\u00e4n. Canyon Sky for Her sis\u00e4lt\u00e4\u00e4 aavistus kirkkaan punaisia \u200b\u200bmarjoja vetisen auringonkukan syd\u00e4men p\u00e4\u00e4ll\u00e4, mik\u00e4 antaa virkist\u00e4v\u00e4n ylellisyyden tunteen. L\u00e4mmin, puinen pohja ja ripaus praliinia antavat kontrastisen vaikutelman, joka viipyy.<\/p>\n<p>Yl\u00e4osa: Vadelma, punaherukka, bergamotti<br \/>Syd\u00e4n: heliotrooppi, pioni, appelsiininkukka<br \/>Pohja: santelipuu, praliini , myski<\/p>\n","protected":false},"excerpt":{"rendered":"<p>Canyon Sky for Her EdP on kukkainen ja hedelm\u00e4inen tuoksu, joka on yht\u00e4 paljon koukuttava ja hauska \u2013 heti ensivaikutelman j\u00e4lkeen. Vadelman, pionin ja santelipuun makeat nuotit kohtaavat tasapainoisen kontrastin kirpe\u00e4n sitrushedelmien ja kukkien kanssa, jotka asettuvat kermaisten gourmandien ja eleganttien puun s\u00e4vyjen pohjaan. Hollisterin kukkainen hedelm\u00e4inen hajuvesiSopii seikkailunhaluisille tytt\u00f6T\u00e4ydellinen jokap\u00e4iv\u00e4inen tuoksuEau de ParfumKalifornian aavikon [&hellip;]<\/p>\n","protected":false},"featured_media":133616,"comment_status":"open","ping_status":"closed","template":"","meta":{"_trash_the_other_posts":false},"product_brand":[],"product_cat":[999,706,735],"product_tag":[],"berocket_brand":[1338],"class_list":{"0":"post-133638","1":"product","2":"type-product","3":"status-publish","4":"has-post-thumbnail","6":"product_cat-kampanjatarjous-naiselle","7":"product_cat-naisten-eau-de-parfum","8":"product_cat-kampanjamme","9":"pa_brand-hollister","10":"berocket_brand-hollister","12":"first","13":"instock","14":"sale","15":"taxable","16":"shipping-taxable","17":"purchasable","18":"product-type-simple"},"_links":{"self":[{"href":"https:\/\/stylingagenten.com\/fi\/wp-json\/wp\/v2\/product\/133638","targetHints":{"allow":["GET"]}}],"collection":[{"href":"https:\/\/stylingagenten.com\/fi\/wp-json\/wp\/v2\/product"}],"about":[{"href":"https:\/\/stylingagenten.com\/fi\/wp-json\/wp\/v2\/types\/product"}],"replies":[{"embeddable":true,"href":"https:\/\/stylingagenten.com\/fi\/wp-json\/wp\/v2\/comments?post=133638"}],"version-history":[{"count":0,"href":"https:\/\/stylingagenten.com\/fi\/wp-json\/wp\/v2\/product\/133638\/revisions"}],"wp:featuredmedia":[{"embeddable":true,"href":"https:\/\/stylingagenten.com\/fi\/wp-json\/wp\/v2\/media\/133616"}],"wp:attachment":[{"href":"https:\/\/stylingagenten.com\/fi\/wp-json\/wp\/v2\/media?parent=133638"}],"wp:term":[{"taxonomy":"product_brand","embeddable":true,"href":"https:\/\/stylingagenten.com\/fi\/wp-json\/wp\/v2\/product_brand?post=133638"},{"taxonomy":"product_cat","embeddable":true,"href":"https:\/\/stylingagenten.com\/fi\/wp-json\/wp\/v2\/product_cat?post=133638"},{"taxonomy":"product_tag","embeddable":true,"href":"https:\/\/stylingagenten.com\/fi\/wp-json\/wp\/v2\/product_tag?post=133638"},{"taxonomy":"berocket_brand","embeddable":true,"href":"https:\/\/stylingagenten.com\/fi\/wp-json\/wp\/v2\/berocket_brand?post=133638"}],"curies":[{"name":"wp","href":"https:\/\/api.w.org\/{rel}","templated":true}]}}