{"id":133601,"date":"2025-05-18T22:35:38","date_gmt":"2025-05-18T22:35:38","guid":{"rendered":"https:\/\/staging2.stylingagenten.com\/fi\/produkt\/guess-girl-belle-edt-100ml\/"},"modified":"2026-04-13T07:08:32","modified_gmt":"2026-04-13T07:08:32","slug":"guess-girl-belle-edt-100ml","status":"publish","type":"product","link":"https:\/\/stylingagenten.com\/fi\/tuote\/guess-girl-belle-edt-100ml\/","title":{"rendered":"Guess Girl Belle Edt 100ml"},"content":{"rendered":"<p>Guess Girl Belle Edt on vieh\u00e4tt\u00e4v\u00e4mpi versio suositusta Guess Girl -tuoksusta, ja sit\u00e4 kuvataan vastustamattomaksi ja salaper\u00e4iseksi tuoksuksi.<\/p>\n<p><strong>Tuoksun tuoksu:<\/strong> villi b&auml; r, samppanja , kukka, pioni, jasmiini, orvokki, santelipuu, vanilja ja myski.<\/p>\n<p><span>&amp;nbsp ;<\/span><\/p>\n","protected":false},"excerpt":{"rendered":"<p>Guess Girl Belle Edt on vieh\u00e4tt\u00e4v\u00e4mpi versio suositusta Guess Girl -tuoksusta, ja sit\u00e4 kuvataan vastustamattomaksi ja salaper\u00e4iseksi tuoksuksi. Tuoksun tuoksu: villi b&auml; r, samppanja , kukka, pioni, jasmiini, orvokki, santelipuu, vanilja ja myski. &amp;nbsp ;<\/p>\n","protected":false},"featured_media":133596,"comment_status":"open","ping_status":"closed","template":"","meta":{"_trash_the_other_posts":false},"product_brand":[],"product_cat":[883,999,707,735],"product_tag":[2958],"berocket_brand":[1331],"class_list":{"0":"post-133601","1":"product","2":"type-product","3":"status-publish","4":"has-post-thumbnail","6":"product_cat-guess-girl","7":"product_cat-kampanjatarjous-naiselle","8":"product_cat-naisten-eau-de-toilette","9":"product_cat-kampanjamme","10":"product_tag-guess-girl-belle-edt","11":"pa_brand-guess","12":"pa_variantti-100ml","13":"berocket_brand-guess","15":"first","16":"outofstock","17":"sale","18":"taxable","19":"shipping-taxable","20":"purchasable","21":"product-type-simple"},"_links":{"self":[{"href":"https:\/\/stylingagenten.com\/fi\/wp-json\/wp\/v2\/product\/133601","targetHints":{"allow":["GET"]}}],"collection":[{"href":"https:\/\/stylingagenten.com\/fi\/wp-json\/wp\/v2\/product"}],"about":[{"href":"https:\/\/stylingagenten.com\/fi\/wp-json\/wp\/v2\/types\/product"}],"replies":[{"embeddable":true,"href":"https:\/\/stylingagenten.com\/fi\/wp-json\/wp\/v2\/comments?post=133601"}],"version-history":[{"count":0,"href":"https:\/\/stylingagenten.com\/fi\/wp-json\/wp\/v2\/product\/133601\/revisions"}],"wp:featuredmedia":[{"embeddable":true,"href":"https:\/\/stylingagenten.com\/fi\/wp-json\/wp\/v2\/media\/133596"}],"wp:attachment":[{"href":"https:\/\/stylingagenten.com\/fi\/wp-json\/wp\/v2\/media?parent=133601"}],"wp:term":[{"taxonomy":"product_brand","embeddable":true,"href":"https:\/\/stylingagenten.com\/fi\/wp-json\/wp\/v2\/product_brand?post=133601"},{"taxonomy":"product_cat","embeddable":true,"href":"https:\/\/stylingagenten.com\/fi\/wp-json\/wp\/v2\/product_cat?post=133601"},{"taxonomy":"product_tag","embeddable":true,"href":"https:\/\/stylingagenten.com\/fi\/wp-json\/wp\/v2\/product_tag?post=133601"},{"taxonomy":"berocket_brand","embeddable":true,"href":"https:\/\/stylingagenten.com\/fi\/wp-json\/wp\/v2\/berocket_brand?post=133601"}],"curies":[{"name":"wp","href":"https:\/\/api.w.org\/{rel}","templated":true}]}}