{"id":133592,"date":"2025-05-18T22:35:37","date_gmt":"2025-05-18T22:35:37","guid":{"rendered":"https:\/\/staging2.stylingagenten.com\/fi\/produkt\/elizabeth-arden-always-red-edt-100ml\/"},"modified":"2026-04-02T09:28:26","modified_gmt":"2026-04-02T09:28:26","slug":"elizabeth-arden-always-red-edt-100ml","status":"publish","type":"product","link":"https:\/\/stylingagenten.com\/fi\/tuote\/elizabeth-arden-always-red-edt-100ml\/","title":{"rendered":"Elizabeth Arden Always Red Edt 100ml"},"content":{"rendered":"<p>Elizabeth Arden Always Red EdT on ylellinen tuoksu, joka on ihanteellinen itsevarmalle naiselle. T\u00e4m\u00e4 elegantti tuoksu her\u00e4tt\u00e4\u00e4 huomiota ja on t\u00e4ydellinen illanviettoon!<\/p>\n<p>Tuoksu avautuu mehukkailla luumun, passionhedelm\u00e4n ja veriappelsiinin s\u00e4vyill\u00e4, ennen kuin se siirtyy kukkaiseen syd\u00e4meen jasmiinin, ruusun ja vaaleanpunaisen freesian kera. Elizabeth Arden Always Red EdT laskeutuu sitten pehme\u00e4sti sensuellin, viekoittelevaan pohjaan punaisella meripihkalla, mahongilla ja suklaakonvehdeilla.<\/p>\n<p>100 ml<\/p>\n","protected":false},"excerpt":{"rendered":"<p>Elizabeth Arden Always Red EdT on ylellinen tuoksu, joka on ihanteellinen itsevarmalle naiselle. T\u00e4m\u00e4 elegantti tuoksu her\u00e4tt\u00e4\u00e4 huomiota ja on t\u00e4ydellinen illanviettoon! Tuoksu avautuu mehukkailla luumun, passionhedelm\u00e4n ja veriappelsiinin s\u00e4vyill\u00e4, ennen kuin se siirtyy kukkaiseen syd\u00e4meen jasmiinin, ruusun ja vaaleanpunaisen freesian kera. Elizabeth Arden Always Red EdT laskeutuu sitten pehme\u00e4sti sensuellin, viekoittelevaan pohjaan punaisella meripihkalla, [&hellip;]<\/p>\n","protected":false},"featured_media":133588,"comment_status":"open","ping_status":"closed","template":"","meta":{"_trash_the_other_posts":false},"product_brand":[],"product_cat":[707],"product_tag":[],"berocket_brand":[1303],"class_list":{"0":"post-133592","1":"product","2":"type-product","3":"status-publish","4":"has-post-thumbnail","6":"product_cat-naisten-eau-de-toilette","7":"pa_brand-elizabeth-arden","8":"berocket_brand-elizabeth-arden","10":"first","11":"instock","12":"sale","13":"taxable","14":"shipping-taxable","15":"purchasable","16":"product-type-simple"},"_links":{"self":[{"href":"https:\/\/stylingagenten.com\/fi\/wp-json\/wp\/v2\/product\/133592","targetHints":{"allow":["GET"]}}],"collection":[{"href":"https:\/\/stylingagenten.com\/fi\/wp-json\/wp\/v2\/product"}],"about":[{"href":"https:\/\/stylingagenten.com\/fi\/wp-json\/wp\/v2\/types\/product"}],"replies":[{"embeddable":true,"href":"https:\/\/stylingagenten.com\/fi\/wp-json\/wp\/v2\/comments?post=133592"}],"version-history":[{"count":0,"href":"https:\/\/stylingagenten.com\/fi\/wp-json\/wp\/v2\/product\/133592\/revisions"}],"wp:featuredmedia":[{"embeddable":true,"href":"https:\/\/stylingagenten.com\/fi\/wp-json\/wp\/v2\/media\/133588"}],"wp:attachment":[{"href":"https:\/\/stylingagenten.com\/fi\/wp-json\/wp\/v2\/media?parent=133592"}],"wp:term":[{"taxonomy":"product_brand","embeddable":true,"href":"https:\/\/stylingagenten.com\/fi\/wp-json\/wp\/v2\/product_brand?post=133592"},{"taxonomy":"product_cat","embeddable":true,"href":"https:\/\/stylingagenten.com\/fi\/wp-json\/wp\/v2\/product_cat?post=133592"},{"taxonomy":"product_tag","embeddable":true,"href":"https:\/\/stylingagenten.com\/fi\/wp-json\/wp\/v2\/product_tag?post=133592"},{"taxonomy":"berocket_brand","embeddable":true,"href":"https:\/\/stylingagenten.com\/fi\/wp-json\/wp\/v2\/berocket_brand?post=133592"}],"curies":[{"name":"wp","href":"https:\/\/api.w.org\/{rel}","templated":true}]}}