{"id":133590,"date":"2025-05-18T22:35:36","date_gmt":"2025-05-18T22:35:36","guid":{"rendered":"https:\/\/staging2.stylingagenten.com\/fi\/produkt\/paco-rabanne-olympea-blossom-edp-30ml\/"},"modified":"2026-03-11T22:00:39","modified_gmt":"2026-03-11T22:00:39","slug":"paco-rabanne-olympea-blossom-edp-30ml","status":"publish","type":"product","link":"https:\/\/stylingagenten.com\/fi\/tuote\/paco-rabanne-olympea-blossom-edp-30ml\/","title":{"rendered":"Paco Rabanne Olympea Blossom Edp 30ml"},"content":{"rendered":"<p>Paco Rabanne esittelee uuden naisellisuuden kokemuksen Olymp\u00e9a Blossom Eau de Parfumilla, hedelm\u00e4isen kukkaistuoksun, joka symboloi odottamatonta sensuaalisuutta. Jumalainen taistelu raikkaan kukkien ter\u00e4lehtien ja syv\u00e4n sensuaalisuuden v\u00e4lill\u00e4. Tuoksu avautuu l\u00e4mpim\u00e4ll\u00e4 tuulahduksella tuoreita ruusuja ja mustaherukkasorbettia, jotka kohtaavat mausteisia s\u00e4vyj\u00e4 ja j\u00e4\u00e4tynytt\u00e4 p\u00e4\u00e4ryn\u00e4\u00e4 syd\u00e4mess\u00e4. Kukan raikkaus asetetaan seksikk\u00e4\u00e4seen kontrastiin makean vaniljan kanssa, joka on sekoitettu kashmirpuuhun. Myskin tuoksuvana j\u00e4lkinautintona vahvistaa ja pident\u00e4\u00e4 tuoksua, luoden taikaa ihollesi.<\/p>\n<p>P\u00e4\u00e4lle nuotti: Vaaleanpunainen pippuri, ruusu<br \/>\n<br \/>Syd\u00e4n nuotti: P\u00e4\u00e4ryn\u00e4, mustaherukkasorbetti<br \/>\n<br \/>Pohja nuotti: Vanilja, kashmirpuu<\/p>\n<p>30 ml<\/p>\n","protected":false},"excerpt":{"rendered":"<p>Paco Rabanne esittelee uuden naisellisuuden kokemuksen Olymp\u00e9a Blossom Eau de Parfumilla, hedelm\u00e4isen kukkaistuoksun, joka symboloi odottamatonta sensuaalisuutta. Jumalainen taistelu raikkaan kukkien ter\u00e4lehtien ja syv\u00e4n sensuaalisuuden v\u00e4lill\u00e4. Tuoksu avautuu l\u00e4mpim\u00e4ll\u00e4 tuulahduksella tuoreita ruusuja ja mustaherukkasorbettia, jotka kohtaavat mausteisia s\u00e4vyj\u00e4 ja j\u00e4\u00e4tynytt\u00e4 p\u00e4\u00e4ryn\u00e4\u00e4 syd\u00e4mess\u00e4. Kukan raikkaus asetetaan seksikk\u00e4\u00e4seen kontrastiin makean vaniljan kanssa, joka on sekoitettu kashmirpuuhun. Myskin [&hellip;]<\/p>\n","protected":false},"featured_media":133557,"comment_status":"open","ping_status":"closed","template":"","meta":{"_trash_the_other_posts":false},"product_brand":[],"product_cat":[999,706,735],"product_tag":[3740],"berocket_brand":[1048],"class_list":{"0":"post-133590","1":"product","2":"type-product","3":"status-publish","4":"has-post-thumbnail","6":"product_cat-kampanjatarjous-naiselle","7":"product_cat-naisten-eau-de-parfum","8":"product_cat-kampanjamme","9":"product_tag-paco-rabanne-olympea-blossom-edp","10":"pa_brand-paco-rabanne","11":"pa_variantti-30ml","12":"berocket_brand-paco-rabanne","14":"first","15":"instock","16":"sale","17":"taxable","18":"shipping-taxable","19":"purchasable","20":"product-type-simple"},"_links":{"self":[{"href":"https:\/\/stylingagenten.com\/fi\/wp-json\/wp\/v2\/product\/133590","targetHints":{"allow":["GET"]}}],"collection":[{"href":"https:\/\/stylingagenten.com\/fi\/wp-json\/wp\/v2\/product"}],"about":[{"href":"https:\/\/stylingagenten.com\/fi\/wp-json\/wp\/v2\/types\/product"}],"replies":[{"embeddable":true,"href":"https:\/\/stylingagenten.com\/fi\/wp-json\/wp\/v2\/comments?post=133590"}],"version-history":[{"count":0,"href":"https:\/\/stylingagenten.com\/fi\/wp-json\/wp\/v2\/product\/133590\/revisions"}],"wp:featuredmedia":[{"embeddable":true,"href":"https:\/\/stylingagenten.com\/fi\/wp-json\/wp\/v2\/media\/133557"}],"wp:attachment":[{"href":"https:\/\/stylingagenten.com\/fi\/wp-json\/wp\/v2\/media?parent=133590"}],"wp:term":[{"taxonomy":"product_brand","embeddable":true,"href":"https:\/\/stylingagenten.com\/fi\/wp-json\/wp\/v2\/product_brand?post=133590"},{"taxonomy":"product_cat","embeddable":true,"href":"https:\/\/stylingagenten.com\/fi\/wp-json\/wp\/v2\/product_cat?post=133590"},{"taxonomy":"product_tag","embeddable":true,"href":"https:\/\/stylingagenten.com\/fi\/wp-json\/wp\/v2\/product_tag?post=133590"},{"taxonomy":"berocket_brand","embeddable":true,"href":"https:\/\/stylingagenten.com\/fi\/wp-json\/wp\/v2\/berocket_brand?post=133590"}],"curies":[{"name":"wp","href":"https:\/\/api.w.org\/{rel}","templated":true}]}}