{"id":133546,"date":"2025-05-18T22:35:30","date_gmt":"2025-05-18T22:35:30","guid":{"rendered":"https:\/\/staging2.stylingagenten.com\/fi\/produkt\/elizabeth-arden-green-tea-coconut-breeze-edt-100ml\/"},"modified":"2026-04-14T05:58:26","modified_gmt":"2026-04-14T05:58:26","slug":"elizabeth-arden-green-tea-coconut-breeze-edt-100ml","status":"publish","type":"product","link":"https:\/\/stylingagenten.com\/fi\/tuote\/elizabeth-arden-green-tea-coconut-breeze-edt-100ml\/","title":{"rendered":"Elizabeth Arden Green Tea Coconut Breeze Edt 100ml"},"content":{"rendered":"<p>Elizabeth Arden Green Tea Coconut Breeze EDT on lippusi elinvoimaiseen ja virkist\u00e4v\u00e4\u00e4n retkeen, joka perustuu meid\u00e4n vihre\u00e4n teen tunnusomaiseen tuoksuun. Ikonisen vihre\u00e4n teen pohjan avulla t\u00e4m\u00e4 tuoksu sis\u00e4lt\u00e4\u00e4 tropiikin keitaan olennaisen &#8211; rauhallisen paon, joka henkil\u00f6i leikkis\u00e4n, aktiivisen ja hauskana henken\u00e4. Juuri kantajansa tavoin se on t\u00e4ynn\u00e4 positiivisuutta ja vastustamatonta el\u00e4m\u00e4niloa. El\u00e4v\u00e4ll\u00e4 r\u00e4j\u00e4hdyksell\u00e4 tuoksu avautuu suolaisen kookoksen ja kookoshiutaleiden vivahteilla, tasapainotettuna bergamotin virkist\u00e4v\u00e4ll\u00e4 kirkkaudella. Syd\u00e4n paljastaa merkitt\u00e4v\u00e4t vihre\u00e4n teen s\u00e4vyt, jotka sekoittuvat valkoisten trooppisten kukkien kanssa hienovaraisen kerroksen luomiseksi, heijastellen tuoksun dynaamista luonnetta. Rauhallinen loppu luodaan valkoisella ambrolla, vihjeell\u00e4 myski\u00e4 ja maanl\u00e4heisill\u00e4 s\u00e4vyill\u00e4 tammisammalakkordista, mik\u00e4 antaa syntyns\u00e4 kiehtovalle tuoksulle, joka kaikuu elinvoimaa ja el\u00e4m\u00e4n iloa.<\/p>\n<p>100 ml<\/p>\n","protected":false},"excerpt":{"rendered":"<p>Elizabeth Arden Green Tea Coconut Breeze EDT on lippusi elinvoimaiseen ja virkist\u00e4v\u00e4\u00e4n retkeen, joka perustuu meid\u00e4n vihre\u00e4n teen tunnusomaiseen tuoksuun. Ikonisen vihre\u00e4n teen pohjan avulla t\u00e4m\u00e4 tuoksu sis\u00e4lt\u00e4\u00e4 tropiikin keitaan olennaisen &#8211; rauhallisen paon, joka henkil\u00f6i leikkis\u00e4n, aktiivisen ja hauskana henken\u00e4. Juuri kantajansa tavoin se on t\u00e4ynn\u00e4 positiivisuutta ja vastustamatonta el\u00e4m\u00e4niloa. El\u00e4v\u00e4ll\u00e4 r\u00e4j\u00e4hdyksell\u00e4 tuoksu avautuu [&hellip;]<\/p>\n","protected":false},"featured_media":133517,"comment_status":"open","ping_status":"closed","template":"","meta":{"_trash_the_other_posts":false},"product_brand":[],"product_cat":[999,707,735],"product_tag":[],"berocket_brand":[1303],"class_list":{"0":"post-133546","1":"product","2":"type-product","3":"status-publish","4":"has-post-thumbnail","6":"product_cat-kampanjatarjous-naiselle","7":"product_cat-naisten-eau-de-toilette","8":"product_cat-kampanjamme","9":"pa_brand-elizabeth-arden","10":"berocket_brand-elizabeth-arden","12":"first","13":"instock","14":"sale","15":"taxable","16":"shipping-taxable","17":"purchasable","18":"product-type-simple"},"_links":{"self":[{"href":"https:\/\/stylingagenten.com\/fi\/wp-json\/wp\/v2\/product\/133546","targetHints":{"allow":["GET"]}}],"collection":[{"href":"https:\/\/stylingagenten.com\/fi\/wp-json\/wp\/v2\/product"}],"about":[{"href":"https:\/\/stylingagenten.com\/fi\/wp-json\/wp\/v2\/types\/product"}],"replies":[{"embeddable":true,"href":"https:\/\/stylingagenten.com\/fi\/wp-json\/wp\/v2\/comments?post=133546"}],"version-history":[{"count":1,"href":"https:\/\/stylingagenten.com\/fi\/wp-json\/wp\/v2\/product\/133546\/revisions"}],"predecessor-version":[{"id":443141,"href":"https:\/\/stylingagenten.com\/fi\/wp-json\/wp\/v2\/product\/133546\/revisions\/443141"}],"wp:featuredmedia":[{"embeddable":true,"href":"https:\/\/stylingagenten.com\/fi\/wp-json\/wp\/v2\/media\/133517"}],"wp:attachment":[{"href":"https:\/\/stylingagenten.com\/fi\/wp-json\/wp\/v2\/media?parent=133546"}],"wp:term":[{"taxonomy":"product_brand","embeddable":true,"href":"https:\/\/stylingagenten.com\/fi\/wp-json\/wp\/v2\/product_brand?post=133546"},{"taxonomy":"product_cat","embeddable":true,"href":"https:\/\/stylingagenten.com\/fi\/wp-json\/wp\/v2\/product_cat?post=133546"},{"taxonomy":"product_tag","embeddable":true,"href":"https:\/\/stylingagenten.com\/fi\/wp-json\/wp\/v2\/product_tag?post=133546"},{"taxonomy":"berocket_brand","embeddable":true,"href":"https:\/\/stylingagenten.com\/fi\/wp-json\/wp\/v2\/berocket_brand?post=133546"}],"curies":[{"name":"wp","href":"https:\/\/api.w.org\/{rel}","templated":true}]}}