{"id":133541,"date":"2025-05-18T22:35:29","date_gmt":"2025-05-18T22:35:29","guid":{"rendered":"https:\/\/staging2.stylingagenten.com\/fi\/produkt\/elizabeth-arden-white-tea-edp-100ml\/"},"modified":"2026-03-24T15:30:34","modified_gmt":"2026-03-24T15:30:34","slug":"elizabeth-arden-white-tea-edp-100ml","status":"publish","type":"product","link":"https:\/\/stylingagenten.com\/fi\/tuote\/elizabeth-arden-white-tea-edp-100ml\/","title":{"rendered":"Elizabeth Arden White Tea Edp 100ml"},"content":{"rendered":"<p>White Tea juhlistaa el\u00e4m\u00e4n iloa. Koe hetken ilo ottaa aikaa itsellesi ja nauti henkil\u00f6kohtaisesta pohdinnasta, joka siihen liittyy. Hengit\u00e4 syv\u00e4\u00e4n, anna rauhan ymp\u00e4r\u00f6id\u00e4 sinut ja nauti hetkest\u00e4. White Tea kutsuu sinut osallistumaan ymp\u00e4r\u00f6iv\u00e4\u00e4n kauneuteen joka p\u00e4iv\u00e4.<\/p>\n<p>Elizabeth Ardenin alkuper\u00e4isen White Tea Eau de Toilette -tuoksun luojien uutuus on White Tea Eau de Parfum -tuoksu. Raikas kukkaistuoksu, jonka pehme\u00e4 l\u00e4mp\u00f6 j\u00e4\u00e4 iholle kuin halaus. Tuoksu on kehitetty VivaScentz\u2122 -teknologialla, mik\u00e4 her\u00e4tt\u00e4\u00e4 k\u00e4ytt\u00e4j\u00e4ss\u00e4 syvemm\u00e4n hyvinvoinnin tunteen.<\/p>\n<p>White Tea Eau de Parfum -pullo seuraa nykyisten White Tea -tuoksujen siluettia: korkea, kapea valkoinen pullo kultaisella korkilla &#8211; syvemm\u00e4n parfyymisen tuoksun symboli. Pakkaus on FSC-sertifioitu.<\/p>\n<p>P\u00e4\u00e4ll\u00e4 olevat nuotit: Italialainen mandariini, Merituulen aallot, Salvia<br \/>\n<br \/>Syd\u00e4menuotit: Valkoinen teet\u00e4, Mate-absoluutti, Ruusuvesi, Jasmiinilehdet<br \/>\n<br \/>Pohjanuotit: Tonkapapuabsoluutti (eettisesti tuotettu), Muskotti, Meripihka<\/p>\n<p>100 ml<\/p>\n","protected":false},"excerpt":{"rendered":"<p>White Tea juhlistaa el\u00e4m\u00e4n iloa. Koe hetken ilo ottaa aikaa itsellesi ja nauti henkil\u00f6kohtaisesta pohdinnasta, joka siihen liittyy. Hengit\u00e4 syv\u00e4\u00e4n, anna rauhan ymp\u00e4r\u00f6id\u00e4 sinut ja nauti hetkest\u00e4. White Tea kutsuu sinut osallistumaan ymp\u00e4r\u00f6iv\u00e4\u00e4n kauneuteen joka p\u00e4iv\u00e4. Elizabeth Ardenin alkuper\u00e4isen White Tea Eau de Toilette -tuoksun luojien uutuus on White Tea Eau de Parfum -tuoksu. Raikas [&hellip;]<\/p>\n","protected":false},"featured_media":133522,"comment_status":"open","ping_status":"closed","template":"","meta":{"_trash_the_other_posts":false},"product_brand":[],"product_cat":[999,706,735],"product_tag":[2874],"berocket_brand":[1303],"class_list":{"0":"post-133541","1":"product","2":"type-product","3":"status-publish","4":"has-post-thumbnail","6":"product_cat-kampanjatarjous-naiselle","7":"product_cat-naisten-eau-de-parfum","8":"product_cat-kampanjamme","9":"product_tag-elizabeth-arden-white-tea-edp","10":"pa_brand-elizabeth-arden","11":"pa_variantti-100ml","12":"berocket_brand-elizabeth-arden","14":"first","15":"instock","16":"sale","17":"taxable","18":"shipping-taxable","19":"purchasable","20":"product-type-simple"},"_links":{"self":[{"href":"https:\/\/stylingagenten.com\/fi\/wp-json\/wp\/v2\/product\/133541","targetHints":{"allow":["GET"]}}],"collection":[{"href":"https:\/\/stylingagenten.com\/fi\/wp-json\/wp\/v2\/product"}],"about":[{"href":"https:\/\/stylingagenten.com\/fi\/wp-json\/wp\/v2\/types\/product"}],"replies":[{"embeddable":true,"href":"https:\/\/stylingagenten.com\/fi\/wp-json\/wp\/v2\/comments?post=133541"}],"version-history":[{"count":0,"href":"https:\/\/stylingagenten.com\/fi\/wp-json\/wp\/v2\/product\/133541\/revisions"}],"wp:featuredmedia":[{"embeddable":true,"href":"https:\/\/stylingagenten.com\/fi\/wp-json\/wp\/v2\/media\/133522"}],"wp:attachment":[{"href":"https:\/\/stylingagenten.com\/fi\/wp-json\/wp\/v2\/media?parent=133541"}],"wp:term":[{"taxonomy":"product_brand","embeddable":true,"href":"https:\/\/stylingagenten.com\/fi\/wp-json\/wp\/v2\/product_brand?post=133541"},{"taxonomy":"product_cat","embeddable":true,"href":"https:\/\/stylingagenten.com\/fi\/wp-json\/wp\/v2\/product_cat?post=133541"},{"taxonomy":"product_tag","embeddable":true,"href":"https:\/\/stylingagenten.com\/fi\/wp-json\/wp\/v2\/product_tag?post=133541"},{"taxonomy":"berocket_brand","embeddable":true,"href":"https:\/\/stylingagenten.com\/fi\/wp-json\/wp\/v2\/berocket_brand?post=133541"}],"curies":[{"name":"wp","href":"https:\/\/api.w.org\/{rel}","templated":true}]}}