{"id":133540,"date":"2025-05-18T22:35:29","date_gmt":"2025-05-18T22:35:29","guid":{"rendered":"https:\/\/staging2.stylingagenten.com\/fi\/produkt\/clean-classic-soft-laundry-edp-60ml\/"},"modified":"2026-04-08T15:29:39","modified_gmt":"2026-04-08T15:29:39","slug":"clean-classic-soft-laundry-edp-60ml","status":"publish","type":"product","link":"https:\/\/stylingagenten.com\/fi\/tuote\/clean-classic-soft-laundry-edp-60ml\/","title":{"rendered":"Clean Classic Soft Laundry Edp 60ml"},"content":{"rendered":"<p>Clean Classic Soft Laundry on tuoksu, joka on saanut inspiraationsa puhtaasta ja raikkaasta vastapestyjen vaatteiden tuoksusta, kun ne kuivuvat viile\u00e4ss\u00e4 kev\u00e4tilmassa, jossa auringon viipyv\u00e4 l\u00e4mp\u00f6 edelleen tuntuu. Tuoksussa on virkist\u00e4vi\u00e4 p\u00e4\u00e4ryn\u00e4n ja bergamotin vivahteita, jotka sekoittuvat vesinuotteihin luoden puhtaan ja kirkkaan tuulahduksen. Jasmiinin, lumpeenkukan ja iiriksen kukkaiset nuotit kietoutuvat amberiin ja myskiin, muistuttaen pehme\u00e4st\u00e4 ja turvallisesta halauksesta.<\/p>\n<p>Yl\u00e4nuotit: Bergamotti, merelliset nuotit ja p\u00e4\u00e4ryn\u00e4<br \/>\n<br \/>Syd\u00e4nnuotit: Jasmiini, lumpeenkukka ja iiris<br \/>\n<br \/>Pohjanuotit: Myski, amber ja santelipuu<\/p>\n<p>60ml<\/p>\n","protected":false},"excerpt":{"rendered":"<p>Clean Classic Soft Laundry on tuoksu, joka on saanut inspiraationsa puhtaasta ja raikkaasta vastapestyjen vaatteiden tuoksusta, kun ne kuivuvat viile\u00e4ss\u00e4 kev\u00e4tilmassa, jossa auringon viipyv\u00e4 l\u00e4mp\u00f6 edelleen tuntuu. Tuoksussa on virkist\u00e4vi\u00e4 p\u00e4\u00e4ryn\u00e4n ja bergamotin vivahteita, jotka sekoittuvat vesinuotteihin luoden puhtaan ja kirkkaan tuulahduksen. Jasmiinin, lumpeenkukan ja iiriksen kukkaiset nuotit kietoutuvat amberiin ja myskiin, muistuttaen pehme\u00e4st\u00e4 ja [&hellip;]<\/p>\n","protected":false},"featured_media":133515,"comment_status":"open","ping_status":"closed","template":"","meta":{"_trash_the_other_posts":false},"product_brand":[],"product_cat":[999,706,735],"product_tag":[2714],"berocket_brand":[1116],"class_list":{"0":"post-133540","1":"product","2":"type-product","3":"status-publish","4":"has-post-thumbnail","6":"product_cat-kampanjatarjous-naiselle","7":"product_cat-naisten-eau-de-parfum","8":"product_cat-kampanjamme","9":"product_tag-clean-classic-soft-laundry-edp","10":"pa_brand-clean","11":"pa_variantti-60ml","12":"berocket_brand-clean","14":"first","15":"instock","16":"sale","17":"taxable","18":"shipping-taxable","19":"purchasable","20":"product-type-simple"},"_links":{"self":[{"href":"https:\/\/stylingagenten.com\/fi\/wp-json\/wp\/v2\/product\/133540","targetHints":{"allow":["GET"]}}],"collection":[{"href":"https:\/\/stylingagenten.com\/fi\/wp-json\/wp\/v2\/product"}],"about":[{"href":"https:\/\/stylingagenten.com\/fi\/wp-json\/wp\/v2\/types\/product"}],"replies":[{"embeddable":true,"href":"https:\/\/stylingagenten.com\/fi\/wp-json\/wp\/v2\/comments?post=133540"}],"version-history":[{"count":0,"href":"https:\/\/stylingagenten.com\/fi\/wp-json\/wp\/v2\/product\/133540\/revisions"}],"wp:featuredmedia":[{"embeddable":true,"href":"https:\/\/stylingagenten.com\/fi\/wp-json\/wp\/v2\/media\/133515"}],"wp:attachment":[{"href":"https:\/\/stylingagenten.com\/fi\/wp-json\/wp\/v2\/media?parent=133540"}],"wp:term":[{"taxonomy":"product_brand","embeddable":true,"href":"https:\/\/stylingagenten.com\/fi\/wp-json\/wp\/v2\/product_brand?post=133540"},{"taxonomy":"product_cat","embeddable":true,"href":"https:\/\/stylingagenten.com\/fi\/wp-json\/wp\/v2\/product_cat?post=133540"},{"taxonomy":"product_tag","embeddable":true,"href":"https:\/\/stylingagenten.com\/fi\/wp-json\/wp\/v2\/product_tag?post=133540"},{"taxonomy":"berocket_brand","embeddable":true,"href":"https:\/\/stylingagenten.com\/fi\/wp-json\/wp\/v2\/berocket_brand?post=133540"}],"curies":[{"name":"wp","href":"https:\/\/api.w.org\/{rel}","templated":true}]}}