{"id":133532,"date":"2025-05-18T22:35:28","date_gmt":"2025-05-18T22:35:28","guid":{"rendered":"https:\/\/staging2.stylingagenten.com\/fi\/produkt\/escada-chiffon-sorbet-edt-100ml\/"},"modified":"2026-04-06T19:58:42","modified_gmt":"2026-04-06T19:58:42","slug":"escada-chiffon-sorbet-edt-100ml","status":"publish","type":"product","link":"https:\/\/stylingagenten.com\/fi\/tuote\/escada-chiffon-sorbet-edt-100ml\/","title":{"rendered":"Escada Chiffon Sorbet Edt 100ml"},"content":{"rendered":"<p>Koe juhla Escadan uusimmalla kes\u00e4versiolla, Chiffon Sorbet Eau de Toilette. T\u00e4m\u00e4 Escadan tuoksu on kunnianosoitus auringolle, merelle ja kes\u00e4tuulelle, ja se kutsuu sinut nauttimaan ensimm\u00e4isen kes\u00e4tuoksun viettelev\u00e4st\u00e4 aurasta, joka on nyt saatavilla raikkaana 2024-versiona. T\u00e4m\u00e4 makea ja j\u00e4nnitt\u00e4v\u00e4 Escadan kes\u00e4parfyymi on kutsu tuntemattomiin maailmoihin ja kehittyy kuin elinvoimainen puutarha, jonka k\u00e4rkinuotteina ovat auringon suutelema mustaherukka, joka puhkeaa hedelm\u00e4iseksi sinfoniaksi. Syd\u00e4nnuotti paljastaa tuoksuvien ruusujen olemuksen, joka harmonisoituu pehme\u00e4sti orgaanisen jasmiinin kanssa, j\u00e4tt\u00e4en j\u00e4lkeens\u00e4 kukkaistuoksujen kimaran. Tuloksena on uusi tulkinta naisellisuudesta, joka on saanut inspiraationsa alkuper\u00e4isest\u00e4 Chiffon Sorbet -tuoksusta, mutta modernilla twistill\u00e4.<\/p>\n<p>K\u00e4rkinuotteja: Punainen omena, Mustaherukka, Vadelma, Mango<br \/>\n<br \/>Syd\u00e4nnuotteja: Jasmiini, Viikuna, Orkidea, Orvokki, Ruusu<br \/>\n<br \/>Pohjanuotteja: Myski, Setripuu, Santelipuu, Meripihka, Vanilja<\/p>\n<p>100ml<\/p>\n","protected":false},"excerpt":{"rendered":"<p>Koe juhla Escadan uusimmalla kes\u00e4versiolla, Chiffon Sorbet Eau de Toilette. T\u00e4m\u00e4 Escadan tuoksu on kunnianosoitus auringolle, merelle ja kes\u00e4tuulelle, ja se kutsuu sinut nauttimaan ensimm\u00e4isen kes\u00e4tuoksun viettelev\u00e4st\u00e4 aurasta, joka on nyt saatavilla raikkaana 2024-versiona. T\u00e4m\u00e4 makea ja j\u00e4nnitt\u00e4v\u00e4 Escadan kes\u00e4parfyymi on kutsu tuntemattomiin maailmoihin ja kehittyy kuin elinvoimainen puutarha, jonka k\u00e4rkinuotteina ovat auringon suutelema mustaherukka, [&hellip;]<\/p>\n","protected":false},"featured_media":133516,"comment_status":"open","ping_status":"closed","template":"","meta":{"_trash_the_other_posts":false},"product_brand":[],"product_cat":[999,707,735],"product_tag":[2882],"berocket_brand":[1306],"class_list":{"0":"post-133532","1":"product","2":"type-product","3":"status-publish","4":"has-post-thumbnail","6":"product_cat-kampanjatarjous-naiselle","7":"product_cat-naisten-eau-de-toilette","8":"product_cat-kampanjamme","9":"product_tag-escada-chiffon-sorbet-edt","10":"pa_brand-escada","11":"pa_variantti-100ml","12":"berocket_brand-escada","14":"first","15":"instock","16":"sale","17":"taxable","18":"shipping-taxable","19":"purchasable","20":"product-type-simple"},"_links":{"self":[{"href":"https:\/\/stylingagenten.com\/fi\/wp-json\/wp\/v2\/product\/133532","targetHints":{"allow":["GET"]}}],"collection":[{"href":"https:\/\/stylingagenten.com\/fi\/wp-json\/wp\/v2\/product"}],"about":[{"href":"https:\/\/stylingagenten.com\/fi\/wp-json\/wp\/v2\/types\/product"}],"replies":[{"embeddable":true,"href":"https:\/\/stylingagenten.com\/fi\/wp-json\/wp\/v2\/comments?post=133532"}],"version-history":[{"count":0,"href":"https:\/\/stylingagenten.com\/fi\/wp-json\/wp\/v2\/product\/133532\/revisions"}],"wp:featuredmedia":[{"embeddable":true,"href":"https:\/\/stylingagenten.com\/fi\/wp-json\/wp\/v2\/media\/133516"}],"wp:attachment":[{"href":"https:\/\/stylingagenten.com\/fi\/wp-json\/wp\/v2\/media?parent=133532"}],"wp:term":[{"taxonomy":"product_brand","embeddable":true,"href":"https:\/\/stylingagenten.com\/fi\/wp-json\/wp\/v2\/product_brand?post=133532"},{"taxonomy":"product_cat","embeddable":true,"href":"https:\/\/stylingagenten.com\/fi\/wp-json\/wp\/v2\/product_cat?post=133532"},{"taxonomy":"product_tag","embeddable":true,"href":"https:\/\/stylingagenten.com\/fi\/wp-json\/wp\/v2\/product_tag?post=133532"},{"taxonomy":"berocket_brand","embeddable":true,"href":"https:\/\/stylingagenten.com\/fi\/wp-json\/wp\/v2\/berocket_brand?post=133532"}],"curies":[{"name":"wp","href":"https:\/\/api.w.org\/{rel}","templated":true}]}}