{"id":133501,"date":"2025-05-18T22:35:23","date_gmt":"2025-05-18T22:35:23","guid":{"rendered":"https:\/\/staging2.stylingagenten.com\/fi\/produkt\/head-spark-edt-50ml\/"},"modified":"2026-04-08T15:29:16","modified_gmt":"2026-04-08T15:29:16","slug":"head-spark-edt-50ml","status":"publish","type":"product","link":"https:\/\/stylingagenten.com\/fi\/tuote\/head-spark-edt-50ml\/","title":{"rendered":"HEAD Spark Edt 50ml"},"content":{"rendered":"<p>Kukkainen ja hedelm\u00e4inen. Spark on iloinen tuoksu, joka ilmaisee hallitsevan rauhallisuutensa ja valoisuutensa kirkkailla bergamotin, greipin ja appelsiinin s\u00e4vyill\u00e4. Monimutkaiset kukkaistuoksut kehittyv\u00e4t ja muuttuvat mehukkaaksi hedelm\u00e4syd\u00e4meksi, joka koostuu ananaksesta, p\u00e4\u00e4ryn\u00e4st\u00e4 ja persikasta, ruusun ja liljakonvaljin l\u00e4sn\u00e4olon korostaessa femininist\u00e4 kosketusta. L\u00e4mpim\u00e4t puutyyppiset pohjatuoksut setripuusta ja santelipuusta makeutuvat sen j\u00e4lkeen voilla maustetulla vaniljalla ja myskill\u00e4.<\/p>\n<p>Yl\u00e4nuotit: Bergamotti, Greippi, Appelsiini<br \/>\n<br \/>Syd\u00e4nnuotit: Ananas, Persikka, P\u00e4\u00e4ryn\u00e4, Liljakonvalj, Ruusu<br \/>\n<br \/>Pohjanuotit: Setripuu, Santelipuu, Vanilja, Myskki<\/p>\n<p>50 ml<\/p>\n","protected":false},"excerpt":{"rendered":"<p>Kukkainen ja hedelm\u00e4inen. Spark on iloinen tuoksu, joka ilmaisee hallitsevan rauhallisuutensa ja valoisuutensa kirkkailla bergamotin, greipin ja appelsiinin s\u00e4vyill\u00e4. Monimutkaiset kukkaistuoksut kehittyv\u00e4t ja muuttuvat mehukkaaksi hedelm\u00e4syd\u00e4meksi, joka koostuu ananaksesta, p\u00e4\u00e4ryn\u00e4st\u00e4 ja persikasta, ruusun ja liljakonvaljin l\u00e4sn\u00e4olon korostaessa femininist\u00e4 kosketusta. L\u00e4mpim\u00e4t puutyyppiset pohjatuoksut setripuusta ja santelipuusta makeutuvat sen j\u00e4lkeen voilla maustetulla vaniljalla ja myskill\u00e4. Yl\u00e4nuotit: Bergamotti, [&hellip;]<\/p>\n","protected":false},"featured_media":133489,"comment_status":"open","ping_status":"closed","template":"","meta":{"_trash_the_other_posts":false},"product_brand":[],"product_cat":[999,707,735],"product_tag":[],"berocket_brand":[1416],"class_list":{"0":"post-133501","1":"product","2":"type-product","3":"status-publish","4":"has-post-thumbnail","6":"product_cat-kampanjatarjous-naiselle","7":"product_cat-naisten-eau-de-toilette","8":"product_cat-kampanjamme","9":"pa_brand-head","10":"berocket_brand-head","12":"first","13":"instock","14":"sale","15":"taxable","16":"shipping-taxable","17":"purchasable","18":"product-type-simple"},"_links":{"self":[{"href":"https:\/\/stylingagenten.com\/fi\/wp-json\/wp\/v2\/product\/133501","targetHints":{"allow":["GET"]}}],"collection":[{"href":"https:\/\/stylingagenten.com\/fi\/wp-json\/wp\/v2\/product"}],"about":[{"href":"https:\/\/stylingagenten.com\/fi\/wp-json\/wp\/v2\/types\/product"}],"replies":[{"embeddable":true,"href":"https:\/\/stylingagenten.com\/fi\/wp-json\/wp\/v2\/comments?post=133501"}],"version-history":[{"count":0,"href":"https:\/\/stylingagenten.com\/fi\/wp-json\/wp\/v2\/product\/133501\/revisions"}],"wp:featuredmedia":[{"embeddable":true,"href":"https:\/\/stylingagenten.com\/fi\/wp-json\/wp\/v2\/media\/133489"}],"wp:attachment":[{"href":"https:\/\/stylingagenten.com\/fi\/wp-json\/wp\/v2\/media?parent=133501"}],"wp:term":[{"taxonomy":"product_brand","embeddable":true,"href":"https:\/\/stylingagenten.com\/fi\/wp-json\/wp\/v2\/product_brand?post=133501"},{"taxonomy":"product_cat","embeddable":true,"href":"https:\/\/stylingagenten.com\/fi\/wp-json\/wp\/v2\/product_cat?post=133501"},{"taxonomy":"product_tag","embeddable":true,"href":"https:\/\/stylingagenten.com\/fi\/wp-json\/wp\/v2\/product_tag?post=133501"},{"taxonomy":"berocket_brand","embeddable":true,"href":"https:\/\/stylingagenten.com\/fi\/wp-json\/wp\/v2\/berocket_brand?post=133501"}],"curies":[{"name":"wp","href":"https:\/\/api.w.org\/{rel}","templated":true}]}}